{"id":153010,"date":"2026-03-26T21:37:55","date_gmt":"2026-03-26T21:37:55","guid":{"rendered":"https:\/\/www.luxuryvillasibiza.net\/luxury-rental-ibiza\/"},"modified":"2026-04-03T09:03:12","modified_gmt":"2026-04-03T09:03:12","slug":"luxusvillen-ibiza-mieten","status":"publish","type":"page","link":"https:\/\/www.luxuryvillasibiza.net\/de\/luxusvillen-ibiza-mieten\/","title":{"rendered":"luxusvillen auf Ibiza mieten"},"content":{"rendered":"<p>Suchen Sie eine Luxusvilla auf Ibiza mieten? Die Insel hat sich zu einem der beliebtesten Reiseziele in Europa entwickelt, f\u00fcr Reisende die Privatsph\u00e4re, Design und hohen Komfort suchen. Ibiza bietet eine seltene Kombination aus Natursch\u00f6nheit, exklusiven Unterk\u00fcnften und einem Lebensstil, der Besucher aus aller Welt anzieht. Von den kristallklaren Gew\u00e4ssern an der Ostk\u00fcste bis zu den atemberaubenden Sonnenunterg\u00e4ngen im Westen: die Insel hat f\u00fcr jeden etwas zu bieten.<\/p>\n<p>Eine Villa auf Ibiza mieten ist die perfekte Art, die Insel zu erleben. Anstatt sich an die Routine eines Hotels anzupassen, bestimmen Sie selbst, wann Sie fr\u00fchst\u00fccken, zu Mittag essen oder dinieren. Sie haben den ganzen Tag die Freiheit zu tun, was Sie m\u00f6chten, ohne auf jemanden warten zu m\u00fcssen. Viele unserer Luxusvillen werden von engagiertem Personal begleitet, von privaten K\u00f6chen bis zu Wellness Therapeuten, damit jedes Detail Ihres Aufenthalts perfekt organisiert ist.<\/p>\n<h2>Die Freiheit einer Privaten Villa<\/h2>\n<p>Anstatt sich an die Abl\u00e4ufe eines Hotels anzupassen, bestimmen Sie Ihr eigenes Tempo. Die Morgen beginnen ruhig mit einer Tasse Kaffee auf Ihrer privaten Terrasse, die Nachmittage verbringen Sie am Meer oder an Ihrem eigenen Pool, und die Abende entfalten sich mit spektakul\u00e4rem Blick auf die K\u00fcste oder die ruhige Landschaft. Von modernen Villen mit Panoramablick aufs Meer bis zu traditionellen Fincas in ruhiger Umgebung: Ibiza bietet eine gro\u00dfe Auswahl an Luxusimmobilien f\u00fcr jeden Geschmack. Ob Sie eine besondere Feier mit Freunden planen oder einen ruhigen Familienurlaub, eine perfekte Villa wartet auf Sie. Entdecken Sie auch unseren <a href=\"https:\/\/www.luxuryvillasibiza.net\/de\/guide\/luxusvilla-zu-vermieten-auf-ibiza-2026\/\">Ratgeber \u00fcber Luxusvillen auf Ibiza<\/a> f\u00fcr weitere Inspiration.<\/p>\n","protected":false},"excerpt":{"rendered":"<p>Suchen Sie eine Luxusvilla auf Ibiza mieten? Die Insel hat sich zu einem der beliebtesten Reiseziele in Europa entwickelt, f\u00fcr Reisende die Privatsph\u00e4re, Design und hohen Komfort suchen. Ibiza bietet eine seltene Kombination aus Natursch\u00f6nheit, exklusiven Unterk\u00fcnften und einem Lebensstil, der Besucher aus aller Welt anzieht. Von den kristallklaren Gew\u00e4ssern an der Ostk\u00fcste bis zu &hellip; <a href=\"https:\/\/www.luxuryvillasibiza.net\/de\/luxusvillen-ibiza-mieten\/\" class=\"more-link\">Continue reading<span class=\"screen-reader-text\"> &#8222;luxusvillen auf Ibiza mieten&#8220;<\/span><\/a><\/p>\n","protected":false},"author":1,"featured_media":153054,"parent":0,"menu_order":0,"comment_status":"closed","ping_status":"closed","template":"page-rental.php","meta":{"_acf_changed":false,"footnotes":""},"class_list":["post-153010","page","type-page","status-publish","has-post-thumbnail","hentry"],"acf":[],"_links":{"self":[{"href":"https:\/\/www.luxuryvillasibiza.net\/de\/wp-json\/wp\/v2\/pages\/153010","targetHints":{"allow":["GET"]}}],"collection":[{"href":"https:\/\/www.luxuryvillasibiza.net\/de\/wp-json\/wp\/v2\/pages"}],"about":[{"href":"https:\/\/www.luxuryvillasibiza.net\/de\/wp-json\/wp\/v2\/types\/page"}],"author":[{"embeddable":true,"href":"https:\/\/www.luxuryvillasibiza.net\/de\/wp-json\/wp\/v2\/users\/1"}],"replies":[{"embeddable":true,"href":"https:\/\/www.luxuryvillasibiza.net\/de\/wp-json\/wp\/v2\/comments?post=153010"}],"version-history":[{"count":15,"href":"https:\/\/www.luxuryvillasibiza.net\/de\/wp-json\/wp\/v2\/pages\/153010\/revisions"}],"predecessor-version":[{"id":156437,"href":"https:\/\/www.luxuryvillasibiza.net\/de\/wp-json\/wp\/v2\/pages\/153010\/revisions\/156437"}],"wp:featuredmedia":[{"embeddable":true,"href":"https:\/\/www.luxuryvillasibiza.net\/de\/wp-json\/wp\/v2\/media\/153054"}],"wp:attachment":[{"href":"https:\/\/www.luxuryvillasibiza.net\/de\/wp-json\/wp\/v2\/media?parent=153010"}],"curies":[{"name":"wp","href":"https:\/\/api.w.org\/{rel}","templated":true}]}}