{"id":46454,"date":"2023-11-27T18:13:17","date_gmt":"2023-11-27T18:13:17","guid":{"rendered":"https:\/\/www.cwibiza.com\/about-cw-group\/"},"modified":"2025-08-30T03:17:10","modified_gmt":"2025-08-30T03:17:10","slug":"ueber-die-cw-group","status":"publish","type":"page","link":"https:\/\/www.luxuryvillasibiza.net\/de\/ueber-die-cw-group\/","title":{"rendered":"\u00dcber die CW Immobilien Ibiza"},"content":{"rendered":"<p data-start=\"214\" data-end=\"477\"><strong data-start=\"273\" data-end=\"285\">CW Immobilien Ibiza<\/strong> ist eine angesehene Immobilienagentur mit langj\u00e4hriger Erfahrung und einem engagierten internationalen Kundenstamm. Unser Ruf auf dem Immobilienmarkt von Ibiza basiert auf Vertrauen, Integrit\u00e4t und fundierter Fachkompetenz \u2013 insbesondere im Bereich<a href=\"https:\/\/www.luxuryvillasibiza.net\/de\/\"> <strong>Immobilien\u00a0Ibiza<\/strong>.<\/a><br data-start=\"559\" data-end=\"562\" \/>Neben exklusiven Villen bieten wir auch eine sorgf\u00e4ltig ausgew\u00e4hlte Auswahl an <strong><a href=\"https:\/\/www.luxuryvillasibiza.net\/de\/property\/wohnung-kaufen-ibiza\/\">Wohnungen<\/a>, <a href=\"https:\/\/www.luxuryvillasibiza.net\/de\/property\/grundstueck-kaufen-ibiza\/\">Grundst\u00fccken<\/a> und <a href=\"https:\/\/www.luxuryvillasibiza.net\/de\/property\/haus-kaufen-ibiza\/\">H\u00e4usern zum Kauf auf Ibiza<\/a><\/strong> an.<\/p>\n<p data-start=\"720\" data-end=\"860\">Wir setzen uns daf\u00fcr ein, K\u00e4ufern und Verk\u00e4ufern einen erstklassigen Service zu bieten \u2013 mit Zuverl\u00e4ssigkeit in jedem Schritt des Prozesses.<\/p>\n<p data-start=\"862\" data-end=\"1206\">Um selbst h\u00f6chsten Anspr\u00fcchen gerecht zu werden, arbeitet unser Team mit modernsten Tools, tiefgreifender Marktkenntnis und einem konsequenten Streben nach Exzellenz.<br data-start=\"1028\" data-end=\"1031\" \/>Bei <strong data-start=\"1035\" data-end=\"1047\">CW Immobilien Ibiza<\/strong> sind wir stolz auf unsere Arbeit und entwickeln uns kontinuierlich weiter \u2013 durch Innovation, Engagement und Anpassung an die dynamische Immobilienlandschaft.<\/p>\n<p data-start=\"1208\" data-end=\"1446\">Unser internationales Team besteht aus mehr als 10 Fachkr\u00e4ften aus 5 verschiedenen L\u00e4ndern, darunter 10 engagierte Vertriebsmitarbeiter.<br data-start=\"1344\" data-end=\"1347\" \/>Gemeinsam verfolgen wir ein zentrales Ziel: <strong data-start=\"1391\" data-end=\"1445\">Kundenzufriedenheit und uneingeschr\u00e4nkte Loyalit\u00e4t<\/strong>.<\/p>\n","protected":false},"excerpt":{"rendered":"<p>CW Immobilien Ibiza ist eine angesehene Immobilienagentur mit langj\u00e4hriger Erfahrung und einem engagierten internationalen Kundenstamm. Unser Ruf auf dem Immobilienmarkt von Ibiza basiert auf Vertrauen, Integrit\u00e4t und fundierter Fachkompetenz \u2013 insbesondere im Bereich Immobilien\u00a0Ibiza.Neben exklusiven Villen bieten wir auch eine sorgf\u00e4ltig ausgew\u00e4hlte Auswahl an Wohnungen, Grundst\u00fccken und H\u00e4usern zum Kauf auf Ibiza an. Wir setzen &hellip; <a href=\"https:\/\/www.luxuryvillasibiza.net\/de\/ueber-die-cw-group\/\" class=\"more-link\">Continue reading<span class=\"screen-reader-text\"> &#8222;\u00dcber die CW Immobilien Ibiza&#8220;<\/span><\/a><\/p>\n","protected":false},"author":1,"featured_media":13744,"parent":0,"menu_order":0,"comment_status":"closed","ping_status":"closed","template":"post-about.php","meta":{"_acf_changed":false,"footnotes":""},"class_list":["post-46454","page","type-page","status-publish","has-post-thumbnail","hentry"],"acf":[],"_links":{"self":[{"href":"https:\/\/www.luxuryvillasibiza.net\/de\/wp-json\/wp\/v2\/pages\/46454","targetHints":{"allow":["GET"]}}],"collection":[{"href":"https:\/\/www.luxuryvillasibiza.net\/de\/wp-json\/wp\/v2\/pages"}],"about":[{"href":"https:\/\/www.luxuryvillasibiza.net\/de\/wp-json\/wp\/v2\/types\/page"}],"author":[{"embeddable":true,"href":"https:\/\/www.luxuryvillasibiza.net\/de\/wp-json\/wp\/v2\/users\/1"}],"replies":[{"embeddable":true,"href":"https:\/\/www.luxuryvillasibiza.net\/de\/wp-json\/wp\/v2\/comments?post=46454"}],"version-history":[{"count":9,"href":"https:\/\/www.luxuryvillasibiza.net\/de\/wp-json\/wp\/v2\/pages\/46454\/revisions"}],"predecessor-version":[{"id":131775,"href":"https:\/\/www.luxuryvillasibiza.net\/de\/wp-json\/wp\/v2\/pages\/46454\/revisions\/131775"}],"wp:featuredmedia":[{"embeddable":true,"href":"https:\/\/www.luxuryvillasibiza.net\/de\/wp-json\/wp\/v2\/media\/13744"}],"wp:attachment":[{"href":"https:\/\/www.luxuryvillasibiza.net\/de\/wp-json\/wp\/v2\/media?parent=46454"}],"curies":[{"name":"wp","href":"https:\/\/api.w.org\/{rel}","templated":true}]}}