{"id":46460,"date":"2024-02-02T04:26:20","date_gmt":"2024-02-02T04:26:20","guid":{"rendered":"https:\/\/www.cwibiza.com\/ueber-die-cw-group\/team\/"},"modified":"2025-09-18T04:34:49","modified_gmt":"2025-09-18T04:34:49","slug":"team","status":"publish","type":"page","link":"https:\/\/www.luxuryvillasibiza.net\/de\/ueber-die-cw-group\/team\/","title":{"rendered":"CW Immobilien Ibiza &#8211; \u00dcber unser exzellentes Team"},"content":{"rendered":"<p>Das Team der CW <a rel=\"noopener noreferrer\" href=\"https:\/\/www.luxuryvillasibiza.net\/de\">Immobilien Ibiza<\/a> verk\u00f6rpert das Zitat von Steve Jobs: &#8222;Gro\u00dfe Dinge in der Wirtschaft werden nie von einer Person, sondern von einem Team von Menschen gemacht.&#8220; Unser Kern besteht aus einem dynamischen Ensemble von mehr als acht herausragenden Fachleuten, von denen jeder eine einzigartige Kombination aus Fachwissen und Kreativit\u00e4t besitzt. Diese Experten sind nicht nur versierte Fachleute in ihren jeweiligen Bereichen des Immobilienmarktes, sondern sie teilen auch die Leidenschaft, in jeder Hinsicht Spitzenleistungen zu erbringen. Mit Hingabe, Geschick und einem unerm\u00fcdlichen Streben nach Perfektion sorgen sie daf\u00fcr, dass jede Transaktion und Beratung mit h\u00f6chster Professionalit\u00e4t und Eleganz durchgef\u00fchrt wird, denn das Wohl unserer Kunden steht an erster Stelle.<\/p>\n<p>Unsere Immobilienspezialisten sind bestens vorbereitet, um jede Herausforderung \u2013 unabh\u00e4ngig von ihrem Umfang \u2013 mit einer probleml\u00f6senden Denkweise und einem Geist der Zusammenarbeit anzugehen. Es ist uns eine Ehre und ein Privileg, die dynamischen Pers\u00f6nlichkeiten vorzustellen, die das R\u00fcckgrat unseres Teams bilden.<\/p>\n<p>Zus\u00e4tzlich zu unserem Fachwissen in der Immobilienbranche, ist unser Team durch die F\u00e4higkeit, insgesamt acht Sprachen flie\u00dfend zu sprechen, in der Lage, eine breite Palette von Kunden aus verschiedenen Kulturen zu bedienen. Diese sprachliche Vielfalt erleichtert nicht nur die Kommunikation, sondern spiegelt auch unsere globale Denkweise wieder und bereichert die Erfahrung, die wir unseren Kunden bieten. Die CW Immobilien Ibiza ist somit perfekt positioniert, um individuelle L\u00f6sungen auf dem Immobilienmarkt anzubieten und die Tr\u00e4ume unserer Kunden auf Ibiza Wirklichkeit werden zu lassen.<\/p>\n<h2>Das Exzellente Team der CW Immobilien Ibiza<\/h2>\n","protected":false},"excerpt":{"rendered":"<p>Das Team der CW Immobilien Ibiza verk\u00f6rpert das Zitat von Steve Jobs: &#8222;Gro\u00dfe Dinge in der Wirtschaft werden nie von einer Person, sondern von einem Team von Menschen gemacht.&#8220; Unser Kern besteht aus einem dynamischen Ensemble von mehr als acht herausragenden Fachleuten, von denen jeder eine einzigartige Kombination aus Fachwissen und Kreativit\u00e4t besitzt. Diese Experten &hellip; <a href=\"https:\/\/www.luxuryvillasibiza.net\/de\/ueber-die-cw-group\/team\/\" class=\"more-link\">Continue reading<span class=\"screen-reader-text\"> &#8222;CW Immobilien Ibiza &#8211; \u00dcber unser exzellentes Team&#8220;<\/span><\/a><\/p>\n","protected":false},"author":1,"featured_media":8614,"parent":46454,"menu_order":0,"comment_status":"closed","ping_status":"closed","template":"page-team.php","meta":{"_acf_changed":false,"footnotes":""},"class_list":["post-46460","page","type-page","status-publish","has-post-thumbnail","hentry"],"acf":[],"_links":{"self":[{"href":"https:\/\/www.luxuryvillasibiza.net\/de\/wp-json\/wp\/v2\/pages\/46460","targetHints":{"allow":["GET"]}}],"collection":[{"href":"https:\/\/www.luxuryvillasibiza.net\/de\/wp-json\/wp\/v2\/pages"}],"about":[{"href":"https:\/\/www.luxuryvillasibiza.net\/de\/wp-json\/wp\/v2\/types\/page"}],"author":[{"embeddable":true,"href":"https:\/\/www.luxuryvillasibiza.net\/de\/wp-json\/wp\/v2\/users\/1"}],"replies":[{"embeddable":true,"href":"https:\/\/www.luxuryvillasibiza.net\/de\/wp-json\/wp\/v2\/comments?post=46460"}],"version-history":[{"count":7,"href":"https:\/\/www.luxuryvillasibiza.net\/de\/wp-json\/wp\/v2\/pages\/46460\/revisions"}],"predecessor-version":[{"id":47237,"href":"https:\/\/www.luxuryvillasibiza.net\/de\/wp-json\/wp\/v2\/pages\/46460\/revisions\/47237"}],"up":[{"embeddable":true,"href":"https:\/\/www.luxuryvillasibiza.net\/de\/wp-json\/wp\/v2\/pages\/46454"}],"wp:featuredmedia":[{"embeddable":true,"href":"https:\/\/www.luxuryvillasibiza.net\/de\/wp-json\/wp\/v2\/media\/8614"}],"wp:attachment":[{"href":"https:\/\/www.luxuryvillasibiza.net\/de\/wp-json\/wp\/v2\/media?parent=46460"}],"curies":[{"name":"wp","href":"https:\/\/api.w.org\/{rel}","templated":true}]}}