{"id":46465,"date":"2023-11-27T18:13:01","date_gmt":"2023-11-27T18:13:01","guid":{"rendered":"https:\/\/www.cwibiza.com\/contact-us\/"},"modified":"2025-11-14T09:06:58","modified_gmt":"2025-11-14T09:06:58","slug":"kontakt","status":"publish","type":"page","link":"https:\/\/www.luxuryvillasibiza.net\/de\/kontakt\/","title":{"rendered":"Kontakt zur CW Immobilien Ibiza"},"content":{"rendered":"<h3>Vielen Dank f\u00fcr Ihre Anfrage!<\/h3>\n<p>Wir freuen uns sehr \u00fcber Ihr Interesse an CW Real Estate Ibiza und unseren exklusiven Immobilienangeboten.<\/p>\n<p>Bitte beachten Sie, dass wir neben den online gelisteten Objekten auch \u00fcber zahlreiche diskrete, nicht \u00f6ffentlich angebotene <strong>(off-market)<\/strong> Immobilien verf\u00fcgen. Gerne stellen wir Ihnen passende Optionen pers\u00f6nlich vor.<\/p>\n<p>Wenn Sie uns mitteilen, welche Art von Immobilie oder Lage Sie bevorzugen, kann sich einer unserer erfahrenen Makler gezielt um Ihr Anliegen k\u00fcmmern.<br \/>\nWir melden uns so schnell wie m\u00f6glich bei Ihnen, um Ihre W\u00fcnsche im Detail zu besprechen.<\/p>\n<p>CW Real Estate Ibiza \u2013 Ihr Partner f\u00fcr au\u00dfergew\u00f6hnliche Immobilien auf Ibiza.<\/p>\n","protected":false},"excerpt":{"rendered":"<p>Vielen Dank f\u00fcr Ihre Anfrage! Wir freuen uns sehr \u00fcber Ihr Interesse an CW Real Estate Ibiza und unseren exklusiven Immobilienangeboten. Bitte beachten Sie, dass wir neben den online gelisteten Objekten auch \u00fcber zahlreiche diskrete, nicht \u00f6ffentlich angebotene (off-market) Immobilien verf\u00fcgen. Gerne stellen wir Ihnen passende Optionen pers\u00f6nlich vor. Wenn Sie uns mitteilen, welche Art &hellip; <a href=\"https:\/\/www.luxuryvillasibiza.net\/de\/kontakt\/\" class=\"more-link\">Continue reading<span class=\"screen-reader-text\"> &#8222;Kontakt zur CW Immobilien Ibiza&#8220;<\/span><\/a><\/p>\n","protected":false},"author":1,"featured_media":0,"parent":0,"menu_order":0,"comment_status":"closed","ping_status":"closed","template":"page-contact.php","meta":{"_acf_changed":false,"footnotes":""},"class_list":["post-46465","page","type-page","status-publish","hentry"],"acf":[],"_links":{"self":[{"href":"https:\/\/www.luxuryvillasibiza.net\/de\/wp-json\/wp\/v2\/pages\/46465","targetHints":{"allow":["GET"]}}],"collection":[{"href":"https:\/\/www.luxuryvillasibiza.net\/de\/wp-json\/wp\/v2\/pages"}],"about":[{"href":"https:\/\/www.luxuryvillasibiza.net\/de\/wp-json\/wp\/v2\/types\/page"}],"author":[{"embeddable":true,"href":"https:\/\/www.luxuryvillasibiza.net\/de\/wp-json\/wp\/v2\/users\/1"}],"replies":[{"embeddable":true,"href":"https:\/\/www.luxuryvillasibiza.net\/de\/wp-json\/wp\/v2\/comments?post=46465"}],"version-history":[{"count":4,"href":"https:\/\/www.luxuryvillasibiza.net\/de\/wp-json\/wp\/v2\/pages\/46465\/revisions"}],"predecessor-version":[{"id":145503,"href":"https:\/\/www.luxuryvillasibiza.net\/de\/wp-json\/wp\/v2\/pages\/46465\/revisions\/145503"}],"wp:attachment":[{"href":"https:\/\/www.luxuryvillasibiza.net\/de\/wp-json\/wp\/v2\/media?parent=46465"}],"curies":[{"name":"wp","href":"https:\/\/api.w.org\/{rel}","templated":true}]}}