{"id":46469,"date":"2023-11-27T18:12:49","date_gmt":"2023-11-27T18:12:49","guid":{"rendered":"https:\/\/www.cwibiza.com\/blogs\/"},"modified":"2025-08-30T04:01:21","modified_gmt":"2025-08-30T04:01:21","slug":"blogs","status":"publish","type":"page","link":"https:\/\/www.luxuryvillasibiza.net\/de\/blogs\/","title":{"rendered":"Blogs"},"content":{"rendered":"<h2>Aktuelle Einblicke in Immobilien &amp; Lifestyle auf Ibiza<\/h2>\n<p>In unserem Ibiza Immobilien- und Lifestyle-Blog finden Sie die neuesten Nachrichten und Trends vom exklusiven Immobilienmarkt der Insel. Ob Sie auf der Suche nach einer luxuri\u00f6sen Villa, einer modernen Wohnung oder nach fundierten Investitionstipps sind \u2013 wir liefern Ihnen wertvolle Informationen rund um den Immobilienkauf auf Ibiza.<\/p>\n<p>Doch nicht nur Immobilien stehen im Fokus. Unsere Artikel zeigen Ihnen auch die besonderen Seiten des Lebens auf Ibiza \u2013 von kulinarischen Erlebnissen \u00fcber Kultur und Events bis hin zu den sch\u00f6nsten Str\u00e4nden. Mit unseren Beitr\u00e4gen bleiben Sie bestens informiert und erhalten spannende Einblicke in das Leben und Wohnen auf Ibiza.<\/p>\n","protected":false},"excerpt":{"rendered":"<p>Aktuelle Einblicke in Immobilien &amp; Lifestyle auf Ibiza In unserem Ibiza Immobilien- und Lifestyle-Blog finden Sie die neuesten Nachrichten und Trends vom exklusiven Immobilienmarkt der Insel. Ob Sie auf der Suche nach einer luxuri\u00f6sen Villa, einer modernen Wohnung oder nach fundierten Investitionstipps sind \u2013 wir liefern Ihnen wertvolle Informationen rund um den Immobilienkauf auf Ibiza. &hellip; <a href=\"https:\/\/www.luxuryvillasibiza.net\/de\/blogs\/\" class=\"more-link\">Continue reading<span class=\"screen-reader-text\"> &#8222;Blogs&#8220;<\/span><\/a><\/p>\n","protected":false},"author":1,"featured_media":0,"parent":0,"menu_order":0,"comment_status":"closed","ping_status":"closed","template":"page-blog.php","meta":{"_acf_changed":false,"footnotes":""},"class_list":["post-46469","page","type-page","status-publish","hentry"],"acf":[],"_links":{"self":[{"href":"https:\/\/www.luxuryvillasibiza.net\/de\/wp-json\/wp\/v2\/pages\/46469","targetHints":{"allow":["GET"]}}],"collection":[{"href":"https:\/\/www.luxuryvillasibiza.net\/de\/wp-json\/wp\/v2\/pages"}],"about":[{"href":"https:\/\/www.luxuryvillasibiza.net\/de\/wp-json\/wp\/v2\/types\/page"}],"author":[{"embeddable":true,"href":"https:\/\/www.luxuryvillasibiza.net\/de\/wp-json\/wp\/v2\/users\/1"}],"replies":[{"embeddable":true,"href":"https:\/\/www.luxuryvillasibiza.net\/de\/wp-json\/wp\/v2\/comments?post=46469"}],"version-history":[{"count":4,"href":"https:\/\/www.luxuryvillasibiza.net\/de\/wp-json\/wp\/v2\/pages\/46469\/revisions"}],"predecessor-version":[{"id":133629,"href":"https:\/\/www.luxuryvillasibiza.net\/de\/wp-json\/wp\/v2\/pages\/46469\/revisions\/133629"}],"wp:attachment":[{"href":"https:\/\/www.luxuryvillasibiza.net\/de\/wp-json\/wp\/v2\/media?parent=46469"}],"curies":[{"name":"wp","href":"https:\/\/api.w.org\/{rel}","templated":true}]}}