{"id":49909,"date":"2023-12-11T22:23:45","date_gmt":"2023-12-11T22:23:45","guid":{"rendered":"https:\/\/www.cwibiza.com\/imprint\/"},"modified":"2025-09-08T14:45:44","modified_gmt":"2025-09-08T14:45:44","slug":"impressum","status":"publish","type":"page","link":"https:\/\/www.luxuryvillasibiza.net\/de\/impressum\/","title":{"rendered":"Impressum"},"content":{"rendered":"<p>Der Dienst www.luxuryvillasibiza.net\/de wird von folgenden Stellen angeboten:<\/p>\n<h2>CW Europe Group Marbella S.L<\/h2>\n<p><b>Anagrama Commercial &#8211; Adresse<\/b><br \/>\nCarretra de Jesus, numero 101,<br \/>\nplanta baja, puerta 5,<br \/>\nNuestra Senora de Jesus 07819,<br \/>\nSanta\u00a0Eulalia,\u00a0Ibiza<\/p>\n<p>Steueridentifikationsnummer B93249878<\/p>\n<p>Tel: +34 692807756<br \/>\nFax: +34 871030774<br \/>\nE-Mail: info@cw-ibiza.de<\/p>\n<p>Gesch\u00e4ftsf\u00fchrende Direktoren: Christian Wolf &amp; Nicole Wolf<\/p>\n<p>www.luxuryvillasibiza.net: ist eine Plattform, auf der sowohl die Franchisenehmer der CW Europe Group Marbella S.L. als auch die CW Europe Group Marbella S.L. selbst Immobilien und Yachten anbieten und der \u00d6ffentlichkeit zug\u00e4nglich machen k\u00f6nnen.<\/p>\n<p>Haftung nach \u00a7 18 Abs. 2 MStV f\u00fcr etwaige redaktionelle Inhalte auf www.luxuryvillasibiza.net:<br \/>\nChristian Wolf X14393400X<\/p>\n<h2>Verbraucherinformationen zur alternativen Streitbeilegung<\/h2>\n<p>(Art. 14 (1) ODR-VO und \u00a7 36 VSBG)<\/p>\n<p>Die Internetplattform der Europ\u00e4ischen Union f\u00fcr die Online-Streitbeilegung (die so genannte &#8222;OS-Plattform&#8220;) ist \u00fcber den folgenden Link zug\u00e4nglich.<\/p>\n<p>https:\/\/ec.europa.eu\/consumers\/odr<br \/>\nWir nehmen nicht an Streitbeilegungsverfahren vor Verbraucherschlichtungsstellen teil.<br \/>\nE-Mail: info@cw-ibiza.de<\/p>\n","protected":false},"excerpt":{"rendered":"<p>Der Dienst www.luxuryvillasibiza.net\/de wird von folgenden Stellen angeboten: CW Europe Group Marbella S.L Anagrama Commercial &#8211; Adresse Carretra de Jesus, numero 101, planta baja, puerta 5, Nuestra Senora de Jesus 07819, Santa\u00a0Eulalia,\u00a0Ibiza Steueridentifikationsnummer B93249878 Tel: +34 692807756 Fax: +34 871030774 E-Mail: info@cw-ibiza.de Gesch\u00e4ftsf\u00fchrende Direktoren: Christian Wolf &amp; Nicole Wolf www.luxuryvillasibiza.net: ist eine Plattform, auf der &hellip; <a href=\"https:\/\/www.luxuryvillasibiza.net\/de\/impressum\/\" class=\"more-link\">Continue reading<span class=\"screen-reader-text\"> &#8222;Impressum&#8220;<\/span><\/a><\/p>\n","protected":false},"author":1,"featured_media":0,"parent":0,"menu_order":0,"comment_status":"closed","ping_status":"closed","template":"","meta":{"_acf_changed":false,"footnotes":""},"class_list":["post-49909","page","type-page","status-publish","hentry"],"acf":[],"yoast_head":"<!-- This site is optimized with the Yoast SEO Premium plugin v27.3 (Yoast SEO v27.3) - https:\/\/yoast.com\/product\/yoast-seo-premium-wordpress\/ -->\n<title>Impressum \u2013 luxuryvillasibiza.net - CW Immobilien Ibiza<\/title>\n<meta name=\"description\" content=\"Impressum von luxuryvillasibiza.net: Anbieterinformationen, Kontakt, rechtliche Hinweise und Verantwortliche gem\u00e4\u00df geltendem Recht.\" \/>\n<meta name=\"robots\" content=\"noindex, nofollow\" \/>\n<meta property=\"og:locale\" content=\"de_DE\" \/>\n<meta property=\"og:type\" content=\"article\" \/>\n<meta property=\"og:title\" content=\"Impressum\" \/>\n<meta property=\"og:description\" content=\"Impressum von luxuryvillasibiza.net: Anbieterinformationen, Kontakt, rechtliche Hinweise und Verantwortliche gem\u00e4\u00df geltendem Recht.\" \/>\n<meta property=\"og:url\" content=\"https:\/\/www.luxuryvillasibiza.net\/de\/impressum\/\" \/>\n<meta property=\"og:site_name\" content=\"CW Group\" \/>\n<meta property=\"article:publisher\" content=\"https:\/\/www.facebook.com\/cwrealestateibiza\/\" \/>\n<meta property=\"article:modified_time\" content=\"2025-09-08T14:45:44+00:00\" \/>\n<meta property=\"og:image\" content=\"https:\/\/www.luxuryvillasibiza.net\/wp-content\/uploads\/2024\/05\/logo-copy.jpg\" \/>\n\t<meta property=\"og:image:width\" content=\"500\" \/>\n\t<meta property=\"og:image:height\" content=\"500\" \/>\n\t<meta property=\"og:image:type\" content=\"image\/jpeg\" \/>\n<meta name=\"twitter:card\" content=\"summary_large_image\" \/>\n<meta name=\"twitter:site\" content=\"@cwgroupibiza\" \/>\n<meta name=\"twitter:label1\" content=\"Gesch\u00e4tzte Lesezeit\" \/>\n\t<meta name=\"twitter:data1\" content=\"1\u00a0Minute\" \/>\n<script type=\"application\/ld+json\" class=\"yoast-schema-graph\">{\"@context\":\"https:\\\/\\\/schema.org\",\"@graph\":[{\"@type\":\"WebPage\",\"@id\":\"https:\\\/\\\/www.luxuryvillasibiza.net\\\/de\\\/impressum\\\/\",\"url\":\"https:\\\/\\\/www.luxuryvillasibiza.net\\\/de\\\/impressum\\\/\",\"name\":\"Impressum \u2013 luxuryvillasibiza.net - CW Immobilien Ibiza\",\"isPartOf\":{\"@id\":\"https:\\\/\\\/www.luxuryvillasibiza.net\\\/de\\\/#website\"},\"datePublished\":\"2023-12-11T22:23:45+00:00\",\"dateModified\":\"2025-09-08T14:45:44+00:00\",\"description\":\"Impressum von luxuryvillasibiza.net: Anbieterinformationen, Kontakt, rechtliche Hinweise und Verantwortliche gem\u00e4\u00df geltendem Recht.\",\"breadcrumb\":{\"@id\":\"https:\\\/\\\/www.luxuryvillasibiza.net\\\/de\\\/impressum\\\/#breadcrumb\"},\"inLanguage\":\"de\",\"potentialAction\":[{\"@type\":\"ReadAction\",\"target\":[\"https:\\\/\\\/www.luxuryvillasibiza.net\\\/de\\\/impressum\\\/\"]}]},{\"@type\":\"BreadcrumbList\",\"@id\":\"https:\\\/\\\/www.luxuryvillasibiza.net\\\/de\\\/impressum\\\/#breadcrumb\",\"itemListElement\":[{\"@type\":\"ListItem\",\"position\":1,\"name\":\"Home\",\"item\":\"https:\\\/\\\/www.luxuryvillasibiza.net\\\/de\\\/sample-page\\\/\"},{\"@type\":\"ListItem\",\"position\":2,\"name\":\"Impressum\"}]},{\"@type\":\"WebSite\",\"@id\":\"https:\\\/\\\/www.luxuryvillasibiza.net\\\/de\\\/#website\",\"url\":\"https:\\\/\\\/www.luxuryvillasibiza.net\\\/de\\\/\",\"name\":\"CW Group - Real Estate Ibiza\",\"description\":\"Real Estate Ibiza\",\"publisher\":{\"@id\":\"https:\\\/\\\/www.luxuryvillasibiza.net\\\/de\\\/#organization\"},\"alternateName\":\"CW Group Ibiza\",\"potentialAction\":[{\"@type\":\"SearchAction\",\"target\":{\"@type\":\"EntryPoint\",\"urlTemplate\":\"https:\\\/\\\/www.luxuryvillasibiza.net\\\/de\\\/?s={search_term_string}\"},\"query-input\":{\"@type\":\"PropertyValueSpecification\",\"valueRequired\":true,\"valueName\":\"search_term_string\"}}],\"inLanguage\":\"de\"},{\"@type\":\"Organization\",\"@id\":\"https:\\\/\\\/www.luxuryvillasibiza.net\\\/de\\\/#organization\",\"name\":\"CW - Luxury Villas in Ibiza\",\"alternateName\":\"Ibiza Real Estate\",\"url\":\"https:\\\/\\\/www.luxuryvillasibiza.net\\\/de\\\/\",\"logo\":{\"@type\":\"ImageObject\",\"inLanguage\":\"de\",\"@id\":\"https:\\\/\\\/www.luxuryvillasibiza.net\\\/de\\\/#\\\/schema\\\/logo\\\/image\\\/\",\"url\":\"https:\\\/\\\/www.luxuryvillasibiza.net\\\/wp-content\\\/uploads\\\/2025\\\/01\\\/last-page.jpg\",\"contentUrl\":\"https:\\\/\\\/www.luxuryvillasibiza.net\\\/wp-content\\\/uploads\\\/2025\\\/01\\\/last-page.jpg\",\"width\":1200,\"height\":675,\"caption\":\"CW - Luxury Villas in Ibiza\"},\"image\":{\"@id\":\"https:\\\/\\\/www.luxuryvillasibiza.net\\\/de\\\/#\\\/schema\\\/logo\\\/image\\\/\"},\"sameAs\":[\"https:\\\/\\\/www.facebook.com\\\/cwrealestateibiza\\\/\",\"https:\\\/\\\/x.com\\\/cwgroupibiza\",\"https:\\\/\\\/www.youtube.com\\\/@CWGroupRealEstateIbiza\",\"https:\\\/\\\/www.instagram.com\\\/luxuryvillasonibiza\\\/\",\"https:\\\/\\\/www.linkedin.com\\\/company\\\/cw-group-ibiza\",\"https:\\\/\\\/www.pinterest.com\\\/CWGroupIbizaRealEstate\\\/\"]}]}<\/script>\n<!-- \/ Yoast SEO Premium plugin. -->","yoast_head_json":{"title":"Impressum \u2013 luxuryvillasibiza.net - CW Immobilien Ibiza","description":"Impressum von luxuryvillasibiza.net: Anbieterinformationen, Kontakt, rechtliche Hinweise und Verantwortliche gem\u00e4\u00df geltendem Recht.","robots":{"index":"noindex","follow":"nofollow"},"og_locale":"de_DE","og_type":"article","og_title":"Impressum","og_description":"Impressum von luxuryvillasibiza.net: Anbieterinformationen, Kontakt, rechtliche Hinweise und Verantwortliche gem\u00e4\u00df geltendem Recht.","og_url":"https:\/\/www.luxuryvillasibiza.net\/de\/impressum\/","og_site_name":"CW Group","article_publisher":"https:\/\/www.facebook.com\/cwrealestateibiza\/","article_modified_time":"2025-09-08T14:45:44+00:00","og_image":[{"width":500,"height":500,"url":"https:\/\/www.luxuryvillasibiza.net\/wp-content\/uploads\/2024\/05\/logo-copy.jpg","type":"image\/jpeg"}],"twitter_card":"summary_large_image","twitter_site":"@cwgroupibiza","twitter_misc":{"Gesch\u00e4tzte Lesezeit":"1\u00a0Minute"},"schema":{"@context":"https:\/\/schema.org","@graph":[{"@type":"WebPage","@id":"https:\/\/www.luxuryvillasibiza.net\/de\/impressum\/","url":"https:\/\/www.luxuryvillasibiza.net\/de\/impressum\/","name":"Impressum \u2013 luxuryvillasibiza.net - CW Immobilien Ibiza","isPartOf":{"@id":"https:\/\/www.luxuryvillasibiza.net\/de\/#website"},"datePublished":"2023-12-11T22:23:45+00:00","dateModified":"2025-09-08T14:45:44+00:00","description":"Impressum von luxuryvillasibiza.net: Anbieterinformationen, Kontakt, rechtliche Hinweise und Verantwortliche gem\u00e4\u00df geltendem Recht.","breadcrumb":{"@id":"https:\/\/www.luxuryvillasibiza.net\/de\/impressum\/#breadcrumb"},"inLanguage":"de","potentialAction":[{"@type":"ReadAction","target":["https:\/\/www.luxuryvillasibiza.net\/de\/impressum\/"]}]},{"@type":"BreadcrumbList","@id":"https:\/\/www.luxuryvillasibiza.net\/de\/impressum\/#breadcrumb","itemListElement":[{"@type":"ListItem","position":1,"name":"Home","item":"https:\/\/www.luxuryvillasibiza.net\/de\/sample-page\/"},{"@type":"ListItem","position":2,"name":"Impressum"}]},{"@type":"WebSite","@id":"https:\/\/www.luxuryvillasibiza.net\/de\/#website","url":"https:\/\/www.luxuryvillasibiza.net\/de\/","name":"CW Group - Real Estate Ibiza","description":"Real Estate Ibiza","publisher":{"@id":"https:\/\/www.luxuryvillasibiza.net\/de\/#organization"},"alternateName":"CW Group Ibiza","potentialAction":[{"@type":"SearchAction","target":{"@type":"EntryPoint","urlTemplate":"https:\/\/www.luxuryvillasibiza.net\/de\/?s={search_term_string}"},"query-input":{"@type":"PropertyValueSpecification","valueRequired":true,"valueName":"search_term_string"}}],"inLanguage":"de"},{"@type":"Organization","@id":"https:\/\/www.luxuryvillasibiza.net\/de\/#organization","name":"CW - Luxury Villas in Ibiza","alternateName":"Ibiza Real Estate","url":"https:\/\/www.luxuryvillasibiza.net\/de\/","logo":{"@type":"ImageObject","inLanguage":"de","@id":"https:\/\/www.luxuryvillasibiza.net\/de\/#\/schema\/logo\/image\/","url":"https:\/\/www.luxuryvillasibiza.net\/wp-content\/uploads\/2025\/01\/last-page.jpg","contentUrl":"https:\/\/www.luxuryvillasibiza.net\/wp-content\/uploads\/2025\/01\/last-page.jpg","width":1200,"height":675,"caption":"CW - Luxury Villas in Ibiza"},"image":{"@id":"https:\/\/www.luxuryvillasibiza.net\/de\/#\/schema\/logo\/image\/"},"sameAs":["https:\/\/www.facebook.com\/cwrealestateibiza\/","https:\/\/x.com\/cwgroupibiza","https:\/\/www.youtube.com\/@CWGroupRealEstateIbiza","https:\/\/www.instagram.com\/luxuryvillasonibiza\/","https:\/\/www.linkedin.com\/company\/cw-group-ibiza","https:\/\/www.pinterest.com\/CWGroupIbizaRealEstate\/"]}]}},"_links":{"self":[{"href":"https:\/\/www.luxuryvillasibiza.net\/de\/wp-json\/wp\/v2\/pages\/49909","targetHints":{"allow":["GET"]}}],"collection":[{"href":"https:\/\/www.luxuryvillasibiza.net\/de\/wp-json\/wp\/v2\/pages"}],"about":[{"href":"https:\/\/www.luxuryvillasibiza.net\/de\/wp-json\/wp\/v2\/types\/page"}],"author":[{"embeddable":true,"href":"https:\/\/www.luxuryvillasibiza.net\/de\/wp-json\/wp\/v2\/users\/1"}],"replies":[{"embeddable":true,"href":"https:\/\/www.luxuryvillasibiza.net\/de\/wp-json\/wp\/v2\/comments?post=49909"}],"version-history":[{"count":5,"href":"https:\/\/www.luxuryvillasibiza.net\/de\/wp-json\/wp\/v2\/pages\/49909\/revisions"}],"predecessor-version":[{"id":134431,"href":"https:\/\/www.luxuryvillasibiza.net\/de\/wp-json\/wp\/v2\/pages\/49909\/revisions\/134431"}],"wp:attachment":[{"href":"https:\/\/www.luxuryvillasibiza.net\/de\/wp-json\/wp\/v2\/media?parent=49909"}],"curies":[{"name":"wp","href":"https:\/\/api.w.org\/{rel}","templated":true}]}}