{"id":49933,"date":"2023-10-09T19:19:19","date_gmt":"2023-10-09T19:19:19","guid":{"rendered":"https:\/\/www.cwibiza.com\/privacy-policy\/"},"modified":"2025-09-19T04:11:55","modified_gmt":"2025-09-19T04:11:55","slug":"datenschutz","status":"publish","type":"page","link":"https:\/\/www.luxuryvillasibiza.net\/de\/datenschutz\/","title":{"rendered":"Datenschutzerkl\u00e4rung"},"content":{"rendered":"<p data-start=\"314\" data-end=\"357\"><em data-start=\"314\" data-end=\"355\">(Letzte Aktualisierung: September 2025)<\/em><\/p>\n<h2 data-start=\"359\" data-end=\"377\">1. Einleitung<\/h2>\n<p data-start=\"378\" data-end=\"800\">Der Schutz Ihrer pers\u00f6nlichen Daten ist uns ein wichtiges Anliegen. Mit dieser Datenschutzerkl\u00e4rung informieren wir Sie dar\u00fcber, wie wir Ihre personenbezogenen Daten auf der Website <strong data-start=\"560\" data-end=\"589\"><a class=\"decorated-link\" href=\"https:\/\/www.luxuryvillasibiza.net\/de\/\" target=\"_new\" rel=\"noopener\" data-start=\"562\" data-end=\"587\">www.luxuryvillasibiza.net<\/a><\/strong> sowie allen Unterseiten erheben, verarbeiten und sch\u00fctzen. Die Verarbeitung Ihrer Daten erfolgt ausschlie\u00dflich im Rahmen der geltenden Datenschutzgesetze, insbesondere der Datenschutz-Grundverordnung (DSGVO).<\/p>\n<h2 data-start=\"802\" data-end=\"826\">2. Verantwortlicher<\/h2>\n<p data-start=\"827\" data-end=\"893\">Verantwortlich f\u00fcr die Datenverarbeitung auf dieser Website ist:<\/p>\n<p data-start=\"895\" data-end=\"1062\"><strong data-start=\"895\" data-end=\"927\">CW Europe Group Marbella S.L<\/strong><br data-start=\"927\" data-end=\"930\" \/>Anagrama Commercial<br data-start=\"949\" data-end=\"952\" \/>Carretra de Jesus, Nummer 101<br data-start=\"981\" data-end=\"984\" \/>Planta baja, puerta 5<br data-start=\"1005\" data-end=\"1008\" \/>Nuestra Se\u00f1ora de Jesus 07819<br data-start=\"1037\" data-end=\"1040\" \/>Santa Eulalia, Ibiza<\/p>\n<p data-start=\"1064\" data-end=\"1112\">Tel.: +34 692807756<br data-start=\"1083\" data-end=\"1086\" \/>E-Mail: <a class=\"decorated-link cursor-pointer\" rel=\"noopener\" data-start=\"1094\" data-end=\"1110\">info@cw-ibiza.de<\/a><\/p>\n<p data-start=\"1114\" data-end=\"1161\">Gesch\u00e4ftsf\u00fchrer: Christian Wolf &amp; Nicole Wolf<\/p>\n<h2 data-start=\"1163\" data-end=\"1219\">3. Erhebung und Speicherung personenbezogener Daten<\/h2>\n<h3 data-start=\"1220\" data-end=\"1252\">a) Beim Besuch der Website<\/h3>\n<p data-start=\"1253\" data-end=\"1408\">Beim Aufruf unserer Website werden durch den von Ihnen genutzten Browser automatisch Informationen an unseren Server \u00fcbermittelt. Diese Daten beinhalten:<\/p>\n<ul data-start=\"1410\" data-end=\"1557\">\n<li data-start=\"1410\" data-end=\"1424\">\n<p data-start=\"1412\" data-end=\"1424\">IP-Adresse<\/p>\n<\/li>\n<li data-start=\"1425\" data-end=\"1458\">\n<p data-start=\"1427\" data-end=\"1458\">Datum und Uhrzeit der Anfrage<\/p>\n<\/li>\n<li data-start=\"1459\" data-end=\"1498\">\n<p data-start=\"1461\" data-end=\"1498\">Verwendeter Browsertyp und -version<\/p>\n<\/li>\n<li data-start=\"1499\" data-end=\"1517\">\n<p data-start=\"1501\" data-end=\"1517\">Betriebssystem<\/p>\n<\/li>\n<li data-start=\"1518\" data-end=\"1557\">\n<p data-start=\"1520\" data-end=\"1557\">Referrer-URL (zuvor besuchte Seite)<\/p>\n<\/li>\n<\/ul>\n<p data-start=\"1559\" data-end=\"1685\">Diese Informationen werden technisch ben\u00f6tigt, um die Website anzuzeigen und die Stabilit\u00e4t und Sicherheit zu gew\u00e4hrleisten.<\/p>\n<h3 data-start=\"1687\" data-end=\"1741\">b) Bei Nutzung von Kontaktformularen oder E-Mail<\/h3>\n<p data-start=\"1742\" data-end=\"1947\">Wenn Sie uns \u00fcber ein Formular oder per E-Mail kontaktieren, erheben wir die von Ihnen angegebenen Daten (z. B. Name, Telefonnummer, E-Mail-Adresse, Inhalte Ihrer Anfrage), um Ihr Anliegen zu bearbeiten.<\/p>\n<h3 data-start=\"1949\" data-end=\"1976\">c) Immobilienanfragen<\/h3>\n<p data-start=\"1977\" data-end=\"2162\">Im Rahmen von Immobilienanfragen verarbeiten wir zus\u00e4tzliche Informationen, die Sie uns freiwillig mitteilen, wie gew\u00fcnschte Objekttypen, Preisvorstellungen oder bevorzugte Standorte.<\/p>\n<h2 data-start=\"2164\" data-end=\"2192\">4. Verwendung der Daten<\/h2>\n<p data-start=\"2193\" data-end=\"2261\">Ihre Daten werden ausschlie\u00dflich zu folgenden Zwecken verarbeitet:<\/p>\n<ul data-start=\"2263\" data-end=\"2510\">\n<li data-start=\"2263\" data-end=\"2294\">\n<p data-start=\"2265\" data-end=\"2294\">Beantwortung Ihrer Anfragen<\/p>\n<\/li>\n<li data-start=\"2295\" data-end=\"2360\">\n<p data-start=\"2297\" data-end=\"2360\">Durchf\u00fchrung vorvertraglicher Ma\u00dfnahmen und Vertragserf\u00fcllung<\/p>\n<\/li>\n<li data-start=\"2361\" data-end=\"2408\">\n<p data-start=\"2363\" data-end=\"2408\">Pr\u00e4sentation und Vermittlung von Immobilien<\/p>\n<\/li>\n<li data-start=\"2409\" data-end=\"2473\">\n<p data-start=\"2411\" data-end=\"2473\">Marketing und Kundeninformation (nur mit Ihrer Einwilligung)<\/p>\n<\/li>\n<li data-start=\"2474\" data-end=\"2510\">\n<p data-start=\"2476\" data-end=\"2510\">Erf\u00fcllung gesetzlicher Pflichten<\/p>\n<\/li>\n<\/ul>\n<h2 data-start=\"2512\" data-end=\"2540\">5. Cookies und Tracking<\/h2>\n<p data-start=\"2541\" data-end=\"2684\">Unsere Website verwendet Cookies, um die Nutzung zu erleichtern, bestimmte Funktionen bereitzustellen und die Websiteleistung zu analysieren.<\/p>\n<ul data-start=\"2686\" data-end=\"2941\">\n<li data-start=\"2686\" data-end=\"2771\">\n<p data-start=\"2688\" data-end=\"2771\"><strong data-start=\"2688\" data-end=\"2720\">Technisch notwendige Cookies<\/strong>: f\u00fcr Grundfunktionen (z. B. Spracheinstellungen)<\/p>\n<\/li>\n<li data-start=\"2772\" data-end=\"2862\">\n<p data-start=\"2774\" data-end=\"2862\"><strong data-start=\"2774\" data-end=\"2793\">Analyse-Cookies<\/strong>: zur Optimierung der Inhalte (z. B. Google Analytics, falls aktiv)<\/p>\n<\/li>\n<li data-start=\"2863\" data-end=\"2941\">\n<p data-start=\"2865\" data-end=\"2941\"><strong data-start=\"2865\" data-end=\"2886\">Marketing-Cookies<\/strong>: f\u00fcr personalisierte Angebote (nur mit Einwilligung)<\/p>\n<\/li>\n<\/ul>\n<p data-start=\"2943\" data-end=\"3119\">Sie k\u00f6nnen Ihre Cookie-Einstellungen jederzeit \u00fcber das Banner oder die Browser-Einstellungen anpassen. Weitere Details finden Sie in unserer separaten <strong data-start=\"3095\" data-end=\"3116\">Cookie-Richtlinie<\/strong>.<\/p>\n<h2 data-start=\"3121\" data-end=\"3162\">6. Rechtsgrundlagen der Verarbeitung<\/h2>\n<p data-start=\"3163\" data-end=\"3209\">Die Verarbeitung erfolgt gem\u00e4\u00df Art. 6 DSGVO:<\/p>\n<ul data-start=\"3211\" data-end=\"3373\">\n<li data-start=\"3211\" data-end=\"3249\">\n<p data-start=\"3213\" data-end=\"3249\">Art. 6 Abs. 1 lit. a: Einwilligung<\/p>\n<\/li>\n<li data-start=\"3250\" data-end=\"3293\">\n<p data-start=\"3252\" data-end=\"3293\">Art. 6 Abs. 1 lit. b: Vertragserf\u00fcllung<\/p>\n<\/li>\n<li data-start=\"3294\" data-end=\"3373\">\n<p data-start=\"3296\" data-end=\"3373\">Art. 6 Abs. 1 lit. f: Wahrung berechtigter Interessen (z. B. IT-Sicherheit)<\/p>\n<\/li>\n<\/ul>\n<h2 data-start=\"3375\" data-end=\"3403\">7. Weitergabe von Daten<\/h2>\n<p data-start=\"3404\" data-end=\"3444\">Ihre Daten geben wir nur weiter, wenn:<\/p>\n<ul data-start=\"3446\" data-end=\"3641\">\n<li data-start=\"3446\" data-end=\"3486\">\n<p data-start=\"3448\" data-end=\"3486\">Sie Ihre Einwilligung erteilt haben,<\/p>\n<\/li>\n<li data-start=\"3487\" data-end=\"3599\">\n<p data-start=\"3489\" data-end=\"3599\">dies zur Abwicklung von Vertragsverh\u00e4ltnissen notwendig ist (z. B. an Partnermakler, Rechtsanw\u00e4lte, Banken),<\/p>\n<\/li>\n<li data-start=\"3600\" data-end=\"3641\">\n<p data-start=\"3602\" data-end=\"3641\">wir rechtlich dazu verpflichtet sind.<\/p>\n<\/li>\n<\/ul>\n<h2 data-start=\"3643\" data-end=\"3664\">8. Speicherdauer<\/h2>\n<p data-start=\"3665\" data-end=\"3870\">Wir speichern personenbezogene Daten nur so lange, wie dies zur Erf\u00fcllung der Zwecke erforderlich ist oder eine gesetzliche Aufbewahrungsfrist besteht. Danach werden die Daten gel\u00f6scht oder anonymisiert.<\/p>\n<h2 data-start=\"3872\" data-end=\"3912\">9. Internationale Daten\u00fcbermittlung<\/h2>\n<p data-start=\"3913\" data-end=\"4146\">Sollten Daten an Empf\u00e4nger au\u00dferhalb der EU\/EWR \u00fcbermittelt werden (z. B. IT-Dienstleister in den USA), stellen wir sicher, dass ein angemessenes Datenschutzniveau besteht (Standardvertragsklauseln, Angemessenheitsbeschluss o. \u00e4.).<\/p>\n<h2 data-start=\"4148\" data-end=\"4168\">10. Ihre Rechte<\/h2>\n<p data-start=\"4169\" data-end=\"4197\">Sie haben folgende Rechte:<\/p>\n<ul data-start=\"4199\" data-end=\"4504\">\n<li data-start=\"4199\" data-end=\"4251\">\n<p data-start=\"4201\" data-end=\"4251\">Auskunft \u00fcber gespeicherte Daten (Art. 15 DSGVO)<\/p>\n<\/li>\n<li data-start=\"4252\" data-end=\"4302\">\n<p data-start=\"4254\" data-end=\"4302\">Berichtigung unrichtiger Daten (Art. 16 DSGVO)<\/p>\n<\/li>\n<li data-start=\"4303\" data-end=\"4361\">\n<p data-start=\"4305\" data-end=\"4361\">L\u00f6schung (\u201eRecht auf Vergessenwerden\u201c) (Art. 17 DSGVO)<\/p>\n<\/li>\n<li data-start=\"4362\" data-end=\"4412\">\n<p data-start=\"4364\" data-end=\"4412\">Einschr\u00e4nkung der Verarbeitung (Art. 18 DSGVO)<\/p>\n<\/li>\n<li data-start=\"4413\" data-end=\"4453\">\n<p data-start=\"4415\" data-end=\"4453\">Daten\u00fcbertragbarkeit (Art. 20 DSGVO)<\/p>\n<\/li>\n<li data-start=\"4454\" data-end=\"4504\">\n<p data-start=\"4456\" data-end=\"4504\">Widerspruch gegen Verarbeitung (Art. 21 DSGVO)<\/p>\n<\/li>\n<\/ul>\n<p data-start=\"4506\" data-end=\"4563\">Bitte richten Sie Ihre Anfrage an <strong data-start=\"4540\" data-end=\"4560\"><a class=\"decorated-link cursor-pointer\" rel=\"noopener\" data-start=\"4542\" data-end=\"4558\">info@cw-ibiza.de<\/a><\/strong>.<\/p>\n<h2 data-start=\"4565\" data-end=\"4589\">11. Datensicherheit<\/h2>\n<p data-start=\"4590\" data-end=\"4757\">Wir verwenden SSL-Verschl\u00fcsselung und ergreifen technische und organisatorische Ma\u00dfnahmen, um Ihre Daten vor Verlust, Missbrauch oder unbefugtem Zugriff zu sch\u00fctzen.<\/p>\n<h2 data-start=\"4759\" data-end=\"4806\">12. \u00c4nderungen dieser Datenschutzerkl\u00e4rung<\/h2>\n<p data-start=\"4807\" data-end=\"4948\">Wir behalten uns vor, diese Datenschutzerkl\u00e4rung bei Bedarf anzupassen, damit sie stets den aktuellen rechtlichen Anforderungen entspricht.<\/p>\n","protected":false},"excerpt":{"rendered":"<p>(Letzte Aktualisierung: September 2025) 1. Einleitung Der Schutz Ihrer pers\u00f6nlichen Daten ist uns ein wichtiges Anliegen. Mit dieser Datenschutzerkl\u00e4rung informieren wir Sie dar\u00fcber, wie wir Ihre personenbezogenen Daten auf der Website www.luxuryvillasibiza.net sowie allen Unterseiten erheben, verarbeiten und sch\u00fctzen. Die Verarbeitung Ihrer Daten erfolgt ausschlie\u00dflich im Rahmen der geltenden Datenschutzgesetze, insbesondere der Datenschutz-Grundverordnung (DSGVO). 2. &hellip; <a href=\"https:\/\/www.luxuryvillasibiza.net\/de\/datenschutz\/\" class=\"more-link\">Continue reading<span class=\"screen-reader-text\"> &#8222;Datenschutzerkl\u00e4rung&#8220;<\/span><\/a><\/p>\n","protected":false},"author":1,"featured_media":0,"parent":0,"menu_order":0,"comment_status":"closed","ping_status":"open","template":"","meta":{"_acf_changed":false,"footnotes":""},"class_list":["post-49933","page","type-page","status-publish","hentry"],"acf":[],"_links":{"self":[{"href":"https:\/\/www.luxuryvillasibiza.net\/de\/wp-json\/wp\/v2\/pages\/49933","targetHints":{"allow":["GET"]}}],"collection":[{"href":"https:\/\/www.luxuryvillasibiza.net\/de\/wp-json\/wp\/v2\/pages"}],"about":[{"href":"https:\/\/www.luxuryvillasibiza.net\/de\/wp-json\/wp\/v2\/types\/page"}],"author":[{"embeddable":true,"href":"https:\/\/www.luxuryvillasibiza.net\/de\/wp-json\/wp\/v2\/users\/1"}],"replies":[{"embeddable":true,"href":"https:\/\/www.luxuryvillasibiza.net\/de\/wp-json\/wp\/v2\/comments?post=49933"}],"version-history":[{"count":9,"href":"https:\/\/www.luxuryvillasibiza.net\/de\/wp-json\/wp\/v2\/pages\/49933\/revisions"}],"predecessor-version":[{"id":135609,"href":"https:\/\/www.luxuryvillasibiza.net\/de\/wp-json\/wp\/v2\/pages\/49933\/revisions\/135609"}],"wp:attachment":[{"href":"https:\/\/www.luxuryvillasibiza.net\/de\/wp-json\/wp\/v2\/media?parent=49933"}],"curies":[{"name":"wp","href":"https:\/\/api.w.org\/{rel}","templated":true}]}}