{"id":77481,"date":"2024-10-26T18:31:42","date_gmt":"2024-10-26T18:31:42","guid":{"rendered":"https:\/\/new.luxuryvillasibiza.net\/sell\/"},"modified":"2025-08-30T21:38:59","modified_gmt":"2025-08-30T21:38:59","slug":"verkaufen","status":"publish","type":"page","link":"https:\/\/www.luxuryvillasibiza.net\/de\/verkaufen\/","title":{"rendered":"Verkaufen"},"content":{"rendered":"","protected":false},"excerpt":{"rendered":"","protected":false},"author":1,"featured_media":77466,"parent":0,"menu_order":0,"comment_status":"closed","ping_status":"closed","template":"page-sell.php","meta":{"_acf_changed":false,"footnotes":""},"class_list":["post-77481","page","type-page","status-publish","has-post-thumbnail","hentry"],"acf":[],"yoast_head":"<!-- This site is optimized with the Yoast SEO Premium plugin v27.3 (Yoast SEO v27.3) - https:\/\/yoast.com\/product\/yoast-seo-premium-wordpress\/ -->\n<title>Ihre Immobilie auf Ibiza verkaufen - CW Immobilien Ibiza<\/title>\n<meta name=\"description\" content=\"M\u00f6chten Sie Ihre Immobilie auf Ibiza verkaufen? Mit \u00fcber 12 Jahren Erfahrung begleitet Sie CW Real Estate Ibiza zuverl\u00e4ssig und pers\u00f6nlich.\" \/>\n<meta name=\"robots\" content=\"index, follow, max-snippet:-1, max-image-preview:large, max-video-preview:-1\" \/>\n<link rel=\"canonical\" href=\"https:\/\/www.luxuryvillasibiza.net\/de\/verkaufen\/\" \/>\n<meta property=\"og:locale\" content=\"de_DE\" \/>\n<meta property=\"og:type\" content=\"article\" \/>\n<meta property=\"og:title\" content=\"Verkaufen\" \/>\n<meta property=\"og:description\" content=\"M\u00f6chten Sie Ihre Immobilie auf Ibiza verkaufen? Mit \u00fcber 12 Jahren Erfahrung begleitet Sie CW Real Estate Ibiza zuverl\u00e4ssig und pers\u00f6nlich.\" \/>\n<meta property=\"og:url\" content=\"https:\/\/www.luxuryvillasibiza.net\/de\/verkaufen\/\" \/>\n<meta property=\"og:site_name\" content=\"CW Group\" \/>\n<meta property=\"article:modified_time\" content=\"2025-08-30T21:38:59+00:00\" \/>\n<meta property=\"og:image\" content=\"https:\/\/www.luxuryvillasibiza.net\/wp-content\/uploads\/2024\/10\/team-area.jpg\" \/>\n\t<meta property=\"og:image:width\" content=\"1311\" \/>\n\t<meta property=\"og:image:height\" content=\"1000\" \/>\n\t<meta property=\"og:image:type\" content=\"image\/jpeg\" \/>\n<meta name=\"twitter:card\" content=\"summary_large_image\" \/>\n<meta name=\"twitter:label1\" content=\"Gesch\u00e4tzte Lesezeit\" \/>\n\t<meta name=\"twitter:data1\" content=\"1\u00a0Minute\" \/>\n<script type=\"application\/ld+json\" class=\"yoast-schema-graph\">{\"@context\":\"https:\\\/\\\/schema.org\",\"@graph\":[{\"@type\":\"WebPage\",\"@id\":\"https:\\\/\\\/www.luxuryvillasibiza.net\\\/de\\\/verkaufen\\\/\",\"url\":\"https:\\\/\\\/www.luxuryvillasibiza.net\\\/de\\\/verkaufen\\\/\",\"name\":\"Ihre Immobilie auf Ibiza verkaufen - CW Immobilien Ibiza\",\"isPartOf\":{\"@id\":\"https:\\\/\\\/www.luxuryvillasibiza.net\\\/de\\\/#website\"},\"primaryImageOfPage\":{\"@id\":\"https:\\\/\\\/www.luxuryvillasibiza.net\\\/de\\\/verkaufen\\\/#primaryimage\"},\"image\":{\"@id\":\"https:\\\/\\\/www.luxuryvillasibiza.net\\\/de\\\/verkaufen\\\/#primaryimage\"},\"thumbnailUrl\":\"https:\\\/\\\/www.luxuryvillasibiza.net\\\/wp-content\\\/uploads\\\/2024\\\/10\\\/team-area.jpg\",\"datePublished\":\"2024-10-26T18:31:42+00:00\",\"dateModified\":\"2025-08-30T21:38:59+00:00\",\"description\":\"M\u00f6chten Sie Ihre Immobilie auf Ibiza verkaufen? Mit \u00fcber 12 Jahren Erfahrung begleitet Sie CW Real Estate Ibiza zuverl\u00e4ssig und pers\u00f6nlich.\",\"breadcrumb\":{\"@id\":\"https:\\\/\\\/www.luxuryvillasibiza.net\\\/de\\\/verkaufen\\\/#breadcrumb\"},\"inLanguage\":\"de\",\"potentialAction\":[{\"@type\":\"ReadAction\",\"target\":[\"https:\\\/\\\/www.luxuryvillasibiza.net\\\/de\\\/verkaufen\\\/\"]}]},{\"@type\":\"ImageObject\",\"inLanguage\":\"de\",\"@id\":\"https:\\\/\\\/www.luxuryvillasibiza.net\\\/de\\\/verkaufen\\\/#primaryimage\",\"url\":\"https:\\\/\\\/www.luxuryvillasibiza.net\\\/wp-content\\\/uploads\\\/2024\\\/10\\\/team-area.jpg\",\"contentUrl\":\"https:\\\/\\\/www.luxuryvillasibiza.net\\\/wp-content\\\/uploads\\\/2024\\\/10\\\/team-area.jpg\",\"width\":1311,\"height\":1000,\"caption\":\"Mass Image Compressor Compressed this image. https:\\\/\\\/sourceforge.net\\\/projects\\\/icompress\\\/ with Quality:85\"},{\"@type\":\"BreadcrumbList\",\"@id\":\"https:\\\/\\\/www.luxuryvillasibiza.net\\\/de\\\/verkaufen\\\/#breadcrumb\",\"itemListElement\":[{\"@type\":\"ListItem\",\"position\":1,\"name\":\"Home\",\"item\":\"https:\\\/\\\/www.luxuryvillasibiza.net\\\/de\\\/sample-page\\\/\"},{\"@type\":\"ListItem\",\"position\":2,\"name\":\"Verkaufen\"}]},{\"@type\":\"WebSite\",\"@id\":\"https:\\\/\\\/www.luxuryvillasibiza.net\\\/de\\\/#website\",\"url\":\"https:\\\/\\\/www.luxuryvillasibiza.net\\\/de\\\/\",\"name\":\"CW Group - Real Estate Ibiza\",\"description\":\"Real Estate Ibiza\",\"publisher\":{\"@id\":\"https:\\\/\\\/www.luxuryvillasibiza.net\\\/de\\\/#organization\"},\"alternateName\":\"CW Group Ibiza\",\"potentialAction\":[{\"@type\":\"SearchAction\",\"target\":{\"@type\":\"EntryPoint\",\"urlTemplate\":\"https:\\\/\\\/www.luxuryvillasibiza.net\\\/de\\\/?s={search_term_string}\"},\"query-input\":{\"@type\":\"PropertyValueSpecification\",\"valueRequired\":true,\"valueName\":\"search_term_string\"}}],\"inLanguage\":\"de\"},{\"@type\":\"Organization\",\"@id\":\"https:\\\/\\\/www.luxuryvillasibiza.net\\\/de\\\/#organization\",\"name\":\"CW - Luxury Villas in Ibiza\",\"alternateName\":\"Ibiza Real Estate\",\"url\":\"https:\\\/\\\/www.luxuryvillasibiza.net\\\/de\\\/\",\"logo\":{\"@type\":\"ImageObject\",\"inLanguage\":\"de\",\"@id\":\"https:\\\/\\\/www.luxuryvillasibiza.net\\\/de\\\/#\\\/schema\\\/logo\\\/image\\\/\",\"url\":\"https:\\\/\\\/www.luxuryvillasibiza.net\\\/wp-content\\\/uploads\\\/2025\\\/01\\\/last-page.jpg\",\"contentUrl\":\"https:\\\/\\\/www.luxuryvillasibiza.net\\\/wp-content\\\/uploads\\\/2025\\\/01\\\/last-page.jpg\",\"width\":1200,\"height\":675,\"caption\":\"CW - Luxury Villas in Ibiza\"},\"image\":{\"@id\":\"https:\\\/\\\/www.luxuryvillasibiza.net\\\/de\\\/#\\\/schema\\\/logo\\\/image\\\/\"}}]}<\/script>\n<!-- \/ Yoast SEO Premium plugin. -->","yoast_head_json":{"title":"Ihre Immobilie auf Ibiza verkaufen - CW Immobilien Ibiza","description":"M\u00f6chten Sie Ihre Immobilie auf Ibiza verkaufen? Mit \u00fcber 12 Jahren Erfahrung begleitet Sie CW Real Estate Ibiza zuverl\u00e4ssig und pers\u00f6nlich.","robots":{"index":"index","follow":"follow","max-snippet":"max-snippet:-1","max-image-preview":"max-image-preview:large","max-video-preview":"max-video-preview:-1"},"canonical":"https:\/\/www.luxuryvillasibiza.net\/de\/verkaufen\/","og_locale":"de_DE","og_type":"article","og_title":"Verkaufen","og_description":"M\u00f6chten Sie Ihre Immobilie auf Ibiza verkaufen? Mit \u00fcber 12 Jahren Erfahrung begleitet Sie CW Real Estate Ibiza zuverl\u00e4ssig und pers\u00f6nlich.","og_url":"https:\/\/www.luxuryvillasibiza.net\/de\/verkaufen\/","og_site_name":"CW Group","article_modified_time":"2025-08-30T21:38:59+00:00","og_image":[{"width":1311,"height":1000,"url":"https:\/\/www.luxuryvillasibiza.net\/wp-content\/uploads\/2024\/10\/team-area.jpg","type":"image\/jpeg"}],"twitter_card":"summary_large_image","twitter_misc":{"Gesch\u00e4tzte Lesezeit":"1\u00a0Minute"},"schema":{"@context":"https:\/\/schema.org","@graph":[{"@type":"WebPage","@id":"https:\/\/www.luxuryvillasibiza.net\/de\/verkaufen\/","url":"https:\/\/www.luxuryvillasibiza.net\/de\/verkaufen\/","name":"Ihre Immobilie auf Ibiza verkaufen - CW Immobilien Ibiza","isPartOf":{"@id":"https:\/\/www.luxuryvillasibiza.net\/de\/#website"},"primaryImageOfPage":{"@id":"https:\/\/www.luxuryvillasibiza.net\/de\/verkaufen\/#primaryimage"},"image":{"@id":"https:\/\/www.luxuryvillasibiza.net\/de\/verkaufen\/#primaryimage"},"thumbnailUrl":"https:\/\/www.luxuryvillasibiza.net\/wp-content\/uploads\/2024\/10\/team-area.jpg","datePublished":"2024-10-26T18:31:42+00:00","dateModified":"2025-08-30T21:38:59+00:00","description":"M\u00f6chten Sie Ihre Immobilie auf Ibiza verkaufen? Mit \u00fcber 12 Jahren Erfahrung begleitet Sie CW Real Estate Ibiza zuverl\u00e4ssig und pers\u00f6nlich.","breadcrumb":{"@id":"https:\/\/www.luxuryvillasibiza.net\/de\/verkaufen\/#breadcrumb"},"inLanguage":"de","potentialAction":[{"@type":"ReadAction","target":["https:\/\/www.luxuryvillasibiza.net\/de\/verkaufen\/"]}]},{"@type":"ImageObject","inLanguage":"de","@id":"https:\/\/www.luxuryvillasibiza.net\/de\/verkaufen\/#primaryimage","url":"https:\/\/www.luxuryvillasibiza.net\/wp-content\/uploads\/2024\/10\/team-area.jpg","contentUrl":"https:\/\/www.luxuryvillasibiza.net\/wp-content\/uploads\/2024\/10\/team-area.jpg","width":1311,"height":1000,"caption":"Mass Image Compressor Compressed this image. https:\/\/sourceforge.net\/projects\/icompress\/ with Quality:85"},{"@type":"BreadcrumbList","@id":"https:\/\/www.luxuryvillasibiza.net\/de\/verkaufen\/#breadcrumb","itemListElement":[{"@type":"ListItem","position":1,"name":"Home","item":"https:\/\/www.luxuryvillasibiza.net\/de\/sample-page\/"},{"@type":"ListItem","position":2,"name":"Verkaufen"}]},{"@type":"WebSite","@id":"https:\/\/www.luxuryvillasibiza.net\/de\/#website","url":"https:\/\/www.luxuryvillasibiza.net\/de\/","name":"CW Group - Real Estate Ibiza","description":"Real Estate Ibiza","publisher":{"@id":"https:\/\/www.luxuryvillasibiza.net\/de\/#organization"},"alternateName":"CW Group Ibiza","potentialAction":[{"@type":"SearchAction","target":{"@type":"EntryPoint","urlTemplate":"https:\/\/www.luxuryvillasibiza.net\/de\/?s={search_term_string}"},"query-input":{"@type":"PropertyValueSpecification","valueRequired":true,"valueName":"search_term_string"}}],"inLanguage":"de"},{"@type":"Organization","@id":"https:\/\/www.luxuryvillasibiza.net\/de\/#organization","name":"CW - Luxury Villas in Ibiza","alternateName":"Ibiza Real Estate","url":"https:\/\/www.luxuryvillasibiza.net\/de\/","logo":{"@type":"ImageObject","inLanguage":"de","@id":"https:\/\/www.luxuryvillasibiza.net\/de\/#\/schema\/logo\/image\/","url":"https:\/\/www.luxuryvillasibiza.net\/wp-content\/uploads\/2025\/01\/last-page.jpg","contentUrl":"https:\/\/www.luxuryvillasibiza.net\/wp-content\/uploads\/2025\/01\/last-page.jpg","width":1200,"height":675,"caption":"CW - Luxury Villas in Ibiza"},"image":{"@id":"https:\/\/www.luxuryvillasibiza.net\/de\/#\/schema\/logo\/image\/"}}]}},"_links":{"self":[{"href":"https:\/\/www.luxuryvillasibiza.net\/de\/wp-json\/wp\/v2\/pages\/77481","targetHints":{"allow":["GET"]}}],"collection":[{"href":"https:\/\/www.luxuryvillasibiza.net\/de\/wp-json\/wp\/v2\/pages"}],"about":[{"href":"https:\/\/www.luxuryvillasibiza.net\/de\/wp-json\/wp\/v2\/types\/page"}],"author":[{"embeddable":true,"href":"https:\/\/www.luxuryvillasibiza.net\/de\/wp-json\/wp\/v2\/users\/1"}],"replies":[{"embeddable":true,"href":"https:\/\/www.luxuryvillasibiza.net\/de\/wp-json\/wp\/v2\/comments?post=77481"}],"version-history":[{"count":7,"href":"https:\/\/www.luxuryvillasibiza.net\/de\/wp-json\/wp\/v2\/pages\/77481\/revisions"}],"predecessor-version":[{"id":133757,"href":"https:\/\/www.luxuryvillasibiza.net\/de\/wp-json\/wp\/v2\/pages\/77481\/revisions\/133757"}],"wp:featuredmedia":[{"embeddable":true,"href":"https:\/\/www.luxuryvillasibiza.net\/de\/wp-json\/wp\/v2\/media\/77466"}],"wp:attachment":[{"href":"https:\/\/www.luxuryvillasibiza.net\/de\/wp-json\/wp\/v2\/media?parent=77481"}],"curies":[{"name":"wp","href":"https:\/\/api.w.org\/{rel}","templated":true}]}}