{"id":153012,"date":"2026-03-26T21:37:55","date_gmt":"2026-03-26T21:37:55","guid":{"rendered":"https:\/\/www.luxuryvillasibiza.net\/luxury-rental-ibiza\/"},"modified":"2026-04-03T09:03:50","modified_gmt":"2026-04-03T09:03:50","slug":"alquiler-villas-de-lujo-en-ibiza","status":"publish","type":"page","link":"https:\/\/www.luxuryvillasibiza.net\/es\/alquiler-villas-de-lujo-en-ibiza\/","title":{"rendered":"Alquiler de lujo en Ibiza"},"content":{"rendered":"<p>\u00bfBusca una villa de lujo en alquiler en Ibiza? La isla se ha convertido en uno de los destinos m\u00e1s solicitados de Europa para viajeros que buscan privacidad, dise\u00f1o y un alto nivel de confort. Ibiza ofrece una combinaci\u00f3n \u00fanica de belleza natural, alojamientos exclusivos y un estilo de vida que atrae a visitantes de todo el mundo. Desde las aguas cristalinas de la costa este hasta las impresionantes puestas de sol del oeste: la isla tiene algo para todos.<\/p>\n<p>Alquilar una villa en Ibiza es la manera perfecta de experimentar la isla. En lugar de adaptarse a las rutinas de un hotel, usted decide cu\u00e1ndo desayunar, almorzar o cenar. Tiene toda la libertad durante el d\u00eda para hacer lo que quiera, sin tener que esperar a nadie. Muchas de nuestras villas de lujo vienen acompa\u00f1adas de personal dedicado, desde chefs privados hasta terapeutas de bienestar, para que cada detalle de su estancia est\u00e9 perfectamente organizado.<\/p>\n<h2>La Libertad de una Villa Privada<\/h2>\n<p>En lugar de adaptarse a las rutinas de un hotel, usted determina su propio ritmo. Las ma\u00f1anas comienzan tranquilas con una taza de caf\u00e9 en su terraza privada, las tardes las pasa en el mar o junto a su propia piscina, y las noches se despliegan con vistas espectaculares a la costa o al tranquilo campo.<\/p>\n<p>Desde villas modernas con vistas panor\u00e1micas al mar hasta casas rurales tradicionales en un entorno tranquilo: Ibiza ofrece una amplia gama de propiedades de lujo para todos los gustos. Ya sea que est\u00e9 planeando una celebraci\u00f3n especial con amigos o unas vacaciones familiares tranquilas, hay una villa perfecta esper\u00e1ndole. Descubra tambi\u00e9n nuestra <a href=\"https:\/\/www.luxuryvillasibiza.net\/es\/guide\/alquiler-de-villas-de-lujo-en-ibiza-2026\/\">gu\u00eda sobre villas de lujo en Ibiza<\/a> para m\u00e1s inspiraci\u00f3n.<\/p>\n","protected":false},"excerpt":{"rendered":"<p>\u00bfBusca una villa de lujo en alquiler en Ibiza? La isla se ha convertido en uno de los destinos m\u00e1s solicitados de Europa para viajeros que buscan privacidad, dise\u00f1o y un alto nivel de confort. Ibiza ofrece una combinaci\u00f3n \u00fanica de belleza natural, alojamientos exclusivos y un estilo de vida que atrae a visitantes de &hellip; <a href=\"https:\/\/www.luxuryvillasibiza.net\/es\/alquiler-villas-de-lujo-en-ibiza\/\" class=\"more-link\">Continue reading<span class=\"screen-reader-text\"> \u00abAlquiler de lujo en Ibiza\u00bb<\/span><\/a><\/p>\n","protected":false},"author":1,"featured_media":153056,"parent":0,"menu_order":0,"comment_status":"closed","ping_status":"closed","template":"page-rental.php","meta":{"_acf_changed":false,"footnotes":""},"class_list":["post-153012","page","type-page","status-publish","has-post-thumbnail","hentry"],"acf":[],"_links":{"self":[{"href":"https:\/\/www.luxuryvillasibiza.net\/es\/wp-json\/wp\/v2\/pages\/153012","targetHints":{"allow":["GET"]}}],"collection":[{"href":"https:\/\/www.luxuryvillasibiza.net\/es\/wp-json\/wp\/v2\/pages"}],"about":[{"href":"https:\/\/www.luxuryvillasibiza.net\/es\/wp-json\/wp\/v2\/types\/page"}],"author":[{"embeddable":true,"href":"https:\/\/www.luxuryvillasibiza.net\/es\/wp-json\/wp\/v2\/users\/1"}],"replies":[{"embeddable":true,"href":"https:\/\/www.luxuryvillasibiza.net\/es\/wp-json\/wp\/v2\/comments?post=153012"}],"version-history":[{"count":14,"href":"https:\/\/www.luxuryvillasibiza.net\/es\/wp-json\/wp\/v2\/pages\/153012\/revisions"}],"predecessor-version":[{"id":156438,"href":"https:\/\/www.luxuryvillasibiza.net\/es\/wp-json\/wp\/v2\/pages\/153012\/revisions\/156438"}],"wp:featuredmedia":[{"embeddable":true,"href":"https:\/\/www.luxuryvillasibiza.net\/es\/wp-json\/wp\/v2\/media\/153056"}],"wp:attachment":[{"href":"https:\/\/www.luxuryvillasibiza.net\/es\/wp-json\/wp\/v2\/media?parent=153012"}],"curies":[{"name":"wp","href":"https:\/\/api.w.org\/{rel}","templated":true}]}}