{"id":44375,"date":"2023-10-09T19:19:19","date_gmt":"2023-10-09T19:19:19","guid":{"rendered":"https:\/\/www.cwibiza.com\/sample-page\/"},"modified":"2025-11-23T23:06:32","modified_gmt":"2025-11-23T23:06:32","slug":"agencia-inmobiliaria-en-ibiza","status":"publish","type":"page","link":"https:\/\/www.luxuryvillasibiza.net\/es\/","title":{"rendered":"Inmobiliaria Ibiza \u2013 Su agente inmobiliario en Ibiza | CW Group"},"content":{"rendered":"<h2>Premio 2024\/2025 a la excelencia inmobiliaria en Ibiza<\/h2>\n<p>\u00bfDesea comprar o vender una propiedad en Ibiza? En CW Group Ibiza llevamos muchos a\u00f1os ayudando a personas a encontrar su hogar en la isla o a vender su propiedad actual de forma fiable y discreta. Nuestro equipo lleva mucho tiempo viviendo en Ibiza, conoce cada regi\u00f3n, cada particularidad del mercado y tambi\u00e9n las propiedades de lujo que no aparecen en los portales p\u00fablicos.<\/p>\n<p>Ya sea una finca tradicional, un departamento moderno o una villa de lujo, solo le mostraremos propiedades que realmente se ajusten a sus deseos, de forma honesta, transparente y sin presiones. Gracias a nuestra experiencia y a nuestros contactos locales, contamos con una de las ofertas inmobiliarias m\u00e1s variadas y exclusivas de Ibiza y Formentera, entre las que se incluyen muchas villas discretas que no se ofrecen en el mercado. Si est\u00e1 buscando la propiedad de sus sue\u00f1os o necesita ayuda para vender, estaremos encantados de ayudarle. Escr\u00edbanos o ll\u00e1menos y juntos encontraremos lo que m\u00e1s le convenga.<\/p>\n","protected":false},"excerpt":{"rendered":"<p>Premio 2024\/2025 a la excelencia inmobiliaria en Ibiza \u00bfDesea comprar o vender una propiedad en Ibiza? En CW Group Ibiza llevamos muchos a\u00f1os ayudando a personas a encontrar su hogar en la isla o a vender su propiedad actual de forma fiable y discreta. Nuestro equipo lleva mucho tiempo viviendo en Ibiza, conoce cada regi\u00f3n, &hellip; <a href=\"https:\/\/www.luxuryvillasibiza.net\/es\/\" class=\"more-link\">Continue reading<span class=\"screen-reader-text\"> \u00abInmobiliaria Ibiza \u2013 Su agente inmobiliario en Ibiza | CW Group\u00bb<\/span><\/a><\/p>\n","protected":false},"author":1,"featured_media":8336,"parent":0,"menu_order":0,"comment_status":"closed","ping_status":"open","template":"","meta":{"_acf_changed":false,"footnotes":""},"class_list":["post-44375","page","type-page","status-publish","has-post-thumbnail","hentry"],"acf":[],"_links":{"self":[{"href":"https:\/\/www.luxuryvillasibiza.net\/es\/wp-json\/wp\/v2\/pages\/44375","targetHints":{"allow":["GET"]}}],"collection":[{"href":"https:\/\/www.luxuryvillasibiza.net\/es\/wp-json\/wp\/v2\/pages"}],"about":[{"href":"https:\/\/www.luxuryvillasibiza.net\/es\/wp-json\/wp\/v2\/types\/page"}],"author":[{"embeddable":true,"href":"https:\/\/www.luxuryvillasibiza.net\/es\/wp-json\/wp\/v2\/users\/1"}],"replies":[{"embeddable":true,"href":"https:\/\/www.luxuryvillasibiza.net\/es\/wp-json\/wp\/v2\/comments?post=44375"}],"version-history":[{"count":64,"href":"https:\/\/www.luxuryvillasibiza.net\/es\/wp-json\/wp\/v2\/pages\/44375\/revisions"}],"predecessor-version":[{"id":146685,"href":"https:\/\/www.luxuryvillasibiza.net\/es\/wp-json\/wp\/v2\/pages\/44375\/revisions\/146685"}],"wp:featuredmedia":[{"embeddable":true,"href":"https:\/\/www.luxuryvillasibiza.net\/es\/wp-json\/wp\/v2\/media\/8336"}],"wp:attachment":[{"href":"https:\/\/www.luxuryvillasibiza.net\/es\/wp-json\/wp\/v2\/media?parent=44375"}],"curies":[{"name":"wp","href":"https:\/\/api.w.org\/{rel}","templated":true}]}}