{"id":44965,"date":"2023-11-27T18:13:17","date_gmt":"2023-11-27T18:13:17","guid":{"rendered":"https:\/\/www.cwibiza.com\/about-cw-group\/"},"modified":"2025-08-16T13:18:27","modified_gmt":"2025-08-16T13:18:27","slug":"acerca-de-cw-group","status":"publish","type":"page","link":"https:\/\/www.luxuryvillasibiza.net\/es\/acerca-de-cw-group\/","title":{"rendered":"Acerca de CW Inmobiliaria Ibiza"},"content":{"rendered":"<p data-start=\"314\" data-end=\"689\"><strong data-start=\"314\" data-end=\"326\">CW Inmobiliaria Ibiza<\/strong> es una agencia inmobiliaria reconocida, con una amplia trayectoria y una base de clientes internacionales fieles. Nuestra reputaci\u00f3n en el mercado <a rel=\"noopener noreferrer\" href=\"https:\/\/www.luxuryvillasibiza.net\/es\">inmobiliario de Ibiza<\/a> se basa en la confianza, la integridad y un profundo conocimiento del sector.<br data-start=\"573\" data-end=\"576\" \/>Adem\u00e1s de villas, ofrecemos una cuidada selecci\u00f3n de <strong data-start=\"629\" data-end=\"663\"><a href=\"https:\/\/www.luxuryvillasibiza.net\/es\/property\/apartamento-en-venta-ibiza\/\">apartamentos<\/a>, <a href=\"https:\/\/www.luxuryvillasibiza.net\/es\/property\/terreno-en-venta-ibiza\/\">terrenos<\/a> y <a href=\"https:\/\/www.luxuryvillasibiza.net\/es\/property\/fincas-en-venta-ibiza\/\">fincas<\/a><\/strong>\u00a0en venta en toda la isla.<\/p>\n<p data-start=\"691\" data-end=\"852\">\u00bfEst\u00e1 buscando una <a href=\"https:\/\/www.luxuryvillasibiza.net\/es\/property\/casas-en-venta-en-ibiza\/\"><strong data-start=\"710\" data-end=\"736\">casa en venta en Ibiza<\/strong><\/a>? Nuestro equipo est\u00e1 aqu\u00ed para acompa\u00f1arle en cada paso, garantizando fiabilidad y profesionalismo en todo momento. Para superar las expectativas m\u00e1s altas, nuestro equipo cuenta con herramientas de \u00faltima generaci\u00f3n, un conocimiento profundo del mercado y un firme compromiso con la excelencia.<br data-start=\"1033\" data-end=\"1036\" \/>En <strong data-start=\"1039\" data-end=\"1051\">CW Inmobiliaria Ibiza<\/strong>, nos sentimos orgullosos de nuestro trabajo y evolucionamos constantemente junto al din\u00e1mico mercado inmobiliario gracias a la innovaci\u00f3n y una dedicaci\u00f3n incansable. Nuestro equipo internacional est\u00e1 formado por m\u00e1s de 10 profesionales de 5 pa\u00edses diferentes, incluidos 10 asesores comerciales especializados.<br data-start=\"1363\" data-end=\"1366\" \/>Juntos, compartimos un objetivo com\u00fan: <strong data-start=\"1405\" data-end=\"1464\">la satisfacci\u00f3n del cliente y una lealtad incondicional<\/strong>.<\/p>\n","protected":false},"excerpt":{"rendered":"<p>CW Inmobiliaria Ibiza es una agencia inmobiliaria reconocida, con una amplia trayectoria y una base de clientes internacionales fieles. Nuestra reputaci\u00f3n en el mercado inmobiliario de Ibiza se basa en la confianza, la integridad y un profundo conocimiento del sector.Adem\u00e1s de villas, ofrecemos una cuidada selecci\u00f3n de apartamentos, terrenos y fincas\u00a0en venta en toda la &hellip; <a href=\"https:\/\/www.luxuryvillasibiza.net\/es\/acerca-de-cw-group\/\" class=\"more-link\">Continue reading<span class=\"screen-reader-text\"> \u00abAcerca de CW Inmobiliaria Ibiza\u00bb<\/span><\/a><\/p>\n","protected":false},"author":1,"featured_media":13746,"parent":0,"menu_order":0,"comment_status":"closed","ping_status":"closed","template":"post-about.php","meta":{"_acf_changed":false,"footnotes":""},"class_list":["post-44965","page","type-page","status-publish","has-post-thumbnail","hentry"],"acf":[],"_links":{"self":[{"href":"https:\/\/www.luxuryvillasibiza.net\/es\/wp-json\/wp\/v2\/pages\/44965","targetHints":{"allow":["GET"]}}],"collection":[{"href":"https:\/\/www.luxuryvillasibiza.net\/es\/wp-json\/wp\/v2\/pages"}],"about":[{"href":"https:\/\/www.luxuryvillasibiza.net\/es\/wp-json\/wp\/v2\/types\/page"}],"author":[{"embeddable":true,"href":"https:\/\/www.luxuryvillasibiza.net\/es\/wp-json\/wp\/v2\/users\/1"}],"replies":[{"embeddable":true,"href":"https:\/\/www.luxuryvillasibiza.net\/es\/wp-json\/wp\/v2\/comments?post=44965"}],"version-history":[{"count":7,"href":"https:\/\/www.luxuryvillasibiza.net\/es\/wp-json\/wp\/v2\/pages\/44965\/revisions"}],"predecessor-version":[{"id":131780,"href":"https:\/\/www.luxuryvillasibiza.net\/es\/wp-json\/wp\/v2\/pages\/44965\/revisions\/131780"}],"wp:featuredmedia":[{"embeddable":true,"href":"https:\/\/www.luxuryvillasibiza.net\/es\/wp-json\/wp\/v2\/media\/13746"}],"wp:attachment":[{"href":"https:\/\/www.luxuryvillasibiza.net\/es\/wp-json\/wp\/v2\/media?parent=44965"}],"curies":[{"name":"wp","href":"https:\/\/api.w.org\/{rel}","templated":true}]}}