{"id":44969,"date":"2024-02-02T04:26:20","date_gmt":"2024-02-02T04:26:20","guid":{"rendered":"https:\/\/www.cwibiza.com\/acerca-de-cw-group\/team\/"},"modified":"2025-08-30T21:36:46","modified_gmt":"2025-08-30T21:36:46","slug":"team","status":"publish","type":"page","link":"https:\/\/www.luxuryvillasibiza.net\/es\/acerca-de-cw-group\/team\/","title":{"rendered":"CW Inmobiliaria Ibiza &#8211; Acerca de nuestro excelente equipo"},"content":{"rendered":"<p>Nuestro equipo bien ensayado en CW <a rel=\"noopener noreferrer\" href=\"https:\/\/www.luxuryvillasibiza.net\/es\">Inmobiliaria Ibiza<\/a> \u00abLas grandes cosas en los negocios nunca las hace una sola persona, sino un equipo de personas\u00bb. &#8211; Steve Jobs.<\/p>\n<p>En el coraz\u00f3n de CW Inmobiliaria Ibiza se encuentra un din\u00e1mico conjunto de m\u00e1s de ocho destacados profesionales, cada uno de los cuales aporta una mezcla \u00fanica de experiencia y creatividad. Los miembros de nuestro equipo no solo son expertos en sus respectivos campos, sino que tambi\u00e9n se esfuerzan por destacar en todas las \u00e1reas. Encarnan una mezcla de dedicaci\u00f3n, habilidad y b\u00fasqueda incesante de la perfecci\u00f3n, garantizando que cada tarea se lleve a cabo con un alto grado de profesionalidad y elegancia.<\/p>\n<p>El equipo de CW Inmobiliaria Ibiza est\u00e1 preparado para afrontar cualquier reto, sea cual sea su envergadura, con una mentalidad resolutiva y un esp\u00edritu de colaboraci\u00f3n. Es un honor y un privilegio presentarles a las din\u00e1micas personas que forman nuestro equipo.<\/p>\n<p>Una prueba de nuestra diversidad y mentalidad global es que nuestro equipo habla un total de ocho idiomas con fluidez. Estas habilidades ling\u00fc\u00edsticas no s\u00f3lo mejoran nuestra comunicaci\u00f3n, sino que tambi\u00e9n reflejan nuestra capacidad para relacionarnos con clientes de diferentes or\u00edgenes culturales, enriqueciendo la experiencia de CW Inmobiliaria Ibiza.<\/p>\n<h2>Conozca al Equipo Excepcional de CW Inmobiliaria Ibiza<\/h2>\n","protected":false},"excerpt":{"rendered":"<p>Nuestro equipo bien ensayado en CW Inmobiliaria Ibiza \u00abLas grandes cosas en los negocios nunca las hace una sola persona, sino un equipo de personas\u00bb. &#8211; Steve Jobs. En el coraz\u00f3n de CW Inmobiliaria Ibiza se encuentra un din\u00e1mico conjunto de m\u00e1s de ocho destacados profesionales, cada uno de los cuales aporta una mezcla \u00fanica &hellip; <a href=\"https:\/\/www.luxuryvillasibiza.net\/es\/acerca-de-cw-group\/team\/\" class=\"more-link\">Continue reading<span class=\"screen-reader-text\"> \u00abCW Inmobiliaria Ibiza &#8211; Acerca de nuestro excelente equipo\u00bb<\/span><\/a><\/p>\n","protected":false},"author":1,"featured_media":8616,"parent":44965,"menu_order":0,"comment_status":"closed","ping_status":"closed","template":"page-team.php","meta":{"_acf_changed":false,"footnotes":""},"class_list":["post-44969","page","type-page","status-publish","has-post-thumbnail","hentry"],"acf":[],"_links":{"self":[{"href":"https:\/\/www.luxuryvillasibiza.net\/es\/wp-json\/wp\/v2\/pages\/44969","targetHints":{"allow":["GET"]}}],"collection":[{"href":"https:\/\/www.luxuryvillasibiza.net\/es\/wp-json\/wp\/v2\/pages"}],"about":[{"href":"https:\/\/www.luxuryvillasibiza.net\/es\/wp-json\/wp\/v2\/types\/page"}],"author":[{"embeddable":true,"href":"https:\/\/www.luxuryvillasibiza.net\/es\/wp-json\/wp\/v2\/users\/1"}],"replies":[{"embeddable":true,"href":"https:\/\/www.luxuryvillasibiza.net\/es\/wp-json\/wp\/v2\/comments?post=44969"}],"version-history":[{"count":6,"href":"https:\/\/www.luxuryvillasibiza.net\/es\/wp-json\/wp\/v2\/pages\/44969\/revisions"}],"predecessor-version":[{"id":133754,"href":"https:\/\/www.luxuryvillasibiza.net\/es\/wp-json\/wp\/v2\/pages\/44969\/revisions\/133754"}],"up":[{"embeddable":true,"href":"https:\/\/www.luxuryvillasibiza.net\/es\/wp-json\/wp\/v2\/pages\/44965"}],"wp:featuredmedia":[{"embeddable":true,"href":"https:\/\/www.luxuryvillasibiza.net\/es\/wp-json\/wp\/v2\/media\/8616"}],"wp:attachment":[{"href":"https:\/\/www.luxuryvillasibiza.net\/es\/wp-json\/wp\/v2\/media?parent=44969"}],"curies":[{"name":"wp","href":"https:\/\/api.w.org\/{rel}","templated":true}]}}