{"id":44972,"date":"2023-11-27T18:12:49","date_gmt":"2023-11-27T18:12:49","guid":{"rendered":"https:\/\/www.cwibiza.com\/blogs\/"},"modified":"2025-08-30T04:02:07","modified_gmt":"2025-08-30T04:02:07","slug":"blogs","status":"publish","type":"page","link":"https:\/\/www.luxuryvillasibiza.net\/es\/blogs\/","title":{"rendered":"Blogs"},"content":{"rendered":"<h2>\u00daltimas novedades sobre Bienes Ra\u00edces y Estilo de Vida en Ibiza<\/h2>\n<p>En nuestro Blog de Noticias y Estilo de Vida en Ibiza encontrar\u00e1s la informaci\u00f3n m\u00e1s reciente sobre el mercado inmobiliario de la isla. Desde villas de lujo y modernos apartamentos hasta oportunidades de inversi\u00f3n, compartimos art\u00edculos que ayudan tanto a compradores como a inversores a tomar las mejores decisiones.<\/p>\n<p>Tambi\u00e9n descubrir\u00e1s la esencia del estilo de vida ibicenco. Escribimos sobre playas escondidas, experiencias gastron\u00f3micas, cultura local y eventos exclusivos que hacen de Ibiza un destino \u00fanico. Nuestros blogs son la gu\u00eda perfecta para quienes desean conocer de cerca el mercado inmobiliario y el estilo de vida de la isla.<\/p>\n","protected":false},"excerpt":{"rendered":"<p>\u00daltimas novedades sobre Bienes Ra\u00edces y Estilo de Vida en Ibiza En nuestro Blog de Noticias y Estilo de Vida en Ibiza encontrar\u00e1s la informaci\u00f3n m\u00e1s reciente sobre el mercado inmobiliario de la isla. Desde villas de lujo y modernos apartamentos hasta oportunidades de inversi\u00f3n, compartimos art\u00edculos que ayudan tanto a compradores como a inversores &hellip; <a href=\"https:\/\/www.luxuryvillasibiza.net\/es\/blogs\/\" class=\"more-link\">Continue reading<span class=\"screen-reader-text\"> \u00abBlogs\u00bb<\/span><\/a><\/p>\n","protected":false},"author":1,"featured_media":0,"parent":0,"menu_order":0,"comment_status":"closed","ping_status":"closed","template":"page-blog.php","meta":{"_acf_changed":false,"footnotes":""},"class_list":["post-44972","page","type-page","status-publish","hentry"],"acf":[],"yoast_head":"<!-- This site is optimized with the Yoast SEO Premium plugin v27.3 (Yoast SEO v27.3) - https:\/\/yoast.com\/product\/yoast-seo-premium-wordpress\/ -->\n<title>Blogs sobre el mercado inmobiliario en Ibiza - CW Group<\/title>\n<meta name=\"description\" content=\"Si est\u00e1 pensando en comprar, invertir o poseer una propiedad en Ibiza, esta recopilaci\u00f3n de noticias le proporcionar\u00e1 la informaci\u00f3n.\" \/>\n<meta name=\"robots\" content=\"index, follow, max-snippet:-1, max-image-preview:large, max-video-preview:-1\" \/>\n<link rel=\"canonical\" href=\"https:\/\/www.luxuryvillasibiza.net\/es\/blogs\/\" \/>\n<meta property=\"og:locale\" content=\"es_ES\" \/>\n<meta property=\"og:type\" content=\"article\" \/>\n<meta property=\"og:title\" content=\"Blogs\" \/>\n<meta property=\"og:description\" content=\"Si est\u00e1 pensando en comprar, invertir o poseer una propiedad en Ibiza, esta recopilaci\u00f3n de noticias le proporcionar\u00e1 la informaci\u00f3n.\" \/>\n<meta property=\"og:url\" content=\"https:\/\/www.luxuryvillasibiza.net\/es\/blogs\/\" \/>\n<meta property=\"og:site_name\" content=\"CW Group\" \/>\n<meta property=\"article:modified_time\" content=\"2025-08-30T04:02:07+00:00\" \/>\n<meta property=\"og:image\" content=\"https:\/\/www.luxuryvillasibiza.net\/wp-content\/uploads\/2024\/05\/logo-copy.jpg\" \/>\n\t<meta property=\"og:image:width\" content=\"500\" \/>\n\t<meta property=\"og:image:height\" content=\"500\" \/>\n\t<meta property=\"og:image:type\" content=\"image\/jpeg\" \/>\n<meta name=\"twitter:card\" content=\"summary_large_image\" \/>\n<meta name=\"twitter:label1\" content=\"Tiempo de lectura\" \/>\n\t<meta name=\"twitter:data1\" content=\"1 minuto\" \/>\n<script type=\"application\/ld+json\" class=\"yoast-schema-graph\">{\"@context\":\"https:\\\/\\\/schema.org\",\"@graph\":[{\"@type\":\"WebPage\",\"@id\":\"https:\\\/\\\/www.luxuryvillasibiza.net\\\/es\\\/blogs\\\/\",\"url\":\"https:\\\/\\\/www.luxuryvillasibiza.net\\\/es\\\/blogs\\\/\",\"name\":\"Blogs sobre el mercado inmobiliario en Ibiza - CW Group\",\"isPartOf\":{\"@id\":\"https:\\\/\\\/www.luxuryvillasibiza.net\\\/es\\\/#website\"},\"datePublished\":\"2023-11-27T18:12:49+00:00\",\"dateModified\":\"2025-08-30T04:02:07+00:00\",\"description\":\"Si est\u00e1 pensando en comprar, invertir o poseer una propiedad en Ibiza, esta recopilaci\u00f3n de noticias le proporcionar\u00e1 la informaci\u00f3n.\",\"breadcrumb\":{\"@id\":\"https:\\\/\\\/www.luxuryvillasibiza.net\\\/es\\\/blogs\\\/#breadcrumb\"},\"inLanguage\":\"es\",\"potentialAction\":[{\"@type\":\"ReadAction\",\"target\":[\"https:\\\/\\\/www.luxuryvillasibiza.net\\\/es\\\/blogs\\\/\"]}]},{\"@type\":\"BreadcrumbList\",\"@id\":\"https:\\\/\\\/www.luxuryvillasibiza.net\\\/es\\\/blogs\\\/#breadcrumb\",\"itemListElement\":[{\"@type\":\"ListItem\",\"position\":1,\"name\":\"Home\",\"item\":\"https:\\\/\\\/www.luxuryvillasibiza.net\\\/es\\\/\"},{\"@type\":\"ListItem\",\"position\":2,\"name\":\"Blogs\"}]},{\"@type\":\"WebSite\",\"@id\":\"https:\\\/\\\/www.luxuryvillasibiza.net\\\/es\\\/#website\",\"url\":\"https:\\\/\\\/www.luxuryvillasibiza.net\\\/es\\\/\",\"name\":\"CW Group - Real Estate Ibiza\",\"description\":\"Real Estate Ibiza\",\"publisher\":{\"@id\":\"https:\\\/\\\/www.luxuryvillasibiza.net\\\/es\\\/#organization\"},\"alternateName\":\"CW Group Ibiza\",\"potentialAction\":[{\"@type\":\"SearchAction\",\"target\":{\"@type\":\"EntryPoint\",\"urlTemplate\":\"https:\\\/\\\/www.luxuryvillasibiza.net\\\/es\\\/?s={search_term_string}\"},\"query-input\":{\"@type\":\"PropertyValueSpecification\",\"valueRequired\":true,\"valueName\":\"search_term_string\"}}],\"inLanguage\":\"es\"},{\"@type\":\"Organization\",\"@id\":\"https:\\\/\\\/www.luxuryvillasibiza.net\\\/es\\\/#organization\",\"name\":\"CW - Luxury Villas in Ibiza\",\"alternateName\":\"Ibiza Real Estate\",\"url\":\"https:\\\/\\\/www.luxuryvillasibiza.net\\\/es\\\/\",\"logo\":{\"@type\":\"ImageObject\",\"inLanguage\":\"es\",\"@id\":\"https:\\\/\\\/www.luxuryvillasibiza.net\\\/es\\\/#\\\/schema\\\/logo\\\/image\\\/\",\"url\":\"https:\\\/\\\/www.luxuryvillasibiza.net\\\/wp-content\\\/uploads\\\/2025\\\/01\\\/last-page.jpg\",\"contentUrl\":\"https:\\\/\\\/www.luxuryvillasibiza.net\\\/wp-content\\\/uploads\\\/2025\\\/01\\\/last-page.jpg\",\"width\":1200,\"height\":675,\"caption\":\"CW - Luxury Villas in Ibiza\"},\"image\":{\"@id\":\"https:\\\/\\\/www.luxuryvillasibiza.net\\\/es\\\/#\\\/schema\\\/logo\\\/image\\\/\"}}]}<\/script>\n<!-- \/ Yoast SEO Premium plugin. -->","yoast_head_json":{"title":"Blogs sobre el mercado inmobiliario en Ibiza - CW Group","description":"Si est\u00e1 pensando en comprar, invertir o poseer una propiedad en Ibiza, esta recopilaci\u00f3n de noticias le proporcionar\u00e1 la informaci\u00f3n.","robots":{"index":"index","follow":"follow","max-snippet":"max-snippet:-1","max-image-preview":"max-image-preview:large","max-video-preview":"max-video-preview:-1"},"canonical":"https:\/\/www.luxuryvillasibiza.net\/es\/blogs\/","og_locale":"es_ES","og_type":"article","og_title":"Blogs","og_description":"Si est\u00e1 pensando en comprar, invertir o poseer una propiedad en Ibiza, esta recopilaci\u00f3n de noticias le proporcionar\u00e1 la informaci\u00f3n.","og_url":"https:\/\/www.luxuryvillasibiza.net\/es\/blogs\/","og_site_name":"CW Group","article_modified_time":"2025-08-30T04:02:07+00:00","og_image":[{"width":500,"height":500,"url":"https:\/\/www.luxuryvillasibiza.net\/wp-content\/uploads\/2024\/05\/logo-copy.jpg","type":"image\/jpeg"}],"twitter_card":"summary_large_image","twitter_misc":{"Tiempo de lectura":"1 minuto"},"schema":{"@context":"https:\/\/schema.org","@graph":[{"@type":"WebPage","@id":"https:\/\/www.luxuryvillasibiza.net\/es\/blogs\/","url":"https:\/\/www.luxuryvillasibiza.net\/es\/blogs\/","name":"Blogs sobre el mercado inmobiliario en Ibiza - CW Group","isPartOf":{"@id":"https:\/\/www.luxuryvillasibiza.net\/es\/#website"},"datePublished":"2023-11-27T18:12:49+00:00","dateModified":"2025-08-30T04:02:07+00:00","description":"Si est\u00e1 pensando en comprar, invertir o poseer una propiedad en Ibiza, esta recopilaci\u00f3n de noticias le proporcionar\u00e1 la informaci\u00f3n.","breadcrumb":{"@id":"https:\/\/www.luxuryvillasibiza.net\/es\/blogs\/#breadcrumb"},"inLanguage":"es","potentialAction":[{"@type":"ReadAction","target":["https:\/\/www.luxuryvillasibiza.net\/es\/blogs\/"]}]},{"@type":"BreadcrumbList","@id":"https:\/\/www.luxuryvillasibiza.net\/es\/blogs\/#breadcrumb","itemListElement":[{"@type":"ListItem","position":1,"name":"Home","item":"https:\/\/www.luxuryvillasibiza.net\/es\/"},{"@type":"ListItem","position":2,"name":"Blogs"}]},{"@type":"WebSite","@id":"https:\/\/www.luxuryvillasibiza.net\/es\/#website","url":"https:\/\/www.luxuryvillasibiza.net\/es\/","name":"CW Group - Real Estate Ibiza","description":"Real Estate Ibiza","publisher":{"@id":"https:\/\/www.luxuryvillasibiza.net\/es\/#organization"},"alternateName":"CW Group Ibiza","potentialAction":[{"@type":"SearchAction","target":{"@type":"EntryPoint","urlTemplate":"https:\/\/www.luxuryvillasibiza.net\/es\/?s={search_term_string}"},"query-input":{"@type":"PropertyValueSpecification","valueRequired":true,"valueName":"search_term_string"}}],"inLanguage":"es"},{"@type":"Organization","@id":"https:\/\/www.luxuryvillasibiza.net\/es\/#organization","name":"CW - Luxury Villas in Ibiza","alternateName":"Ibiza Real Estate","url":"https:\/\/www.luxuryvillasibiza.net\/es\/","logo":{"@type":"ImageObject","inLanguage":"es","@id":"https:\/\/www.luxuryvillasibiza.net\/es\/#\/schema\/logo\/image\/","url":"https:\/\/www.luxuryvillasibiza.net\/wp-content\/uploads\/2025\/01\/last-page.jpg","contentUrl":"https:\/\/www.luxuryvillasibiza.net\/wp-content\/uploads\/2025\/01\/last-page.jpg","width":1200,"height":675,"caption":"CW - Luxury Villas in Ibiza"},"image":{"@id":"https:\/\/www.luxuryvillasibiza.net\/es\/#\/schema\/logo\/image\/"}}]}},"_links":{"self":[{"href":"https:\/\/www.luxuryvillasibiza.net\/es\/wp-json\/wp\/v2\/pages\/44972","targetHints":{"allow":["GET"]}}],"collection":[{"href":"https:\/\/www.luxuryvillasibiza.net\/es\/wp-json\/wp\/v2\/pages"}],"about":[{"href":"https:\/\/www.luxuryvillasibiza.net\/es\/wp-json\/wp\/v2\/types\/page"}],"author":[{"embeddable":true,"href":"https:\/\/www.luxuryvillasibiza.net\/es\/wp-json\/wp\/v2\/users\/1"}],"replies":[{"embeddable":true,"href":"https:\/\/www.luxuryvillasibiza.net\/es\/wp-json\/wp\/v2\/comments?post=44972"}],"version-history":[{"count":3,"href":"https:\/\/www.luxuryvillasibiza.net\/es\/wp-json\/wp\/v2\/pages\/44972\/revisions"}],"predecessor-version":[{"id":133632,"href":"https:\/\/www.luxuryvillasibiza.net\/es\/wp-json\/wp\/v2\/pages\/44972\/revisions\/133632"}],"wp:attachment":[{"href":"https:\/\/www.luxuryvillasibiza.net\/es\/wp-json\/wp\/v2\/media?parent=44972"}],"curies":[{"name":"wp","href":"https:\/\/api.w.org\/{rel}","templated":true}]}}