{"id":44976,"date":"2023-11-27T18:13:01","date_gmt":"2023-11-27T18:13:01","guid":{"rendered":"https:\/\/www.cwibiza.com\/contact-us\/"},"modified":"2025-11-14T09:11:14","modified_gmt":"2025-11-14T09:11:14","slug":"contacto","status":"publish","type":"page","link":"https:\/\/www.luxuryvillasibiza.net\/es\/contacto\/","title":{"rendered":"Contactar con CW Inmobiliaria Ibiza"},"content":{"rendered":"<h3 data-start=\"1572\" data-end=\"1718\">\u00a1Gracias por su consulta!<\/h3>\n<p data-start=\"1572\" data-end=\"1718\">Agradecemos sinceramente su inter\u00e9s en CW Real Estate Ibiza y en nuestra exclusiva selecci\u00f3n de propiedades.<\/p>\n<p data-start=\"1720\" data-end=\"1994\">Tenga en cuenta que, adem\u00e1s de las propiedades que aparecen en l\u00ednea, contamos con numerosas propiedades confidenciales y fuera del mercado <strong>(off-market)<\/strong> disponibles solo a trav\u00e9s de nuestra red privada. Estaremos encantados de presentarle estas opciones personalmente.<\/p>\n<p data-start=\"1996\" data-end=\"2163\">Si nos indica el tipo de propiedad o la zona que prefiere, uno de nuestros agentes inmobiliarios experimentados se pondr\u00e1 en contacto con usted lo antes posible.<\/p>\n<p data-start=\"2165\" data-end=\"2243\">CW Real Estate Ibiza \u2013 Su socio para propiedades excepcionales en Ibiza.<\/p>\n","protected":false},"excerpt":{"rendered":"<p>\u00a1Gracias por su consulta! Agradecemos sinceramente su inter\u00e9s en CW Real Estate Ibiza y en nuestra exclusiva selecci\u00f3n de propiedades. Tenga en cuenta que, adem\u00e1s de las propiedades que aparecen en l\u00ednea, contamos con numerosas propiedades confidenciales y fuera del mercado (off-market) disponibles solo a trav\u00e9s de nuestra red privada. Estaremos encantados de presentarle estas &hellip; <a href=\"https:\/\/www.luxuryvillasibiza.net\/es\/contacto\/\" class=\"more-link\">Continue reading<span class=\"screen-reader-text\"> \u00abContactar con CW Inmobiliaria Ibiza\u00bb<\/span><\/a><\/p>\n","protected":false},"author":1,"featured_media":0,"parent":0,"menu_order":0,"comment_status":"closed","ping_status":"closed","template":"page-contact.php","meta":{"_acf_changed":false,"footnotes":""},"class_list":["post-44976","page","type-page","status-publish","hentry"],"acf":[],"_links":{"self":[{"href":"https:\/\/www.luxuryvillasibiza.net\/es\/wp-json\/wp\/v2\/pages\/44976","targetHints":{"allow":["GET"]}}],"collection":[{"href":"https:\/\/www.luxuryvillasibiza.net\/es\/wp-json\/wp\/v2\/pages"}],"about":[{"href":"https:\/\/www.luxuryvillasibiza.net\/es\/wp-json\/wp\/v2\/types\/page"}],"author":[{"embeddable":true,"href":"https:\/\/www.luxuryvillasibiza.net\/es\/wp-json\/wp\/v2\/users\/1"}],"replies":[{"embeddable":true,"href":"https:\/\/www.luxuryvillasibiza.net\/es\/wp-json\/wp\/v2\/comments?post=44976"}],"version-history":[{"count":6,"href":"https:\/\/www.luxuryvillasibiza.net\/es\/wp-json\/wp\/v2\/pages\/44976\/revisions"}],"predecessor-version":[{"id":145506,"href":"https:\/\/www.luxuryvillasibiza.net\/es\/wp-json\/wp\/v2\/pages\/44976\/revisions\/145506"}],"wp:attachment":[{"href":"https:\/\/www.luxuryvillasibiza.net\/es\/wp-json\/wp\/v2\/media?parent=44976"}],"curies":[{"name":"wp","href":"https:\/\/api.w.org\/{rel}","templated":true}]}}