{"id":44982,"date":"2023-12-11T22:23:45","date_gmt":"2023-12-11T22:23:45","guid":{"rendered":"https:\/\/www.cwibiza.com\/imprint\/"},"modified":"2025-09-08T14:49:30","modified_gmt":"2025-09-08T14:49:30","slug":"imprint","status":"publish","type":"page","link":"https:\/\/www.luxuryvillasibiza.net\/es\/imprint\/","title":{"rendered":"Imprint"},"content":{"rendered":"<p>El servicio se presta en www.luxuryvillasibiza.net\/es:<\/p>\n<h2>CW Europe Group Marbella S.L<\/h2>\n<p>Anagrama Comercial &#8211; Direcci\u00f3n<br \/>\nCarretra de Jesus, numero 101,<br \/>\nplanta baja, puerta 5,<br \/>\nNuestra Senora de Jesus 07819,<br \/>\nSanta\u00a0Eulalia,\u00a0Ibiza<\/p>\n<p>N\u00famero de identificaci\u00f3n fiscal: B93249878<\/p>\n<p>Tel: +34 692807756<br \/>\nFax: +34 871030774<br \/>\nE-mail: info@cw-ibiza.de<\/p>\n<p>Directores Generales: Christian Wolf &amp; Nicole Wolf<\/p>\n<p>www.luxuryvillasibiza.net: es una plataforma en la que los franquiciados del grupo de empresas CW Europe Group Marbella S.L. as\u00ed como el propio grupo de empresas CW Europe Group Marbella S.L. pueden colocar inmuebles y yates en oferta y poner dichas ofertas a disposici\u00f3n del p\u00fablico.<\/p>\n<p>Responsabilidad seg\u00fan \u00a7 18 Abs. 2 MStV por cualquier contenido editorial en www.luxuryvillasibiza.net:<br \/>\nChristian Wolf X14393400X<\/p>\n<h2>Informaci\u00f3n al consumidor sobre resoluci\u00f3n alternativa de litigios<\/h2>\n<p>(Art. 14 (1) ODR-VO y \u00a7 36 VSBG)<\/p>\n<p>La plataforma de Internet de la Uni\u00f3n Europea para la resoluci\u00f3n de litigios en l\u00ednea (denominada \u00abplataforma ODR\u00bb) est\u00e1 disponible a trav\u00e9s del siguiente enlace.<\/p>\n<p>https:\/\/ec.europa.eu\/consumers\/odr<br \/>\nNo participamos en procedimientos de resoluci\u00f3n de litigios ante organismos de arbitraje de consumo.<\/p>\n<p>Email: info@cw-ibiza.de<\/p>\n","protected":false},"excerpt":{"rendered":"<p>El servicio se presta en www.luxuryvillasibiza.net\/es: CW Europe Group Marbella S.L Anagrama Comercial &#8211; Direcci\u00f3n Carretra de Jesus, numero 101, planta baja, puerta 5, Nuestra Senora de Jesus 07819, Santa\u00a0Eulalia,\u00a0Ibiza N\u00famero de identificaci\u00f3n fiscal: B93249878 Tel: +34 692807756 Fax: +34 871030774 E-mail: info@cw-ibiza.de Directores Generales: Christian Wolf &amp; Nicole Wolf www.luxuryvillasibiza.net: es una plataforma en &hellip; <a href=\"https:\/\/www.luxuryvillasibiza.net\/es\/imprint\/\" class=\"more-link\">Continue reading<span class=\"screen-reader-text\"> \u00abImprint\u00bb<\/span><\/a><\/p>\n","protected":false},"author":1,"featured_media":0,"parent":0,"menu_order":0,"comment_status":"closed","ping_status":"closed","template":"","meta":{"_acf_changed":false,"footnotes":""},"class_list":["post-44982","page","type-page","status-publish","hentry"],"acf":[],"_links":{"self":[{"href":"https:\/\/www.luxuryvillasibiza.net\/es\/wp-json\/wp\/v2\/pages\/44982","targetHints":{"allow":["GET"]}}],"collection":[{"href":"https:\/\/www.luxuryvillasibiza.net\/es\/wp-json\/wp\/v2\/pages"}],"about":[{"href":"https:\/\/www.luxuryvillasibiza.net\/es\/wp-json\/wp\/v2\/types\/page"}],"author":[{"embeddable":true,"href":"https:\/\/www.luxuryvillasibiza.net\/es\/wp-json\/wp\/v2\/users\/1"}],"replies":[{"embeddable":true,"href":"https:\/\/www.luxuryvillasibiza.net\/es\/wp-json\/wp\/v2\/comments?post=44982"}],"version-history":[{"count":4,"href":"https:\/\/www.luxuryvillasibiza.net\/es\/wp-json\/wp\/v2\/pages\/44982\/revisions"}],"predecessor-version":[{"id":134433,"href":"https:\/\/www.luxuryvillasibiza.net\/es\/wp-json\/wp\/v2\/pages\/44982\/revisions\/134433"}],"wp:attachment":[{"href":"https:\/\/www.luxuryvillasibiza.net\/es\/wp-json\/wp\/v2\/media?parent=44982"}],"curies":[{"name":"wp","href":"https:\/\/api.w.org\/{rel}","templated":true}]}}