{"id":45960,"date":"2024-03-10T18:18:08","date_gmt":"2024-03-10T18:18:08","guid":{"rendered":"https:\/\/www.cwibiza.com\/guides\/"},"modified":"2025-08-30T21:51:23","modified_gmt":"2025-08-30T21:51:23","slug":"guias","status":"publish","type":"page","link":"https:\/\/www.luxuryvillasibiza.net\/es\/guias\/","title":{"rendered":"Gu\u00edas &#8211; CW Inmobiliaria Ibiza"},"content":{"rendered":"<h2>Gu\u00edas esenciales para Comprar y Vender Propiedades en Ibiza<\/h2>\n<p>Las Gu\u00edas Inmobiliarias de CW <a rel=\"noopener noreferrer\" href=\"https:\/\/www.luxuryvillasibiza.net\/es\">Inmobiliaria Ibiza<\/a> est\u00e1n pensadas para acompa\u00f1arte en cada paso de tu camino en Ibiza. Ya sea que quieras comprar tu primera vivienda, vender una propiedad o informarte sobre las opciones de hipoteca, nuestros art\u00edculos te ofrecen orientaci\u00f3n clara y pr\u00e1ctica. Con m\u00e1s de diez a\u00f1os de experiencia en el mercado inmobiliario de Ibiza, somos un referente de confianza.<\/p>\n<p>Desde requisitos legales hasta estrategias de venta y posibilidades de financiaci\u00f3n, nuestras gu\u00edas abordan todos los aspectos clave del sector. Gracias al respaldo de CW Inmobiliaria Ibiza, agencia galardonada internacionalmente, puedes estar seguro de tomar decisiones informadas y seguras.<\/p>\n","protected":false},"excerpt":{"rendered":"<p>Gu\u00edas esenciales para Comprar y Vender Propiedades en Ibiza Las Gu\u00edas Inmobiliarias de CW Inmobiliaria Ibiza est\u00e1n pensadas para acompa\u00f1arte en cada paso de tu camino en Ibiza. Ya sea que quieras comprar tu primera vivienda, vender una propiedad o informarte sobre las opciones de hipoteca, nuestros art\u00edculos te ofrecen orientaci\u00f3n clara y pr\u00e1ctica. Con &hellip; <a href=\"https:\/\/www.luxuryvillasibiza.net\/es\/guias\/\" class=\"more-link\">Continue reading<span class=\"screen-reader-text\"> \u00abGu\u00edas &#8211; CW Inmobiliaria Ibiza\u00bb<\/span><\/a><\/p>\n","protected":false},"author":1,"featured_media":0,"parent":0,"menu_order":0,"comment_status":"closed","ping_status":"closed","template":"page-guide.php","meta":{"_acf_changed":false,"footnotes":""},"class_list":["post-45960","page","type-page","status-publish","hentry"],"acf":[],"yoast_head":"<!-- This site is optimized with the Yoast SEO Premium plugin v27.3 (Yoast SEO v27.3) - https:\/\/yoast.com\/product\/yoast-seo-premium-wordpress\/ -->\n<title>Gu\u00edas Inmobiliarias Ibiza: Comprar, Invertir, Hipoteca<\/title>\n<meta name=\"description\" content=\"Gu\u00edas completas para comprar, invertir y financiar propiedades en Ibiza. Consejos expertos para un proceso inmobiliario seguro.\" \/>\n<meta name=\"robots\" content=\"index, follow, max-snippet:-1, max-image-preview:large, max-video-preview:-1\" \/>\n<link rel=\"canonical\" href=\"https:\/\/www.luxuryvillasibiza.net\/es\/guias\/\" \/>\n<meta property=\"og:locale\" content=\"es_ES\" \/>\n<meta property=\"og:type\" content=\"article\" \/>\n<meta property=\"og:title\" content=\"Gu\u00edas - CW Inmobiliaria Ibiza\" \/>\n<meta property=\"og:description\" content=\"Gu\u00edas completas para comprar, invertir y financiar propiedades en Ibiza. Consejos expertos para un proceso inmobiliario seguro.\" \/>\n<meta property=\"og:url\" content=\"https:\/\/www.luxuryvillasibiza.net\/es\/guias\/\" \/>\n<meta property=\"og:site_name\" content=\"CW Group\" \/>\n<meta property=\"article:modified_time\" content=\"2025-08-30T21:51:23+00:00\" \/>\n<meta property=\"og:image\" content=\"https:\/\/www.luxuryvillasibiza.net\/wp-content\/uploads\/2024\/05\/logo-copy.jpg\" \/>\n\t<meta property=\"og:image:width\" content=\"500\" \/>\n\t<meta property=\"og:image:height\" content=\"500\" \/>\n\t<meta property=\"og:image:type\" content=\"image\/jpeg\" \/>\n<meta name=\"twitter:card\" content=\"summary_large_image\" \/>\n<meta name=\"twitter:label1\" content=\"Tiempo de lectura\" \/>\n\t<meta name=\"twitter:data1\" content=\"1 minuto\" \/>\n<script type=\"application\/ld+json\" class=\"yoast-schema-graph\">{\"@context\":\"https:\\\/\\\/schema.org\",\"@graph\":[{\"@type\":\"WebPage\",\"@id\":\"https:\\\/\\\/www.luxuryvillasibiza.net\\\/es\\\/guias\\\/\",\"url\":\"https:\\\/\\\/www.luxuryvillasibiza.net\\\/es\\\/guias\\\/\",\"name\":\"Gu\u00edas Inmobiliarias Ibiza: Comprar, Invertir, Hipoteca\",\"isPartOf\":{\"@id\":\"https:\\\/\\\/www.luxuryvillasibiza.net\\\/es\\\/#website\"},\"datePublished\":\"2024-03-10T18:18:08+00:00\",\"dateModified\":\"2025-08-30T21:51:23+00:00\",\"description\":\"Gu\u00edas completas para comprar, invertir y financiar propiedades en Ibiza. Consejos expertos para un proceso inmobiliario seguro.\",\"breadcrumb\":{\"@id\":\"https:\\\/\\\/www.luxuryvillasibiza.net\\\/es\\\/guias\\\/#breadcrumb\"},\"inLanguage\":\"es\",\"potentialAction\":[{\"@type\":\"ReadAction\",\"target\":[\"https:\\\/\\\/www.luxuryvillasibiza.net\\\/es\\\/guias\\\/\"]}]},{\"@type\":\"BreadcrumbList\",\"@id\":\"https:\\\/\\\/www.luxuryvillasibiza.net\\\/es\\\/guias\\\/#breadcrumb\",\"itemListElement\":[{\"@type\":\"ListItem\",\"position\":1,\"name\":\"Home\",\"item\":\"https:\\\/\\\/www.luxuryvillasibiza.net\\\/es\\\/\"},{\"@type\":\"ListItem\",\"position\":2,\"name\":\"Gu\u00edas &#8211; CW Inmobiliaria Ibiza\"}]},{\"@type\":\"WebSite\",\"@id\":\"https:\\\/\\\/www.luxuryvillasibiza.net\\\/es\\\/#website\",\"url\":\"https:\\\/\\\/www.luxuryvillasibiza.net\\\/es\\\/\",\"name\":\"CW Group - Real Estate Ibiza\",\"description\":\"Real Estate Ibiza\",\"publisher\":{\"@id\":\"https:\\\/\\\/www.luxuryvillasibiza.net\\\/es\\\/#organization\"},\"alternateName\":\"CW Group Ibiza\",\"potentialAction\":[{\"@type\":\"SearchAction\",\"target\":{\"@type\":\"EntryPoint\",\"urlTemplate\":\"https:\\\/\\\/www.luxuryvillasibiza.net\\\/es\\\/?s={search_term_string}\"},\"query-input\":{\"@type\":\"PropertyValueSpecification\",\"valueRequired\":true,\"valueName\":\"search_term_string\"}}],\"inLanguage\":\"es\"},{\"@type\":\"Organization\",\"@id\":\"https:\\\/\\\/www.luxuryvillasibiza.net\\\/es\\\/#organization\",\"name\":\"CW - Luxury Villas in Ibiza\",\"alternateName\":\"Ibiza Real Estate\",\"url\":\"https:\\\/\\\/www.luxuryvillasibiza.net\\\/es\\\/\",\"logo\":{\"@type\":\"ImageObject\",\"inLanguage\":\"es\",\"@id\":\"https:\\\/\\\/www.luxuryvillasibiza.net\\\/es\\\/#\\\/schema\\\/logo\\\/image\\\/\",\"url\":\"https:\\\/\\\/www.luxuryvillasibiza.net\\\/wp-content\\\/uploads\\\/2025\\\/01\\\/last-page.jpg\",\"contentUrl\":\"https:\\\/\\\/www.luxuryvillasibiza.net\\\/wp-content\\\/uploads\\\/2025\\\/01\\\/last-page.jpg\",\"width\":1200,\"height\":675,\"caption\":\"CW - Luxury Villas in Ibiza\"},\"image\":{\"@id\":\"https:\\\/\\\/www.luxuryvillasibiza.net\\\/es\\\/#\\\/schema\\\/logo\\\/image\\\/\"}}]}<\/script>\n<!-- \/ Yoast SEO Premium plugin. -->","yoast_head_json":{"title":"Gu\u00edas Inmobiliarias Ibiza: Comprar, Invertir, Hipoteca","description":"Gu\u00edas completas para comprar, invertir y financiar propiedades en Ibiza. Consejos expertos para un proceso inmobiliario seguro.","robots":{"index":"index","follow":"follow","max-snippet":"max-snippet:-1","max-image-preview":"max-image-preview:large","max-video-preview":"max-video-preview:-1"},"canonical":"https:\/\/www.luxuryvillasibiza.net\/es\/guias\/","og_locale":"es_ES","og_type":"article","og_title":"Gu\u00edas - CW Inmobiliaria Ibiza","og_description":"Gu\u00edas completas para comprar, invertir y financiar propiedades en Ibiza. Consejos expertos para un proceso inmobiliario seguro.","og_url":"https:\/\/www.luxuryvillasibiza.net\/es\/guias\/","og_site_name":"CW Group","article_modified_time":"2025-08-30T21:51:23+00:00","og_image":[{"width":500,"height":500,"url":"https:\/\/www.luxuryvillasibiza.net\/wp-content\/uploads\/2024\/05\/logo-copy.jpg","type":"image\/jpeg"}],"twitter_card":"summary_large_image","twitter_misc":{"Tiempo de lectura":"1 minuto"},"schema":{"@context":"https:\/\/schema.org","@graph":[{"@type":"WebPage","@id":"https:\/\/www.luxuryvillasibiza.net\/es\/guias\/","url":"https:\/\/www.luxuryvillasibiza.net\/es\/guias\/","name":"Gu\u00edas Inmobiliarias Ibiza: Comprar, Invertir, Hipoteca","isPartOf":{"@id":"https:\/\/www.luxuryvillasibiza.net\/es\/#website"},"datePublished":"2024-03-10T18:18:08+00:00","dateModified":"2025-08-30T21:51:23+00:00","description":"Gu\u00edas completas para comprar, invertir y financiar propiedades en Ibiza. Consejos expertos para un proceso inmobiliario seguro.","breadcrumb":{"@id":"https:\/\/www.luxuryvillasibiza.net\/es\/guias\/#breadcrumb"},"inLanguage":"es","potentialAction":[{"@type":"ReadAction","target":["https:\/\/www.luxuryvillasibiza.net\/es\/guias\/"]}]},{"@type":"BreadcrumbList","@id":"https:\/\/www.luxuryvillasibiza.net\/es\/guias\/#breadcrumb","itemListElement":[{"@type":"ListItem","position":1,"name":"Home","item":"https:\/\/www.luxuryvillasibiza.net\/es\/"},{"@type":"ListItem","position":2,"name":"Gu\u00edas &#8211; CW Inmobiliaria Ibiza"}]},{"@type":"WebSite","@id":"https:\/\/www.luxuryvillasibiza.net\/es\/#website","url":"https:\/\/www.luxuryvillasibiza.net\/es\/","name":"CW Group - Real Estate Ibiza","description":"Real Estate Ibiza","publisher":{"@id":"https:\/\/www.luxuryvillasibiza.net\/es\/#organization"},"alternateName":"CW Group Ibiza","potentialAction":[{"@type":"SearchAction","target":{"@type":"EntryPoint","urlTemplate":"https:\/\/www.luxuryvillasibiza.net\/es\/?s={search_term_string}"},"query-input":{"@type":"PropertyValueSpecification","valueRequired":true,"valueName":"search_term_string"}}],"inLanguage":"es"},{"@type":"Organization","@id":"https:\/\/www.luxuryvillasibiza.net\/es\/#organization","name":"CW - Luxury Villas in Ibiza","alternateName":"Ibiza Real Estate","url":"https:\/\/www.luxuryvillasibiza.net\/es\/","logo":{"@type":"ImageObject","inLanguage":"es","@id":"https:\/\/www.luxuryvillasibiza.net\/es\/#\/schema\/logo\/image\/","url":"https:\/\/www.luxuryvillasibiza.net\/wp-content\/uploads\/2025\/01\/last-page.jpg","contentUrl":"https:\/\/www.luxuryvillasibiza.net\/wp-content\/uploads\/2025\/01\/last-page.jpg","width":1200,"height":675,"caption":"CW - Luxury Villas in Ibiza"},"image":{"@id":"https:\/\/www.luxuryvillasibiza.net\/es\/#\/schema\/logo\/image\/"}}]}},"_links":{"self":[{"href":"https:\/\/www.luxuryvillasibiza.net\/es\/wp-json\/wp\/v2\/pages\/45960","targetHints":{"allow":["GET"]}}],"collection":[{"href":"https:\/\/www.luxuryvillasibiza.net\/es\/wp-json\/wp\/v2\/pages"}],"about":[{"href":"https:\/\/www.luxuryvillasibiza.net\/es\/wp-json\/wp\/v2\/types\/page"}],"author":[{"embeddable":true,"href":"https:\/\/www.luxuryvillasibiza.net\/es\/wp-json\/wp\/v2\/users\/1"}],"replies":[{"embeddable":true,"href":"https:\/\/www.luxuryvillasibiza.net\/es\/wp-json\/wp\/v2\/comments?post=45960"}],"version-history":[{"count":5,"href":"https:\/\/www.luxuryvillasibiza.net\/es\/wp-json\/wp\/v2\/pages\/45960\/revisions"}],"predecessor-version":[{"id":133771,"href":"https:\/\/www.luxuryvillasibiza.net\/es\/wp-json\/wp\/v2\/pages\/45960\/revisions\/133771"}],"wp:attachment":[{"href":"https:\/\/www.luxuryvillasibiza.net\/es\/wp-json\/wp\/v2\/media?parent=45960"}],"curies":[{"name":"wp","href":"https:\/\/api.w.org\/{rel}","templated":true}]}}