{"id":49935,"date":"2023-10-09T19:19:19","date_gmt":"2023-10-09T19:19:19","guid":{"rendered":"https:\/\/www.cwibiza.com\/privacy-policy\/"},"modified":"2025-09-19T04:12:44","modified_gmt":"2025-09-19T04:12:44","slug":"politica-de-privacidad","status":"publish","type":"page","link":"https:\/\/www.luxuryvillasibiza.net\/es\/politica-de-privacidad\/","title":{"rendered":"Pol\u00edtica de privacidad"},"content":{"rendered":"<p data-start=\"404\" data-end=\"450\"><em data-start=\"404\" data-end=\"448\">(\u00daltima actualizaci\u00f3n: septiembre de 2025)<\/em><\/p>\n<h2 data-start=\"452\" data-end=\"472\">1. Introducci\u00f3n<\/h2>\n<p data-start=\"473\" data-end=\"957\">La protecci\u00f3n de sus datos personales es de m\u00e1xima importancia para nosotros. En esta Pol\u00edtica de Privacidad explicamos c\u00f3mo recogemos, utilizamos y protegemos sus datos en el sitio web <strong data-start=\"659\" data-end=\"688\"><a class=\"decorated-link\" href=\"https:\/\/www.luxuryvillasibiza.net\/es\/\" target=\"_new\" rel=\"noopener\" data-start=\"661\" data-end=\"686\">www.luxuryvillasibiza.net<\/a><\/strong> y en todas sus subp\u00e1ginas. El tratamiento de sus datos se realiza de acuerdo con el <strong data-start=\"773\" data-end=\"839\">Reglamento General de Protecci\u00f3n de Datos (RGPD \u2013 UE 2016\/679)<\/strong> y con la <strong data-start=\"849\" data-end=\"954\">Ley Org\u00e1nica 3\/2018, de Protecci\u00f3n de Datos Personales y garant\u00eda de los derechos digitales (LOPDGDD)<\/strong>.<\/p>\n<h2 data-start=\"959\" data-end=\"994\">2. Responsable del tratamiento<\/h2>\n<p data-start=\"995\" data-end=\"1044\">El responsable del tratamiento de los datos es:<\/p>\n<p data-start=\"1046\" data-end=\"1213\"><strong data-start=\"1046\" data-end=\"1078\">CW Europe Group Marbella S.L<\/strong><br data-start=\"1078\" data-end=\"1081\" \/>Anagrama Commercial<br data-start=\"1100\" data-end=\"1103\" \/>Carretra de Jes\u00fas, n\u00famero 101<br data-start=\"1132\" data-end=\"1135\" \/>Planta baja, puerta 5<br data-start=\"1156\" data-end=\"1159\" \/>Nuestra Se\u00f1ora de Jes\u00fas 07819<br data-start=\"1188\" data-end=\"1191\" \/>Santa Eulalia, Ibiza<\/p>\n<p data-start=\"1215\" data-end=\"1279\">Tel\u00e9fono: +34 692807756<br data-start=\"1238\" data-end=\"1241\" \/>Correo electr\u00f3nico: <a class=\"decorated-link cursor-pointer\" rel=\"noopener\" data-start=\"1261\" data-end=\"1277\">info@cw-ibiza.de<\/a><\/p>\n<p data-start=\"1281\" data-end=\"1328\">Administradores: Christian Wolf &amp; Nicole Wolf<\/p>\n<h2 data-start=\"1330\" data-end=\"1357\">3. Datos que recogemos<\/h2>\n<h3 data-start=\"1358\" data-end=\"1387\">a) Navegaci\u00f3n en la web<\/h3>\n<p data-start=\"1388\" data-end=\"1476\">Cuando accede a nuestra p\u00e1gina web, se recopilan autom\u00e1ticamente datos t\u00e9cnicos, como:<\/p>\n<ul data-start=\"1478\" data-end=\"1577\">\n<li data-start=\"1478\" data-end=\"1494\">\n<p data-start=\"1480\" data-end=\"1494\">Direcci\u00f3n IP<\/p>\n<\/li>\n<li data-start=\"1495\" data-end=\"1521\">\n<p data-start=\"1497\" data-end=\"1521\">Fecha y hora de acceso<\/p>\n<\/li>\n<li data-start=\"1522\" data-end=\"1555\">\n<p data-start=\"1524\" data-end=\"1555\">Navegador y sistema operativo<\/p>\n<\/li>\n<li data-start=\"1556\" data-end=\"1577\">\n<p data-start=\"1558\" data-end=\"1577\">URL de referencia<\/p>\n<\/li>\n<\/ul>\n<p data-start=\"1579\" data-end=\"1650\">Estos datos se utilizan \u00fanicamente con fines t\u00e9cnicos y de seguridad.<\/p>\n<h3 data-start=\"1652\" data-end=\"1684\">b) Formularios de contacto<\/h3>\n<p data-start=\"1685\" data-end=\"1884\">Si nos contacta a trav\u00e9s de un formulario o por correo electr\u00f3nico, procesamos los datos que nos proporciona (nombre, correo electr\u00f3nico, tel\u00e9fono, contenido de la consulta) para poder responderle.<\/p>\n<h3 data-start=\"1886\" data-end=\"1918\">c) Consultas inmobiliarias<\/h3>\n<p data-start=\"1919\" data-end=\"2070\">En caso de consultas sobre inmuebles, podemos recopilar informaci\u00f3n adicional como tipo de propiedad deseada, rango de precios o ubicaci\u00f3n preferida.<\/p>\n<h2 data-start=\"2072\" data-end=\"2105\">4. Finalidad del tratamiento<\/h2>\n<p data-start=\"2106\" data-end=\"2138\">Sus datos ser\u00e1n tratados para:<\/p>\n<ul data-start=\"2140\" data-end=\"2346\">\n<li data-start=\"2140\" data-end=\"2177\">\n<p data-start=\"2142\" data-end=\"2177\">Gestionar y responder a consultas<\/p>\n<\/li>\n<li data-start=\"2178\" data-end=\"2230\">\n<p data-start=\"2180\" data-end=\"2230\">Prestar servicios de intermediaci\u00f3n inmobiliaria<\/p>\n<\/li>\n<li data-start=\"2231\" data-end=\"2279\">\n<p data-start=\"2233\" data-end=\"2279\">Cumplir obligaciones contractuales y legales<\/p>\n<\/li>\n<li data-start=\"2280\" data-end=\"2346\">\n<p data-start=\"2282\" data-end=\"2346\">Comunicaciones comerciales (solo con su consentimiento previo)<\/p>\n<\/li>\n<\/ul>\n<h2 data-start=\"2348\" data-end=\"2392\">5. Cookies y tecnolog\u00edas de seguimiento<\/h2>\n<p data-start=\"2393\" data-end=\"2450\">Nuestro sitio utiliza cookies con los siguientes fines:<\/p>\n<ul data-start=\"2452\" data-end=\"2682\">\n<li data-start=\"2452\" data-end=\"2503\">\n<p data-start=\"2454\" data-end=\"2503\"><strong data-start=\"2454\" data-end=\"2468\">Necesarias<\/strong>: funcionamiento b\u00e1sico del sitio<\/p>\n<\/li>\n<li data-start=\"2504\" data-end=\"2608\">\n<p data-start=\"2506\" data-end=\"2608\"><strong data-start=\"2506\" data-end=\"2520\">Anal\u00edticas<\/strong>: mejora de contenidos y experiencia (por ejemplo, Google Analytics, si est\u00e1 activado)<\/p>\n<\/li>\n<li data-start=\"2609\" data-end=\"2682\">\n<p data-start=\"2611\" data-end=\"2682\"><strong data-start=\"2611\" data-end=\"2628\">Publicitarias<\/strong>: personalizaci\u00f3n de ofertas (previo consentimiento)<\/p>\n<\/li>\n<\/ul>\n<p data-start=\"2684\" data-end=\"2821\">Puede configurar o revocar su consentimiento en cualquier momento a trav\u00e9s del banner de cookies o en la configuraci\u00f3n de su navegador.<\/p>\n<h2 data-start=\"2823\" data-end=\"2857\">6. Base legal del tratamiento<\/h2>\n<p data-start=\"2858\" data-end=\"2938\">El tratamiento se basa en lo dispuesto en el <strong data-start=\"2903\" data-end=\"2918\">art. 6 RGPD<\/strong> y la <strong data-start=\"2924\" data-end=\"2935\">LOPDGDD<\/strong>:<\/p>\n<ul data-start=\"2940\" data-end=\"3156\">\n<li data-start=\"2940\" data-end=\"2984\">\n<p data-start=\"2942\" data-end=\"2984\">Consentimiento expreso (art. 6.1.a RGPD)<\/p>\n<\/li>\n<li data-start=\"2985\" data-end=\"3058\">\n<p data-start=\"2987\" data-end=\"3058\">Ejecuci\u00f3n de un contrato o medidas precontractuales (art. 6.1.b RGPD)<\/p>\n<\/li>\n<li data-start=\"3059\" data-end=\"3117\">\n<p data-start=\"3061\" data-end=\"3117\">Cumplimiento de obligaciones legales (art. 6.1.c RGPD)<\/p>\n<\/li>\n<li data-start=\"3118\" data-end=\"3156\">\n<p data-start=\"3120\" data-end=\"3156\">Inter\u00e9s leg\u00edtimo (art. 6.1.f RGPD)<\/p>\n<\/li>\n<\/ul>\n<h2 data-start=\"3158\" data-end=\"3181\">7. Cesi\u00f3n de datos<\/h2>\n<p data-start=\"3182\" data-end=\"3244\">Solo compartimos datos con terceros en los siguientes casos:<\/p>\n<ul data-start=\"3246\" data-end=\"3387\">\n<li data-start=\"3246\" data-end=\"3281\">\n<p data-start=\"3248\" data-end=\"3281\">Con su consentimiento expl\u00edcito<\/p>\n<\/li>\n<li data-start=\"3282\" data-end=\"3362\">\n<p data-start=\"3284\" data-end=\"3362\">Para la prestaci\u00f3n de servicios (ej. asesores legales, bancarios o t\u00e9cnicos)<\/p>\n<\/li>\n<li data-start=\"3363\" data-end=\"3387\">\n<p data-start=\"3365\" data-end=\"3387\">Por obligaci\u00f3n legal<\/p>\n<\/li>\n<\/ul>\n<p data-start=\"3389\" data-end=\"3462\">Todos los terceros cumplen la normativa europea de protecci\u00f3n de datos.<\/p>\n<h2 data-start=\"3464\" data-end=\"3497\">8. Conservaci\u00f3n de los datos<\/h2>\n<p data-start=\"3498\" data-end=\"3690\">Los datos se conservar\u00e1n mientras sean necesarios para los fines indicados o hasta que retire su consentimiento. Una vez cumplidos estos fines, se eliminar\u00e1n o anonimizar\u00e1n de manera segura.<\/p>\n<h2 data-start=\"3692\" data-end=\"3730\">9. Transferencias internacionales<\/h2>\n<p data-start=\"3731\" data-end=\"3940\">En caso de transferencias fuera de la UE\/EEE (ej. servicios tecnol\u00f3gicos en EE.UU.), garantizamos un nivel adecuado de protecci\u00f3n mediante cl\u00e1usulas contractuales tipo u otros mecanismos legales reconocidos.<\/p>\n<h2 data-start=\"3942\" data-end=\"3975\">10. Derechos de los usuarios<\/h2>\n<p data-start=\"3976\" data-end=\"4059\">De acuerdo con el RGPD y la LOPDGDD, usted puede ejercer los siguientes derechos:<\/p>\n<ul data-start=\"4061\" data-end=\"4283\">\n<li data-start=\"4061\" data-end=\"4083\">\n<p data-start=\"4063\" data-end=\"4083\">Acceso a sus datos<\/p>\n<\/li>\n<li data-start=\"4084\" data-end=\"4120\">\n<p data-start=\"4086\" data-end=\"4120\">Rectificaci\u00f3n de datos inexactos<\/p>\n<\/li>\n<li data-start=\"4121\" data-end=\"4165\">\n<p data-start=\"4123\" data-end=\"4165\">Supresi\u00f3n de datos (\u00abderecho al olvido\u00bb)<\/p>\n<\/li>\n<li data-start=\"4166\" data-end=\"4196\">\n<p data-start=\"4168\" data-end=\"4196\">Limitaci\u00f3n del tratamiento<\/p>\n<\/li>\n<li data-start=\"4197\" data-end=\"4226\">\n<p data-start=\"4199\" data-end=\"4226\">Portabilidad de los datos<\/p>\n<\/li>\n<li data-start=\"4227\" data-end=\"4283\">\n<p data-start=\"4229\" data-end=\"4283\">Oposici\u00f3n al tratamiento, especialmente en marketing<\/p>\n<\/li>\n<\/ul>\n<p data-start=\"4285\" data-end=\"4358\">Puede ejercer estos derechos enviando un correo a <strong data-start=\"4335\" data-end=\"4355\"><a class=\"decorated-link cursor-pointer\" rel=\"noopener\" data-start=\"4337\" data-end=\"4353\">info@cw-ibiza.de<\/a><\/strong>.<\/p>\n<p data-start=\"4360\" data-end=\"4514\">Tambi\u00e9n puede presentar una reclamaci\u00f3n ante la <strong data-start=\"4408\" data-end=\"4458\">Agencia Espa\u00f1ola de Protecci\u00f3n de Datos (AEPD)<\/strong> si considera que sus derechos no han sido respetados.<\/p>\n<h2 data-start=\"4516\" data-end=\"4547\">11. Seguridad de los datos<\/h2>\n<p data-start=\"4548\" data-end=\"4695\">Aplicamos medidas t\u00e9cnicas y organizativas adecuadas (como cifrado SSL) para proteger sus datos contra el acceso no autorizado o el uso indebido.<\/p>\n<h2 data-start=\"4697\" data-end=\"4720\">12. Modificaciones<\/h2>\n<p data-start=\"4721\" data-end=\"4907\">Nos reservamos el derecho a modificar esta Pol\u00edtica de Privacidad para adaptarla a cambios legislativos o tecnol\u00f3gicos. La versi\u00f3n actualizada estar\u00e1 siempre disponible en nuestra web.<\/p>\n","protected":false},"excerpt":{"rendered":"<p>(\u00daltima actualizaci\u00f3n: septiembre de 2025) 1. Introducci\u00f3n La protecci\u00f3n de sus datos personales es de m\u00e1xima importancia para nosotros. En esta Pol\u00edtica de Privacidad explicamos c\u00f3mo recogemos, utilizamos y protegemos sus datos en el sitio web www.luxuryvillasibiza.net y en todas sus subp\u00e1ginas. El tratamiento de sus datos se realiza de acuerdo con el Reglamento General &hellip; <a href=\"https:\/\/www.luxuryvillasibiza.net\/es\/politica-de-privacidad\/\" class=\"more-link\">Continue reading<span class=\"screen-reader-text\"> \u00abPol\u00edtica de privacidad\u00bb<\/span><\/a><\/p>\n","protected":false},"author":1,"featured_media":0,"parent":0,"menu_order":0,"comment_status":"closed","ping_status":"open","template":"","meta":{"_acf_changed":false,"footnotes":""},"class_list":["post-49935","page","type-page","status-publish","hentry"],"acf":[],"_links":{"self":[{"href":"https:\/\/www.luxuryvillasibiza.net\/es\/wp-json\/wp\/v2\/pages\/49935","targetHints":{"allow":["GET"]}}],"collection":[{"href":"https:\/\/www.luxuryvillasibiza.net\/es\/wp-json\/wp\/v2\/pages"}],"about":[{"href":"https:\/\/www.luxuryvillasibiza.net\/es\/wp-json\/wp\/v2\/types\/page"}],"author":[{"embeddable":true,"href":"https:\/\/www.luxuryvillasibiza.net\/es\/wp-json\/wp\/v2\/users\/1"}],"replies":[{"embeddable":true,"href":"https:\/\/www.luxuryvillasibiza.net\/es\/wp-json\/wp\/v2\/comments?post=49935"}],"version-history":[{"count":7,"href":"https:\/\/www.luxuryvillasibiza.net\/es\/wp-json\/wp\/v2\/pages\/49935\/revisions"}],"predecessor-version":[{"id":135611,"href":"https:\/\/www.luxuryvillasibiza.net\/es\/wp-json\/wp\/v2\/pages\/49935\/revisions\/135611"}],"wp:attachment":[{"href":"https:\/\/www.luxuryvillasibiza.net\/es\/wp-json\/wp\/v2\/media?parent=49935"}],"curies":[{"name":"wp","href":"https:\/\/api.w.org\/{rel}","templated":true}]}}