{"id":153009,"date":"2026-03-26T21:37:55","date_gmt":"2026-03-26T21:37:55","guid":{"rendered":"https:\/\/www.luxuryvillasibiza.net\/luxury-rental-ibiza\/"},"modified":"2026-04-01T20:26:11","modified_gmt":"2026-04-01T20:26:11","slug":"location-villa-a-ibiza","status":"publish","type":"page","link":"https:\/\/www.luxuryvillasibiza.net\/fr\/location-villa-a-ibiza\/","title":{"rendered":"Location villa \u00e0 ibiza"},"content":{"rendered":"<p>Vous cherchez une <strong>villa a Ibiza en location<\/strong>? L&rsquo;\u00eele est devenue l&rsquo;une des destinations les plus demand\u00e9es d&rsquo;Europe pour les voyageurs recherchant intimit\u00e9, design et un haut niveau de confort. Ibiza offre une combinaison rare de beaut\u00e9 naturelle, d&rsquo;h\u00e9bergements exclusifs et d&rsquo;un style de vie qui attire des visiteurs du monde entier. Des eaux cristallines de la c\u00f4te est aux couchers de soleil \u00e9poustouflants de l&rsquo;ouest: l&rsquo;\u00eele a quelque chose \u00e0 offrir \u00e0 chacun.<\/p>\n<p>Louer une villa a Ibiza est la mani\u00e8re parfaite de d\u00e9couvrir l&rsquo;\u00eele. Au lieu de s&rsquo;adapter aux routines d&rsquo;un h\u00f4tel, vous d\u00e9cidez vous-m\u00eame quand prendre le petit-d\u00e9jeuner, le d\u00e9jeuner ou le d\u00eener. Vous avez toute la libert\u00e9 pendant la journ\u00e9e de faire ce que vous voulez, sans avoir \u00e0 attendre quelqu&rsquo;un. Beaucoup de nos villas de luxe sont accompagn\u00e9es d&rsquo;un personnel d\u00e9vou\u00e9, des chefs priv\u00e9s aux th\u00e9rapeutes de bien-\u00eatre, pour que chaque d\u00e9tail de votre s\u00e9jour soit parfaitement organis\u00e9.<\/p>\n<h2>La Libert\u00e9 d&rsquo;une Villa Priv\u00e9e<\/h2>\n<p>Au lieu de s&rsquo;adapter aux routines d&rsquo;un h\u00f4tel, vous d\u00e9terminez votre propre rythme. Les matin\u00e9es commencent calmement avec une tasse de caf\u00e9 sur votre terrasse priv\u00e9e, les apr\u00e8s-midi se passent \u00e0 la mer ou au bord de votre propre piscine, et les soir\u00e9es se d\u00e9ploient avec des vues spectaculaires sur le littoral ou la campagne tranquille.<\/p>\n<p>Des villas modernes avec vue panoramique sur la mer aux fermes traditionnelles dans un environnement calme: Ibiza offre un large choix de villas de luxe a Ibiza pour tous les go\u00fbts. Vous cherchez plut\u00f4t un bien \u00e0 acheter? D\u00e9couvrez \u00e9galement nos <a href=\"https:\/\/www.luxuryvillasibiza.net\/fr\/property\/maison-a-vendre-ibiza\/\">maisons a vendre a Ibiza<\/a>. Que vous planifiiez une c\u00e9l\u00e9bration sp\u00e9ciale avec des amis ou des vacances familiales tranquilles, une villa parfaite vous attend. D\u00e9couvrez \u00e9galement notre <a href=\"https:\/\/www.luxuryvillasibiza.net\/fr\/guide\/villa-de-luxe-a-louer-a-ibiza-2026\/\">guide sur les villas a Ibiza<\/a> pour plus d&rsquo;inspiration.<\/p>\n","protected":false},"excerpt":{"rendered":"<p>Vous cherchez une villa a Ibiza en location? L&rsquo;\u00eele est devenue l&rsquo;une des destinations les plus demand\u00e9es d&rsquo;Europe pour les voyageurs recherchant intimit\u00e9, design et un haut niveau de confort. Ibiza offre une combinaison rare de beaut\u00e9 naturelle, d&rsquo;h\u00e9bergements exclusifs et d&rsquo;un style de vie qui attire des visiteurs du monde entier. Des eaux cristallines &hellip; <a href=\"https:\/\/www.luxuryvillasibiza.net\/fr\/location-villa-a-ibiza\/\" class=\"more-link\">Continue reading<span class=\"screen-reader-text\"> \u00ab\u00a0Location villa \u00e0 ibiza\u00a0\u00bb<\/span><\/a><\/p>\n","protected":false},"author":1,"featured_media":153053,"parent":0,"menu_order":0,"comment_status":"closed","ping_status":"closed","template":"page-rental.php","meta":{"_acf_changed":false,"footnotes":""},"class_list":["post-153009","page","type-page","status-publish","has-post-thumbnail","hentry"],"acf":[],"_links":{"self":[{"href":"https:\/\/www.luxuryvillasibiza.net\/fr\/wp-json\/wp\/v2\/pages\/153009","targetHints":{"allow":["GET"]}}],"collection":[{"href":"https:\/\/www.luxuryvillasibiza.net\/fr\/wp-json\/wp\/v2\/pages"}],"about":[{"href":"https:\/\/www.luxuryvillasibiza.net\/fr\/wp-json\/wp\/v2\/types\/page"}],"author":[{"embeddable":true,"href":"https:\/\/www.luxuryvillasibiza.net\/fr\/wp-json\/wp\/v2\/users\/1"}],"replies":[{"embeddable":true,"href":"https:\/\/www.luxuryvillasibiza.net\/fr\/wp-json\/wp\/v2\/comments?post=153009"}],"version-history":[{"count":13,"href":"https:\/\/www.luxuryvillasibiza.net\/fr\/wp-json\/wp\/v2\/pages\/153009\/revisions"}],"predecessor-version":[{"id":156320,"href":"https:\/\/www.luxuryvillasibiza.net\/fr\/wp-json\/wp\/v2\/pages\/153009\/revisions\/156320"}],"wp:featuredmedia":[{"embeddable":true,"href":"https:\/\/www.luxuryvillasibiza.net\/fr\/wp-json\/wp\/v2\/media\/153053"}],"wp:attachment":[{"href":"https:\/\/www.luxuryvillasibiza.net\/fr\/wp-json\/wp\/v2\/media?parent=153009"}],"curies":[{"name":"wp","href":"https:\/\/api.w.org\/{rel}","templated":true}]}}