{"id":44372,"date":"2023-10-09T19:19:19","date_gmt":"2023-10-09T19:19:19","guid":{"rendered":"https:\/\/www.cwibiza.com\/sample-page\/"},"modified":"2025-11-23T22:58:21","modified_gmt":"2025-11-23T22:58:21","slug":"sample-page","status":"publish","type":"page","link":"https:\/\/www.luxuryvillasibiza.net\/fr\/","title":{"rendered":"Agence Immobilier Ibiza \u2013 CW Group"},"content":{"rendered":"<h2>Laur\u00e9at du prix Immobilier a Ibiza 2024\/2025<\/h2>\n<p>Vous souhaitez acheter ou vendre un bien immobilier \u00e0 Ibiza ? Chez CW Group Ibiza, nous accompagnons depuis de nombreuses ann\u00e9es des personnes dans leur recherche d&rsquo;une maison sur l&rsquo;\u00eele ou dans la vente fiable et discr\u00e8te de leur bien immobilier existant. Notre \u00e9quipe vit elle-m\u00eame depuis longtemps \u00e0 Ibiza, conna\u00eet chaque r\u00e9gion, chaque particularit\u00e9 du march\u00e9 et les biens immobiliers de luxe qui n&rsquo;apparaissent pas sur les portails publics. Qu&rsquo;il s&rsquo;agisse d&rsquo;une finca traditionnelle, d&rsquo;un appartement moderne ou d&rsquo;une villa de luxe, nous ne vous pr\u00e9sentons que des biens qui correspondent vraiment \u00e0 vos souhaits, de mani\u00e8re honn\u00eate, transparente et sans pression.<\/p>\n<p>Gr\u00e2ce \u00e0 notre exp\u00e9rience et \u00e0 nos relations locales, nous disposons de l&rsquo;une des offres immobili\u00e8res les plus vari\u00e9es et les plus exclusives d&rsquo;Ibiza et de Formentera, y compris de nombreuses villas discr\u00e8tes hors march\u00e9. Si vous \u00eates \u00e0 la recherche de la propri\u00e9t\u00e9 de vos r\u00eaves ou si vous avez besoin d&rsquo;aide pour vendre, nous sommes l\u00e0 pour vous. \u00c9crivez-nous ou appelez-nous, ensemble, nous trouverons ce qui vous convient. Bienvenue sur une \u00eele qui devient rapidement plus qu&rsquo;un simple lieu.<\/p>\n","protected":false},"excerpt":{"rendered":"<p>Laur\u00e9at du prix Immobilier a Ibiza 2024\/2025 Vous souhaitez acheter ou vendre un bien immobilier \u00e0 Ibiza ? Chez CW Group Ibiza, nous accompagnons depuis de nombreuses ann\u00e9es des personnes dans leur recherche d&rsquo;une maison sur l&rsquo;\u00eele ou dans la vente fiable et discr\u00e8te de leur bien immobilier existant. Notre \u00e9quipe vit elle-m\u00eame depuis longtemps &hellip; <a href=\"https:\/\/www.luxuryvillasibiza.net\/fr\/\" class=\"more-link\">Continue reading<span class=\"screen-reader-text\"> \u00ab\u00a0Agence Immobilier Ibiza \u2013 CW Group\u00a0\u00bb<\/span><\/a><\/p>\n","protected":false},"author":1,"featured_media":8333,"parent":0,"menu_order":0,"comment_status":"closed","ping_status":"open","template":"","meta":{"_acf_changed":false,"footnotes":""},"class_list":["post-44372","page","type-page","status-publish","has-post-thumbnail","hentry"],"acf":[],"_links":{"self":[{"href":"https:\/\/www.luxuryvillasibiza.net\/fr\/wp-json\/wp\/v2\/pages\/44372","targetHints":{"allow":["GET"]}}],"collection":[{"href":"https:\/\/www.luxuryvillasibiza.net\/fr\/wp-json\/wp\/v2\/pages"}],"about":[{"href":"https:\/\/www.luxuryvillasibiza.net\/fr\/wp-json\/wp\/v2\/types\/page"}],"author":[{"embeddable":true,"href":"https:\/\/www.luxuryvillasibiza.net\/fr\/wp-json\/wp\/v2\/users\/1"}],"replies":[{"embeddable":true,"href":"https:\/\/www.luxuryvillasibiza.net\/fr\/wp-json\/wp\/v2\/comments?post=44372"}],"version-history":[{"count":100,"href":"https:\/\/www.luxuryvillasibiza.net\/fr\/wp-json\/wp\/v2\/pages\/44372\/revisions"}],"predecessor-version":[{"id":146683,"href":"https:\/\/www.luxuryvillasibiza.net\/fr\/wp-json\/wp\/v2\/pages\/44372\/revisions\/146683"}],"wp:featuredmedia":[{"embeddable":true,"href":"https:\/\/www.luxuryvillasibiza.net\/fr\/wp-json\/wp\/v2\/media\/8333"}],"wp:attachment":[{"href":"https:\/\/www.luxuryvillasibiza.net\/fr\/wp-json\/wp\/v2\/media?parent=44372"}],"curies":[{"name":"wp","href":"https:\/\/api.w.org\/{rel}","templated":true}]}}