{"id":47200,"date":"2023-11-27T18:13:17","date_gmt":"2023-11-27T18:13:17","guid":{"rendered":"https:\/\/www.cwibiza.com\/about-cw-group\/"},"modified":"2025-08-31T15:19:10","modified_gmt":"2025-08-31T15:19:10","slug":"a-propos-de-cw-group","status":"publish","type":"page","link":"https:\/\/www.luxuryvillasibiza.net\/fr\/a-propos-de-cw-group\/","title":{"rendered":"\u00c0 propos de CW Immobilier Ibiza"},"content":{"rendered":"<p data-start=\"309\" data-end=\"700\"><strong data-start=\"309\" data-end=\"321\">CW Immobilier Ibiza<\/strong> est une agence immobili\u00e8re r\u00e9put\u00e9e, forte de nombreuses ann\u00e9es d\u2019exp\u00e9rience et d\u2019une client\u00e8le internationale fid\u00e8le. Notre r\u00e9putation sur le march\u00e9 <a rel=\"noopener noreferrer\" href=\"https:\/\/www.luxuryvillasibiza.net\/fr\">immobilier d\u2019Ibiza<\/a> repose sur la confiance, l\u2019int\u00e9grit\u00e9 et une expertise approfondie.<br data-start=\"556\" data-end=\"559\" \/>En plus des villas, nous proposons \u00e9galement une s\u00e9lection rigoureuse d\u2019<strong data-start=\"631\" data-end=\"674\"><a href=\"https:\/\/www.luxuryvillasibiza.net\/fr\/property\/appartement-a-vendre-ibiza\/\">appartements<\/a>, de <a href=\"https:\/\/www.luxuryvillasibiza.net\/fr\/property\/terrain-a-vendre-ibiza\/\">terrains<\/a> et de <a href=\"https:\/\/www.luxuryvillasibiza.net\/fr\/property\/fincas-ibiza\/\">fincas<\/a><\/strong>\u00a0\u00e0 vendre sur toute l\u2019\u00eele.<\/p>\n<p data-start=\"702\" data-end=\"862\">Vous \u00eates \u00e0 la recherche d\u2019une <a href=\"https:\/\/www.luxuryvillasibiza.net\/fr\/property\/maison-a-vendre-ibiza\/\"><strong data-start=\"733\" data-end=\"760\">maison \u00e0 vendre \u00e0 Ibiza<\/strong><\/a> ? Notre \u00e9quipe se tient \u00e0 votre disposition pour vous accompagner \u00e0 chaque \u00e9tape, en toute fiabilit\u00e9.<\/p>\n<p data-start=\"864\" data-end=\"1226\">Pour r\u00e9pondre aux attentes les plus \u00e9lev\u00e9es, notre \u00e9quipe dispose d\u2019outils de pointe, de connaissances approfondies du march\u00e9 et d\u2019un engagement constant envers l\u2019excellence.<br data-start=\"1038\" data-end=\"1041\" \/>Chez <strong data-start=\"1046\" data-end=\"1058\">CW Immobilier Ibiza<\/strong>, nous sommes fiers de notre travail et nous \u00e9voluons sans cesse avec le march\u00e9 dynamique de l\u2019immobilier gr\u00e2ce \u00e0 notre esprit d\u2019innovation et \u00e0 notre engagement total.<\/p>\n<p data-start=\"1228\" data-end=\"1485\">Notre \u00e9quipe multiculturelle est compos\u00e9e de plus de 10 professionnels originaires de 5 pays diff\u00e9rents, dont 10 conseillers commerciaux sp\u00e9cialis\u00e9s.<br data-start=\"1377\" data-end=\"1380\" \/>Ensemble, nous poursuivons un objectif commun : <strong data-start=\"1428\" data-end=\"1484\">la satisfaction client et une loyaut\u00e9 sans compromis<\/strong>.<\/p>\n","protected":false},"excerpt":{"rendered":"<p>CW Immobilier Ibiza est une agence immobili\u00e8re r\u00e9put\u00e9e, forte de nombreuses ann\u00e9es d\u2019exp\u00e9rience et d\u2019une client\u00e8le internationale fid\u00e8le. Notre r\u00e9putation sur le march\u00e9 immobilier d\u2019Ibiza repose sur la confiance, l\u2019int\u00e9grit\u00e9 et une expertise approfondie.En plus des villas, nous proposons \u00e9galement une s\u00e9lection rigoureuse d\u2019appartements, de terrains et de fincas\u00a0\u00e0 vendre sur toute l\u2019\u00eele. Vous \u00eates &hellip; <a href=\"https:\/\/www.luxuryvillasibiza.net\/fr\/a-propos-de-cw-group\/\" class=\"more-link\">Continue reading<span class=\"screen-reader-text\"> \u00ab\u00a0\u00c0 propos de CW Immobilier Ibiza\u00a0\u00bb<\/span><\/a><\/p>\n","protected":false},"author":1,"featured_media":13743,"parent":0,"menu_order":0,"comment_status":"closed","ping_status":"closed","template":"post-about.php","meta":{"_acf_changed":false,"footnotes":""},"class_list":["post-47200","page","type-page","status-publish","has-post-thumbnail","hentry"],"acf":[],"_links":{"self":[{"href":"https:\/\/www.luxuryvillasibiza.net\/fr\/wp-json\/wp\/v2\/pages\/47200","targetHints":{"allow":["GET"]}}],"collection":[{"href":"https:\/\/www.luxuryvillasibiza.net\/fr\/wp-json\/wp\/v2\/pages"}],"about":[{"href":"https:\/\/www.luxuryvillasibiza.net\/fr\/wp-json\/wp\/v2\/types\/page"}],"author":[{"embeddable":true,"href":"https:\/\/www.luxuryvillasibiza.net\/fr\/wp-json\/wp\/v2\/users\/1"}],"replies":[{"embeddable":true,"href":"https:\/\/www.luxuryvillasibiza.net\/fr\/wp-json\/wp\/v2\/comments?post=47200"}],"version-history":[{"count":6,"href":"https:\/\/www.luxuryvillasibiza.net\/fr\/wp-json\/wp\/v2\/pages\/47200\/revisions"}],"predecessor-version":[{"id":133830,"href":"https:\/\/www.luxuryvillasibiza.net\/fr\/wp-json\/wp\/v2\/pages\/47200\/revisions\/133830"}],"wp:featuredmedia":[{"embeddable":true,"href":"https:\/\/www.luxuryvillasibiza.net\/fr\/wp-json\/wp\/v2\/media\/13743"}],"wp:attachment":[{"href":"https:\/\/www.luxuryvillasibiza.net\/fr\/wp-json\/wp\/v2\/media?parent=47200"}],"curies":[{"name":"wp","href":"https:\/\/api.w.org\/{rel}","templated":true}]}}