{"id":47210,"date":"2024-02-02T04:26:20","date_gmt":"2024-02-02T04:26:20","guid":{"rendered":"https:\/\/www.cwibiza.com\/a-propos-de-cw-group\/team\/"},"modified":"2025-08-30T21:35:32","modified_gmt":"2025-08-30T21:35:32","slug":"team","status":"publish","type":"page","link":"https:\/\/www.luxuryvillasibiza.net\/fr\/a-propos-de-cw-group\/team\/","title":{"rendered":"CW Immobilier Ibiza &#8211; \u00c0 propos de notre \u00e9quipe exceptionnelle"},"content":{"rendered":"<p>Notre \u00e9quipe bien rod\u00e9e au CW <a rel=\"noopener noreferrer\" href=\"https:\/\/www.luxuryvillasibiza.net\/fr\">Immobilier Ibiza<\/a> \u00ab\u00a0Les grandes choses dans les affaires ne sont jamais faites par une seule personne, mais par une \u00e9quipe de personnes.\u00a0\u00bb &#8211; Steve Jobs.<\/p>\n<p>Au c\u0153ur de CW Immobilier Ibiza se trouve un ensemble dynamique de plus de huit professionnels exceptionnels, chacun apportant un m\u00e9lange unique d&rsquo;expertise et de cr\u00e9ativit\u00e9. Les membres de notre \u00e9quipe sont non seulement des experts dans leurs domaines respectifs, mais ils s&rsquo;efforcent \u00e9galement d&rsquo;exceller dans tous les domaines. Ils incarnent un m\u00e9lange de d\u00e9vouement, de comp\u00e9tence et de recherche incessante de la perfection, garantissant que chaque t\u00e2che est ex\u00e9cut\u00e9e avec un haut degr\u00e9 de professionnalisme et d&rsquo;\u00e9l\u00e9gance.<\/p>\n<p>L&rsquo;\u00e9quipe du CW Immobilier Ibiza est pr\u00eate \u00e0 relever tous les d\u00e9fis, quelle qu&rsquo;en soit l&rsquo;ampleur, dans un esprit de r\u00e9solution de probl\u00e8mes et de collaboration. C&rsquo;est un honneur et un privil\u00e8ge de vous pr\u00e9senter les personnes dynamiques qui composent notre \u00e9quipe.<\/p>\n<p>Le fait que notre \u00e9quipe parle couramment huit langues au total t\u00e9moigne de notre diversit\u00e9 et de notre \u00e9tat d&rsquo;esprit global. Ces comp\u00e9tences linguistiques am\u00e9liorent non seulement notre communication, mais refl\u00e8tent \u00e9galement notre capacit\u00e9 \u00e0 dialoguer avec des clients issus de milieux culturels diff\u00e9rents, ce qui enrichit l&rsquo;exp\u00e9rience du CW Immobilier Ibiza.<\/p>\n<h2>D\u00e9couvrez l\u2019\u00c9quipe Exceptionnelle de CW Immobilier Ibiza<\/h2>\n","protected":false},"excerpt":{"rendered":"<p>Notre \u00e9quipe bien rod\u00e9e au CW Immobilier Ibiza \u00ab\u00a0Les grandes choses dans les affaires ne sont jamais faites par une seule personne, mais par une \u00e9quipe de personnes.\u00a0\u00bb &#8211; Steve Jobs. Au c\u0153ur de CW Immobilier Ibiza se trouve un ensemble dynamique de plus de huit professionnels exceptionnels, chacun apportant un m\u00e9lange unique d&rsquo;expertise et &hellip; <a href=\"https:\/\/www.luxuryvillasibiza.net\/fr\/a-propos-de-cw-group\/team\/\" class=\"more-link\">Continue reading<span class=\"screen-reader-text\"> \u00ab\u00a0CW Immobilier Ibiza &#8211; \u00c0 propos de notre \u00e9quipe exceptionnelle\u00a0\u00bb<\/span><\/a><\/p>\n","protected":false},"author":1,"featured_media":8613,"parent":47200,"menu_order":0,"comment_status":"closed","ping_status":"closed","template":"page-team.php","meta":{"_acf_changed":false,"footnotes":""},"class_list":["post-47210","page","type-page","status-publish","has-post-thumbnail","hentry"],"acf":[],"yoast_head":"<!-- This site is optimized with the Yoast SEO Premium plugin v27.3 (Yoast SEO v27.3) - https:\/\/yoast.com\/product\/yoast-seo-premium-wordpress\/ -->\n<title>CW Immobilier Ibiza - \u00c9quipe - Professionnels de l&#039;immobilier<\/title>\n<meta name=\"description\" content=\"L&#039;\u00e9quipe du CW Immobilier Ibiza est une interaction dynamique de plus de huit agents professionnels de l&#039;immobilier exceptionnels.\" \/>\n<meta name=\"robots\" content=\"index, follow, max-snippet:-1, max-image-preview:large, max-video-preview:-1\" \/>\n<link rel=\"canonical\" href=\"https:\/\/www.luxuryvillasibiza.net\/fr\/a-propos-de-cw-group\/team\/\" \/>\n<meta property=\"og:locale\" content=\"fr_FR\" \/>\n<meta property=\"og:type\" content=\"article\" \/>\n<meta property=\"og:title\" content=\"CW Immobilier Ibiza - \u00c0 propos de notre \u00e9quipe exceptionnelle\" \/>\n<meta property=\"og:description\" content=\"L&#039;\u00e9quipe du CW Immobilier Ibiza est une interaction dynamique de plus de huit agents professionnels de l&#039;immobilier exceptionnels.\" \/>\n<meta property=\"og:url\" content=\"https:\/\/www.luxuryvillasibiza.net\/fr\/a-propos-de-cw-group\/team\/\" \/>\n<meta property=\"og:site_name\" content=\"CW Group\" \/>\n<meta property=\"article:modified_time\" content=\"2025-08-30T21:35:32+00:00\" \/>\n<meta property=\"og:image\" content=\"https:\/\/www.luxuryvillasibiza.net\/wp-content\/uploads\/2023\/12\/cw-group-team-v4-1.webp\" \/>\n\t<meta property=\"og:image:width\" content=\"700\" \/>\n\t<meta property=\"og:image:height\" content=\"966\" \/>\n\t<meta property=\"og:image:type\" content=\"image\/webp\" \/>\n<meta name=\"twitter:card\" content=\"summary_large_image\" \/>\n<meta name=\"twitter:label1\" content=\"Dur\u00e9e de lecture estim\u00e9e\" \/>\n\t<meta name=\"twitter:data1\" content=\"2 minutes\" \/>\n<script type=\"application\/ld+json\" class=\"yoast-schema-graph\">{\"@context\":\"https:\\\/\\\/schema.org\",\"@graph\":[{\"@type\":\"WebPage\",\"@id\":\"https:\\\/\\\/www.luxuryvillasibiza.net\\\/fr\\\/a-propos-de-cw-group\\\/team\\\/\",\"url\":\"https:\\\/\\\/www.luxuryvillasibiza.net\\\/fr\\\/a-propos-de-cw-group\\\/team\\\/\",\"name\":\"CW Immobilier Ibiza - \u00c9quipe - Professionnels de l'immobilier\",\"isPartOf\":{\"@id\":\"https:\\\/\\\/www.luxuryvillasibiza.net\\\/fr\\\/#website\"},\"primaryImageOfPage\":{\"@id\":\"https:\\\/\\\/www.luxuryvillasibiza.net\\\/fr\\\/a-propos-de-cw-group\\\/team\\\/#primaryimage\"},\"image\":{\"@id\":\"https:\\\/\\\/www.luxuryvillasibiza.net\\\/fr\\\/a-propos-de-cw-group\\\/team\\\/#primaryimage\"},\"thumbnailUrl\":\"https:\\\/\\\/www.luxuryvillasibiza.net\\\/wp-content\\\/uploads\\\/2023\\\/12\\\/cw-group-team-v4-1.webp\",\"datePublished\":\"2024-02-02T04:26:20+00:00\",\"dateModified\":\"2025-08-30T21:35:32+00:00\",\"description\":\"L'\u00e9quipe du CW Immobilier Ibiza est une interaction dynamique de plus de huit agents professionnels de l'immobilier exceptionnels.\",\"breadcrumb\":{\"@id\":\"https:\\\/\\\/www.luxuryvillasibiza.net\\\/fr\\\/a-propos-de-cw-group\\\/team\\\/#breadcrumb\"},\"inLanguage\":\"fr-FR\",\"potentialAction\":[{\"@type\":\"ReadAction\",\"target\":[\"https:\\\/\\\/www.luxuryvillasibiza.net\\\/fr\\\/a-propos-de-cw-group\\\/team\\\/\"]}]},{\"@type\":\"ImageObject\",\"inLanguage\":\"fr-FR\",\"@id\":\"https:\\\/\\\/www.luxuryvillasibiza.net\\\/fr\\\/a-propos-de-cw-group\\\/team\\\/#primaryimage\",\"url\":\"https:\\\/\\\/www.luxuryvillasibiza.net\\\/wp-content\\\/uploads\\\/2023\\\/12\\\/cw-group-team-v4-1.webp\",\"contentUrl\":\"https:\\\/\\\/www.luxuryvillasibiza.net\\\/wp-content\\\/uploads\\\/2023\\\/12\\\/cw-group-team-v4-1.webp\",\"width\":700,\"height\":966},{\"@type\":\"BreadcrumbList\",\"@id\":\"https:\\\/\\\/www.luxuryvillasibiza.net\\\/fr\\\/a-propos-de-cw-group\\\/team\\\/#breadcrumb\",\"itemListElement\":[{\"@type\":\"ListItem\",\"position\":1,\"name\":\"Home\",\"item\":\"https:\\\/\\\/www.luxuryvillasibiza.net\\\/fr\\\/\"},{\"@type\":\"ListItem\",\"position\":2,\"name\":\"\u00c0 propos de CW Immobilier Ibiza\",\"item\":\"https:\\\/\\\/www.luxuryvillasibiza.net\\\/fr\\\/a-propos-de-cw-group\\\/\"},{\"@type\":\"ListItem\",\"position\":3,\"name\":\"CW Immobilier Ibiza &#8211; \u00c0 propos de notre \u00e9quipe exceptionnelle\"}]},{\"@type\":\"WebSite\",\"@id\":\"https:\\\/\\\/www.luxuryvillasibiza.net\\\/fr\\\/#website\",\"url\":\"https:\\\/\\\/www.luxuryvillasibiza.net\\\/fr\\\/\",\"name\":\"CW Group - Real Estate Ibiza\",\"description\":\"Real Estate Ibiza\",\"publisher\":{\"@id\":\"https:\\\/\\\/www.luxuryvillasibiza.net\\\/fr\\\/#organization\"},\"alternateName\":\"CW Group Ibiza\",\"potentialAction\":[{\"@type\":\"SearchAction\",\"target\":{\"@type\":\"EntryPoint\",\"urlTemplate\":\"https:\\\/\\\/www.luxuryvillasibiza.net\\\/fr\\\/?s={search_term_string}\"},\"query-input\":{\"@type\":\"PropertyValueSpecification\",\"valueRequired\":true,\"valueName\":\"search_term_string\"}}],\"inLanguage\":\"fr-FR\"},{\"@type\":\"Organization\",\"@id\":\"https:\\\/\\\/www.luxuryvillasibiza.net\\\/fr\\\/#organization\",\"name\":\"CW - Luxury Villas in Ibiza\",\"alternateName\":\"Ibiza Real Estate\",\"url\":\"https:\\\/\\\/www.luxuryvillasibiza.net\\\/fr\\\/\",\"logo\":{\"@type\":\"ImageObject\",\"inLanguage\":\"fr-FR\",\"@id\":\"https:\\\/\\\/www.luxuryvillasibiza.net\\\/fr\\\/#\\\/schema\\\/logo\\\/image\\\/\",\"url\":\"https:\\\/\\\/www.luxuryvillasibiza.net\\\/wp-content\\\/uploads\\\/2025\\\/01\\\/last-page.jpg\",\"contentUrl\":\"https:\\\/\\\/www.luxuryvillasibiza.net\\\/wp-content\\\/uploads\\\/2025\\\/01\\\/last-page.jpg\",\"width\":1200,\"height\":675,\"caption\":\"CW - Luxury Villas in Ibiza\"},\"image\":{\"@id\":\"https:\\\/\\\/www.luxuryvillasibiza.net\\\/fr\\\/#\\\/schema\\\/logo\\\/image\\\/\"}}]}<\/script>\n<!-- \/ Yoast SEO Premium plugin. -->","yoast_head_json":{"title":"CW Immobilier Ibiza - \u00c9quipe - Professionnels de l'immobilier","description":"L'\u00e9quipe du CW Immobilier Ibiza est une interaction dynamique de plus de huit agents professionnels de l'immobilier exceptionnels.","robots":{"index":"index","follow":"follow","max-snippet":"max-snippet:-1","max-image-preview":"max-image-preview:large","max-video-preview":"max-video-preview:-1"},"canonical":"https:\/\/www.luxuryvillasibiza.net\/fr\/a-propos-de-cw-group\/team\/","og_locale":"fr_FR","og_type":"article","og_title":"CW Immobilier Ibiza - \u00c0 propos de notre \u00e9quipe exceptionnelle","og_description":"L'\u00e9quipe du CW Immobilier Ibiza est une interaction dynamique de plus de huit agents professionnels de l'immobilier exceptionnels.","og_url":"https:\/\/www.luxuryvillasibiza.net\/fr\/a-propos-de-cw-group\/team\/","og_site_name":"CW Group","article_modified_time":"2025-08-30T21:35:32+00:00","og_image":[{"width":700,"height":966,"url":"https:\/\/www.luxuryvillasibiza.net\/wp-content\/uploads\/2023\/12\/cw-group-team-v4-1.webp","type":"image\/webp"}],"twitter_card":"summary_large_image","twitter_misc":{"Dur\u00e9e de lecture estim\u00e9e":"2 minutes"},"schema":{"@context":"https:\/\/schema.org","@graph":[{"@type":"WebPage","@id":"https:\/\/www.luxuryvillasibiza.net\/fr\/a-propos-de-cw-group\/team\/","url":"https:\/\/www.luxuryvillasibiza.net\/fr\/a-propos-de-cw-group\/team\/","name":"CW Immobilier Ibiza - \u00c9quipe - Professionnels de l'immobilier","isPartOf":{"@id":"https:\/\/www.luxuryvillasibiza.net\/fr\/#website"},"primaryImageOfPage":{"@id":"https:\/\/www.luxuryvillasibiza.net\/fr\/a-propos-de-cw-group\/team\/#primaryimage"},"image":{"@id":"https:\/\/www.luxuryvillasibiza.net\/fr\/a-propos-de-cw-group\/team\/#primaryimage"},"thumbnailUrl":"https:\/\/www.luxuryvillasibiza.net\/wp-content\/uploads\/2023\/12\/cw-group-team-v4-1.webp","datePublished":"2024-02-02T04:26:20+00:00","dateModified":"2025-08-30T21:35:32+00:00","description":"L'\u00e9quipe du CW Immobilier Ibiza est une interaction dynamique de plus de huit agents professionnels de l'immobilier exceptionnels.","breadcrumb":{"@id":"https:\/\/www.luxuryvillasibiza.net\/fr\/a-propos-de-cw-group\/team\/#breadcrumb"},"inLanguage":"fr-FR","potentialAction":[{"@type":"ReadAction","target":["https:\/\/www.luxuryvillasibiza.net\/fr\/a-propos-de-cw-group\/team\/"]}]},{"@type":"ImageObject","inLanguage":"fr-FR","@id":"https:\/\/www.luxuryvillasibiza.net\/fr\/a-propos-de-cw-group\/team\/#primaryimage","url":"https:\/\/www.luxuryvillasibiza.net\/wp-content\/uploads\/2023\/12\/cw-group-team-v4-1.webp","contentUrl":"https:\/\/www.luxuryvillasibiza.net\/wp-content\/uploads\/2023\/12\/cw-group-team-v4-1.webp","width":700,"height":966},{"@type":"BreadcrumbList","@id":"https:\/\/www.luxuryvillasibiza.net\/fr\/a-propos-de-cw-group\/team\/#breadcrumb","itemListElement":[{"@type":"ListItem","position":1,"name":"Home","item":"https:\/\/www.luxuryvillasibiza.net\/fr\/"},{"@type":"ListItem","position":2,"name":"\u00c0 propos de CW Immobilier Ibiza","item":"https:\/\/www.luxuryvillasibiza.net\/fr\/a-propos-de-cw-group\/"},{"@type":"ListItem","position":3,"name":"CW Immobilier Ibiza &#8211; \u00c0 propos de notre \u00e9quipe exceptionnelle"}]},{"@type":"WebSite","@id":"https:\/\/www.luxuryvillasibiza.net\/fr\/#website","url":"https:\/\/www.luxuryvillasibiza.net\/fr\/","name":"CW Group - Real Estate Ibiza","description":"Real Estate Ibiza","publisher":{"@id":"https:\/\/www.luxuryvillasibiza.net\/fr\/#organization"},"alternateName":"CW Group Ibiza","potentialAction":[{"@type":"SearchAction","target":{"@type":"EntryPoint","urlTemplate":"https:\/\/www.luxuryvillasibiza.net\/fr\/?s={search_term_string}"},"query-input":{"@type":"PropertyValueSpecification","valueRequired":true,"valueName":"search_term_string"}}],"inLanguage":"fr-FR"},{"@type":"Organization","@id":"https:\/\/www.luxuryvillasibiza.net\/fr\/#organization","name":"CW - Luxury Villas in Ibiza","alternateName":"Ibiza Real Estate","url":"https:\/\/www.luxuryvillasibiza.net\/fr\/","logo":{"@type":"ImageObject","inLanguage":"fr-FR","@id":"https:\/\/www.luxuryvillasibiza.net\/fr\/#\/schema\/logo\/image\/","url":"https:\/\/www.luxuryvillasibiza.net\/wp-content\/uploads\/2025\/01\/last-page.jpg","contentUrl":"https:\/\/www.luxuryvillasibiza.net\/wp-content\/uploads\/2025\/01\/last-page.jpg","width":1200,"height":675,"caption":"CW - Luxury Villas in Ibiza"},"image":{"@id":"https:\/\/www.luxuryvillasibiza.net\/fr\/#\/schema\/logo\/image\/"}}]}},"_links":{"self":[{"href":"https:\/\/www.luxuryvillasibiza.net\/fr\/wp-json\/wp\/v2\/pages\/47210","targetHints":{"allow":["GET"]}}],"collection":[{"href":"https:\/\/www.luxuryvillasibiza.net\/fr\/wp-json\/wp\/v2\/pages"}],"about":[{"href":"https:\/\/www.luxuryvillasibiza.net\/fr\/wp-json\/wp\/v2\/types\/page"}],"author":[{"embeddable":true,"href":"https:\/\/www.luxuryvillasibiza.net\/fr\/wp-json\/wp\/v2\/users\/1"}],"replies":[{"embeddable":true,"href":"https:\/\/www.luxuryvillasibiza.net\/fr\/wp-json\/wp\/v2\/comments?post=47210"}],"version-history":[{"count":7,"href":"https:\/\/www.luxuryvillasibiza.net\/fr\/wp-json\/wp\/v2\/pages\/47210\/revisions"}],"predecessor-version":[{"id":133752,"href":"https:\/\/www.luxuryvillasibiza.net\/fr\/wp-json\/wp\/v2\/pages\/47210\/revisions\/133752"}],"up":[{"embeddable":true,"href":"https:\/\/www.luxuryvillasibiza.net\/fr\/wp-json\/wp\/v2\/pages\/47200"}],"wp:featuredmedia":[{"embeddable":true,"href":"https:\/\/www.luxuryvillasibiza.net\/fr\/wp-json\/wp\/v2\/media\/8613"}],"wp:attachment":[{"href":"https:\/\/www.luxuryvillasibiza.net\/fr\/wp-json\/wp\/v2\/media?parent=47210"}],"curies":[{"name":"wp","href":"https:\/\/api.w.org\/{rel}","templated":true}]}}