{"id":47356,"date":"2023-11-27T18:13:01","date_gmt":"2023-11-27T18:13:01","guid":{"rendered":"https:\/\/www.cwibiza.com\/contact-us\/"},"modified":"2025-11-14T09:11:51","modified_gmt":"2025-11-14T09:11:51","slug":"contactez","status":"publish","type":"page","link":"https:\/\/www.luxuryvillasibiza.net\/fr\/contactez\/","title":{"rendered":"Contactez CW Immobilier Ibiza"},"content":{"rendered":"<h3 data-start=\"2279\" data-end=\"2452\">Merci pour votre demande !<\/h3>\n<p data-start=\"2279\" data-end=\"2452\">Nous vous remercions vivement de l\u2019int\u00e9r\u00eat que vous portez \u00e0 CW Real Estate Ibiza et \u00e0 notre s\u00e9lection exclusive de biens immobiliers.<\/p>\n<p data-start=\"2454\" data-end=\"2704\">Veuillez noter qu\u2019en plus des propri\u00e9t\u00e9s pr\u00e9sent\u00e9es en ligne, nous disposons \u00e9galement de nombreux biens discrets, non publi\u00e9s (<strong>off-market<\/strong>) accessibles uniquement via notre r\u00e9seau priv\u00e9. Nous serions ravis de vous les pr\u00e9senter personnellement.<\/p>\n<p data-start=\"2706\" data-end=\"2884\">Indiquez-nous le type de bien ou l\u2019emplacement que vous recherchez, et l\u2019un de nos agents immobiliers exp\u00e9riment\u00e9s vous contactera prochainement pour en discuter en d\u00e9tail.<\/p>\n<p data-start=\"2886\" data-end=\"2972\">CW Real Estate Ibiza \u2013 Votre partenaire pour des propri\u00e9t\u00e9s d\u2019exception \u00e0 Ibiza.<\/p>\n","protected":false},"excerpt":{"rendered":"<p>Merci pour votre demande ! Nous vous remercions vivement de l\u2019int\u00e9r\u00eat que vous portez \u00e0 CW Real Estate Ibiza et \u00e0 notre s\u00e9lection exclusive de biens immobiliers. Veuillez noter qu\u2019en plus des propri\u00e9t\u00e9s pr\u00e9sent\u00e9es en ligne, nous disposons \u00e9galement de nombreux biens discrets, non publi\u00e9s (off-market) accessibles uniquement via notre r\u00e9seau priv\u00e9. Nous serions ravis &hellip; <a href=\"https:\/\/www.luxuryvillasibiza.net\/fr\/contactez\/\" class=\"more-link\">Continue reading<span class=\"screen-reader-text\"> \u00ab\u00a0Contactez CW Immobilier Ibiza\u00a0\u00bb<\/span><\/a><\/p>\n","protected":false},"author":1,"featured_media":0,"parent":0,"menu_order":0,"comment_status":"closed","ping_status":"closed","template":"page-contact.php","meta":{"_acf_changed":false,"footnotes":""},"class_list":["post-47356","page","type-page","status-publish","hentry"],"acf":[],"_links":{"self":[{"href":"https:\/\/www.luxuryvillasibiza.net\/fr\/wp-json\/wp\/v2\/pages\/47356","targetHints":{"allow":["GET"]}}],"collection":[{"href":"https:\/\/www.luxuryvillasibiza.net\/fr\/wp-json\/wp\/v2\/pages"}],"about":[{"href":"https:\/\/www.luxuryvillasibiza.net\/fr\/wp-json\/wp\/v2\/types\/page"}],"author":[{"embeddable":true,"href":"https:\/\/www.luxuryvillasibiza.net\/fr\/wp-json\/wp\/v2\/users\/1"}],"replies":[{"embeddable":true,"href":"https:\/\/www.luxuryvillasibiza.net\/fr\/wp-json\/wp\/v2\/comments?post=47356"}],"version-history":[{"count":5,"href":"https:\/\/www.luxuryvillasibiza.net\/fr\/wp-json\/wp\/v2\/pages\/47356\/revisions"}],"predecessor-version":[{"id":145507,"href":"https:\/\/www.luxuryvillasibiza.net\/fr\/wp-json\/wp\/v2\/pages\/47356\/revisions\/145507"}],"wp:attachment":[{"href":"https:\/\/www.luxuryvillasibiza.net\/fr\/wp-json\/wp\/v2\/media?parent=47356"}],"curies":[{"name":"wp","href":"https:\/\/api.w.org\/{rel}","templated":true}]}}