{"id":47359,"date":"2024-01-30T05:13:35","date_gmt":"2024-01-30T05:13:35","guid":{"rendered":"https:\/\/www.cwibiza.com\/thank-you\/"},"modified":"2025-07-06T21:25:13","modified_gmt":"2025-07-06T21:25:13","slug":"thank-you","status":"publish","type":"page","link":"https:\/\/www.luxuryvillasibiza.net\/fr\/thank-you\/","title":{"rendered":"Merci pour votre demande"},"content":{"rendered":"<h2>Votre demande a \u00e9t\u00e9 envoy\u00e9e avec succ\u00e8s !<\/h2>\n<p>Nous vous remercions de l&rsquo;int\u00e9r\u00eat que vous portez \u00e0 notre collection de biens immobiliers. Un de nos collaborateurs vous contactera sous peu. Pour les cas importants, vous pouvez \u00e9galement contacter directement M. Christian Wolf (CEO) au +34 692 807 756.<\/p>\n<p>Pour acc\u00e9der \u00e0 une base de donn\u00e9es immobili\u00e8re non r\u00e9pertori\u00e9e publiquement, veuillez nous contacter par e-mail info@cw-ibiza.de avec les informations importantes dont nous avons besoin pour trouver la propri\u00e9t\u00e9 qui vous convient.<br \/>\nQue vous soyez \u00e0 la recherche d&rsquo;une finca, d&rsquo;une villa ou d&rsquo;un terrain, nous avons un grand portefeuille de propri\u00e9t\u00e9s exclusives \u00e0 vendre, jusqu&rsquo;aux propri\u00e9t\u00e9s de luxe haut de gamme \u00e0 Ibiza.<\/p>\n<p>M. Wolf et M. Keil s&rsquo;occuperont personnellement du bon d\u00e9roulement de votre\u00a0recherche.<\/p>\n","protected":false},"excerpt":{"rendered":"<p>Votre demande a \u00e9t\u00e9 envoy\u00e9e avec succ\u00e8s ! Nous vous remercions de l&rsquo;int\u00e9r\u00eat que vous portez \u00e0 notre collection de biens immobiliers. Un de nos collaborateurs vous contactera sous peu. Pour les cas importants, vous pouvez \u00e9galement contacter directement M. Christian Wolf (CEO) au +34 692 807 756. Pour acc\u00e9der \u00e0 une base de donn\u00e9es &hellip; <a href=\"https:\/\/www.luxuryvillasibiza.net\/fr\/thank-you\/\" class=\"more-link\">Continue reading<span class=\"screen-reader-text\"> \u00ab\u00a0Merci pour votre demande\u00a0\u00bb<\/span><\/a><\/p>\n","protected":false},"author":1,"featured_media":13743,"parent":0,"menu_order":0,"comment_status":"closed","ping_status":"closed","template":"page-thank.php","meta":{"_acf_changed":false,"footnotes":""},"class_list":["post-47359","page","type-page","status-publish","has-post-thumbnail","hentry"],"acf":[],"_links":{"self":[{"href":"https:\/\/www.luxuryvillasibiza.net\/fr\/wp-json\/wp\/v2\/pages\/47359","targetHints":{"allow":["GET"]}}],"collection":[{"href":"https:\/\/www.luxuryvillasibiza.net\/fr\/wp-json\/wp\/v2\/pages"}],"about":[{"href":"https:\/\/www.luxuryvillasibiza.net\/fr\/wp-json\/wp\/v2\/types\/page"}],"author":[{"embeddable":true,"href":"https:\/\/www.luxuryvillasibiza.net\/fr\/wp-json\/wp\/v2\/users\/1"}],"replies":[{"embeddable":true,"href":"https:\/\/www.luxuryvillasibiza.net\/fr\/wp-json\/wp\/v2\/comments?post=47359"}],"version-history":[{"count":3,"href":"https:\/\/www.luxuryvillasibiza.net\/fr\/wp-json\/wp\/v2\/pages\/47359\/revisions"}],"predecessor-version":[{"id":57152,"href":"https:\/\/www.luxuryvillasibiza.net\/fr\/wp-json\/wp\/v2\/pages\/47359\/revisions\/57152"}],"wp:featuredmedia":[{"embeddable":true,"href":"https:\/\/www.luxuryvillasibiza.net\/fr\/wp-json\/wp\/v2\/media\/13743"}],"wp:attachment":[{"href":"https:\/\/www.luxuryvillasibiza.net\/fr\/wp-json\/wp\/v2\/media?parent=47359"}],"curies":[{"name":"wp","href":"https:\/\/api.w.org\/{rel}","templated":true}]}}