{"id":47363,"date":"2024-03-10T18:18:08","date_gmt":"2024-03-10T18:18:08","guid":{"rendered":"https:\/\/www.cwibiza.com\/guides\/"},"modified":"2025-08-30T21:52:53","modified_gmt":"2025-08-30T21:52:53","slug":"guides","status":"publish","type":"page","link":"https:\/\/www.luxuryvillasibiza.net\/fr\/guides\/","title":{"rendered":"Guides &#8211; CW Immobilier Ibiza"},"content":{"rendered":"<h2>Guides essentiels pour Acheter &amp; Vendre un Bien \u00e0 Ibiza<\/h2>\n<p>Les Guides Immobiliers de CW <a rel=\"noopener noreferrer\" href=\"https:\/\/www.luxuryvillasibiza.net\/fr\">Immobilier Ibiza<\/a> vous accompagnent tout au long de votre parcours immobilier \u00e0 Ibiza. Que vous souhaitiez acheter votre premi\u00e8re maison, vendre un bien ou obtenir des conseils sur les pr\u00eats hypoth\u00e9caires, nos articles offrent une information claire et accessible. Forts de plus de dix ans d\u2019exp\u00e9rience sur le march\u00e9 immobilier ibicenco, nous mettons notre savoir-faire \u00e0 votre service.<\/p>\n<p>Nos guides couvrent tous les aspects essentiels : d\u00e9marches l\u00e9gales, solutions de financement, strat\u00e9gies de vente et tendances du march\u00e9. Avec CW Immobilier Ibiza agence immobili\u00e8re r\u00e9compens\u00e9e, vous b\u00e9n\u00e9ficiez d\u2019un partenaire fiable pour des d\u00e9cisions \u00e9clair\u00e9es et s\u00e9curis\u00e9es.<\/p>\n","protected":false},"excerpt":{"rendered":"<p>Guides essentiels pour Acheter &amp; Vendre un Bien \u00e0 Ibiza Les Guides Immobiliers de CW Immobilier Ibiza vous accompagnent tout au long de votre parcours immobilier \u00e0 Ibiza. Que vous souhaitiez acheter votre premi\u00e8re maison, vendre un bien ou obtenir des conseils sur les pr\u00eats hypoth\u00e9caires, nos articles offrent une information claire et accessible. Forts &hellip; <a href=\"https:\/\/www.luxuryvillasibiza.net\/fr\/guides\/\" class=\"more-link\">Continue reading<span class=\"screen-reader-text\"> \u00ab\u00a0Guides &#8211; CW Immobilier Ibiza\u00a0\u00bb<\/span><\/a><\/p>\n","protected":false},"author":1,"featured_media":0,"parent":0,"menu_order":0,"comment_status":"closed","ping_status":"closed","template":"page-guide.php","meta":{"_acf_changed":false,"footnotes":""},"class_list":["post-47363","page","type-page","status-publish","hentry"],"acf":[],"_links":{"self":[{"href":"https:\/\/www.luxuryvillasibiza.net\/fr\/wp-json\/wp\/v2\/pages\/47363","targetHints":{"allow":["GET"]}}],"collection":[{"href":"https:\/\/www.luxuryvillasibiza.net\/fr\/wp-json\/wp\/v2\/pages"}],"about":[{"href":"https:\/\/www.luxuryvillasibiza.net\/fr\/wp-json\/wp\/v2\/types\/page"}],"author":[{"embeddable":true,"href":"https:\/\/www.luxuryvillasibiza.net\/fr\/wp-json\/wp\/v2\/users\/1"}],"replies":[{"embeddable":true,"href":"https:\/\/www.luxuryvillasibiza.net\/fr\/wp-json\/wp\/v2\/comments?post=47363"}],"version-history":[{"count":6,"href":"https:\/\/www.luxuryvillasibiza.net\/fr\/wp-json\/wp\/v2\/pages\/47363\/revisions"}],"predecessor-version":[{"id":133773,"href":"https:\/\/www.luxuryvillasibiza.net\/fr\/wp-json\/wp\/v2\/pages\/47363\/revisions\/133773"}],"wp:attachment":[{"href":"https:\/\/www.luxuryvillasibiza.net\/fr\/wp-json\/wp\/v2\/media?parent=47363"}],"curies":[{"name":"wp","href":"https:\/\/api.w.org\/{rel}","templated":true}]}}