{"id":47827,"date":"2023-11-27T18:12:49","date_gmt":"2023-11-27T18:12:49","guid":{"rendered":"https:\/\/www.cwibiza.com\/blogs\/"},"modified":"2025-08-30T04:00:56","modified_gmt":"2025-08-30T04:00:56","slug":"blogs","status":"publish","type":"page","link":"https:\/\/www.luxuryvillasibiza.net\/fr\/blogs\/","title":{"rendered":"Blogs"},"content":{"rendered":"<h2>Derni\u00e8res actualit\u00e9s sur l\u2019Immobilier et le Lifestyle \u00e0 Ibiza<\/h2>\n<p>Nos Blogs sur l\u2019immobilier et le lifestyle \u00e0 Ibiza vous tiennent inform\u00e9s des derni\u00e8res tendances du march\u00e9 immobilier de l\u2019\u00eele. Que vous cherchiez une villa de luxe, un appartement moderne ou des conseils avis\u00e9s pour investir, nous vous apportons des informations fiables et utiles.<\/p>\n<p>Mais Ibiza, ce n\u2019est pas seulement l\u2019immobilier. \u00c0 travers nos articles, nous vous faisons d\u00e9couvrir la vie unique de l\u2019\u00eele : gastronomie raffin\u00e9e, culture locale, \u00e9v\u00e9nements exclusifs et plages idylliques. Une lecture essentielle pour mieux comprendre \u00e0 la fois le march\u00e9 immobilier et l\u2019art de vivre \u00e0 Ibiza.<\/p>\n","protected":false},"excerpt":{"rendered":"<p>Derni\u00e8res actualit\u00e9s sur l\u2019Immobilier et le Lifestyle \u00e0 Ibiza Nos Blogs sur l\u2019immobilier et le lifestyle \u00e0 Ibiza vous tiennent inform\u00e9s des derni\u00e8res tendances du march\u00e9 immobilier de l\u2019\u00eele. Que vous cherchiez une villa de luxe, un appartement moderne ou des conseils avis\u00e9s pour investir, nous vous apportons des informations fiables et utiles. Mais Ibiza, &hellip; <a href=\"https:\/\/www.luxuryvillasibiza.net\/fr\/blogs\/\" class=\"more-link\">Continue reading<span class=\"screen-reader-text\"> \u00ab\u00a0Blogs\u00a0\u00bb<\/span><\/a><\/p>\n","protected":false},"author":1,"featured_media":0,"parent":0,"menu_order":0,"comment_status":"closed","ping_status":"closed","template":"page-blog.php","meta":{"_acf_changed":false,"footnotes":""},"class_list":["post-47827","page","type-page","status-publish","hentry"],"acf":[],"_links":{"self":[{"href":"https:\/\/www.luxuryvillasibiza.net\/fr\/wp-json\/wp\/v2\/pages\/47827","targetHints":{"allow":["GET"]}}],"collection":[{"href":"https:\/\/www.luxuryvillasibiza.net\/fr\/wp-json\/wp\/v2\/pages"}],"about":[{"href":"https:\/\/www.luxuryvillasibiza.net\/fr\/wp-json\/wp\/v2\/types\/page"}],"author":[{"embeddable":true,"href":"https:\/\/www.luxuryvillasibiza.net\/fr\/wp-json\/wp\/v2\/users\/1"}],"replies":[{"embeddable":true,"href":"https:\/\/www.luxuryvillasibiza.net\/fr\/wp-json\/wp\/v2\/comments?post=47827"}],"version-history":[{"count":4,"href":"https:\/\/www.luxuryvillasibiza.net\/fr\/wp-json\/wp\/v2\/pages\/47827\/revisions"}],"predecessor-version":[{"id":133628,"href":"https:\/\/www.luxuryvillasibiza.net\/fr\/wp-json\/wp\/v2\/pages\/47827\/revisions\/133628"}],"wp:attachment":[{"href":"https:\/\/www.luxuryvillasibiza.net\/fr\/wp-json\/wp\/v2\/media?parent=47827"}],"curies":[{"name":"wp","href":"https:\/\/api.w.org\/{rel}","templated":true}]}}