{"id":49895,"date":"2023-12-11T22:23:30","date_gmt":"2023-12-11T22:23:30","guid":{"rendered":"https:\/\/www.cwibiza.com\/cookies\/"},"modified":"2025-09-18T04:18:25","modified_gmt":"2025-09-18T04:18:25","slug":"cookies","status":"publish","type":"page","link":"https:\/\/www.luxuryvillasibiza.net\/fr\/cookies\/","title":{"rendered":"Cookies"},"content":{"rendered":"<h2>Informations sur les cookies<\/h2>\n<p>Informations sur les cookies de CW Europe Group Marbella S.L (ci-apr\u00e8s d\u00e9nomm\u00e9 \u00ab\u00a0CW Europe Group Marbella S.L\u00a0\u00bb, \u00ab\u00a0nous\u00a0\u00bb) pour le site web www.luxuryvillasibiza.net ainsi que pour toutes ses sous-pages (ci-apr\u00e8s d\u00e9nomm\u00e9es collectivement le \u00ab\u00a0site web\u00a0\u00bb) valables \u00e0 partir du 15 ao\u00fbt 2022.<\/p>\n<p><strong>Tout d&rsquo;abord, la chose la plus importante :<\/strong><\/p>\n<p>Vous pouvez r\u00e9voquer partiellement ou totalement votre consentement et les param\u00e8tres que vous avez d\u00e9finis en visitant le site Web et toutes ses sous-pages via la plateforme de gestion des consentements de Didomi SAS (ci-apr\u00e8s d\u00e9nomm\u00e9e \u00ab\u00a0outil CMP\u00a0\u00bb) que nous utilisons, \u00e0 tout moment et avec effet pour l&rsquo;avenir. Pour ce faire, veuillez utiliser l&rsquo;option \u00ab\u00a0G\u00e9rer les param\u00e8tres des cookies\u00a0\u00bb en bas du site web.<\/p>\n<h2>I. Quelles sont les donn\u00e9es trait\u00e9es par CW Europe Group Marbella S.L. lors de l&rsquo;utilisation du site web ?<\/h2>\n<p>En principe, vous pouvez utiliser le site web www.luxuryvillasibiza.net ainsi que toutes ses sous-pages (ci-apr\u00e8s d\u00e9nomm\u00e9es collectivement le \u00ab\u00a0site web\u00a0\u00bb) sans vous enregistrer ou fournir activement des donn\u00e9es personnelles. Pour plus d&rsquo;informations, veuillez vous r\u00e9f\u00e9rer \u00e0 notre politique de confidentialit\u00e9, que vous trouverez ici, ou aux politiques de confidentialit\u00e9 des sites web de nos partenaires licenci\u00e9s respectifs. Vous trouverez les politiques de confidentialit\u00e9 de nos partenaires licenci\u00e9s au bas de la page de chaque soci\u00e9t\u00e9, accessible via l&rsquo;URL www.luxuryvillasibiza.net.<\/p>\n<p>Lorsque vous visitez le site web, nous ou nos partenaires de licence recueillons des donn\u00e9es limit\u00e9es sur l&rsquo;appareil que vous utilisez et sur votre comportement d&rsquo;utilisation en relation avec nos offres. Ni nous ni nos partenaires de licence ne pouvons attribuer ces donn\u00e9es \u00e0 une personne en particulier. Il s&rsquo;agit notamment des donn\u00e9es suivantes lorsque vous acc\u00e9dez \u00e0 un site web :<\/p>\n<p>Les donn\u00e9es personnelles transmises par le navigateur Internet des utilisateurs \u00e0 chaque fois qu&rsquo;ils acc\u00e8dent au site Web et stock\u00e9es dans des fichiers journaux, \u00e9galement appel\u00e9s fichiers journaux du serveur. Ces donn\u00e9es comprennent l&rsquo;adresse IP (Internet Protocol address) de l&rsquo;ordinateur qui acc\u00e8de au site ; le nom de la page consult\u00e9e ; la date et l&rsquo;heure de l&rsquo;acc\u00e8s ; l&rsquo;URL \u00e0 partir de laquelle l&rsquo;utilisateur a acc\u00e9d\u00e9 \u00e0 la page ; le nombre de donn\u00e9es transf\u00e9r\u00e9es ; le message d&rsquo;\u00e9tat de l&rsquo;acc\u00e8s r\u00e9ussi ; le num\u00e9ro d&rsquo;identification de la session ;<\/p>\n<p>Donn\u00e9es personnelles sous forme de donn\u00e9es de localisation (donn\u00e9es GPS, fonction \u00ab\u00a0Locate Me\u00a0\u00bb), qui sont transmises par votre navigateur Internet chaque fois que vous avez activ\u00e9 ce param\u00e8tre \u00e0 partir du navigateur en principe ou d&rsquo;une application.<\/p>\n<h2>II. Utilisation de cookies et d&rsquo;autres technologies de suivi<\/h2>\n<h3>1.\u00a0<u>Qu&rsquo;est-ce que les cookies?<\/u><\/h3>\n<p>Comme tous les autres sites web commerciaux, le site web utilise \u00e9galement des cookies et d&rsquo;autres technologies de suivi (ci-apr\u00e8s d\u00e9nomm\u00e9s collectivement \u00ab\u00a0cookies\u00a0\u00bb).<\/p>\n<p>Les cookies sont de petits fichiers texte qui sont stock\u00e9s localement dans la m\u00e9moire principale ou sur le disque dur de votre ordinateur ou de votre appareil mobile (ci-apr\u00e8s d\u00e9nomm\u00e9 \u00ab\u00a0appareil terminal\u00a0\u00bb) et qui remplissent diverses fonctions et peuvent traiter des donn\u00e9es \u00e0 des fins diff\u00e9rentes. Si le site web concern\u00e9 est rouvert, le navigateur de l&rsquo;utilisateur renvoie le contenu des cookies et permet ainsi la reconnaissance de l&rsquo;utilisateur. Les technologies tierces, telles que les scripts, les pixels et les balises que CW Europe Group Marbella S.L. int\u00e8gre \u00e0 des fins publicitaires, installent \u00e9galement des cookies sur votre terminal. Certains cookies sont automatiquement supprim\u00e9s \u00e0 la fin de la session du navigateur (cookies de session), d&rsquo;autres sont stock\u00e9s dans le navigateur de l&rsquo;utilisateur pendant un certain temps ou de mani\u00e8re permanente et sont ensuite automatiquement supprim\u00e9s (cookies temporaires ou permanents). De nombreux cookies contiennent ce que l&rsquo;on appelle un identifiant de cookie. L&rsquo;ID du cookie est un identifiant unique du cookie qui permet d&rsquo;attribuer les pages Internet et les serveurs au navigateur Internet sp\u00e9cifique dans lequel le cookie a \u00e9t\u00e9 stock\u00e9. Cela permet aux pages Internet visit\u00e9es de distinguer le navigateur de l&rsquo;utilisateur des autres navigateurs Internet ; les cookies ne peuvent en principe pas vous identifier en tant que personne. En principe, les cookies ne permettent pas de vous identifier en tant que personne, mais le cookie permet d&rsquo;identifier votre appareil terminal.<\/p>\n<h4>A. Types de cookies<\/h4>\n<p><u><strong>Nous utilisons diff\u00e9rents types de cookies :<\/strong><\/u><\/p>\n<p><strong>(i) les cookies dits \u00ab\u00a0techniquement n\u00e9cessaires<\/strong><\/p>\n<p>Tout d&rsquo;abord, nous utilisons des cookies qui sont techniquement n\u00e9cessaires au fonctionnement du site web. Les cookies techniquement n\u00e9cessaires sont essentiels au fonctionnement du site web, sans lesquels le site web ne pourrait pas \u00eatre utilis\u00e9 ou seulement dans une mesure limit\u00e9e. Les donn\u00e9es utilisateur collect\u00e9es par le biais des cookies techniquement n\u00e9cessaires ne sont pas utilis\u00e9es pour cr\u00e9er des profils d&rsquo;utilisateur. Les cookies temporaires (cookies de session) sont \u00e9galement concern\u00e9s. Ils ne collectent aucune donn\u00e9e sur votre ordinateur et sont automatiquement supprim\u00e9s d\u00e8s que vous fermez votre navigateur.<\/p>\n<p>Les cookies techniquement n\u00e9cessaires sont \u00e9galement utilis\u00e9s pour l&rsquo;utilisation de la plateforme de gestion des consentements de notre fournisseur de services Didomi SAS (ci-apr\u00e8s l'\u00a0\u00bboutil CMP\u00a0\u00bb) afin d&rsquo;obtenir votre consentement \u00e0 l&rsquo;installation de cookies et \u00e0 l&rsquo;utilisation d&rsquo;autres technologies de tra\u00e7age.<\/p>\n<p>Les cookies techniquement n\u00e9cessaires sont des cookies \u00ab\u00a0strictement n\u00e9cessaires\u00a0\u00bb conform\u00e9ment \u00e0 la directive 2002\/58\/CE relative \u00e0 la protection de la vie priv\u00e9e dans le secteur des communications \u00e9lectroniques et ne requi\u00e8rent pas de consentement. Pour le champ d&rsquo;application en R\u00e9publique f\u00e9d\u00e9rale d&rsquo;Allemagne, la base juridique pour leur utilisation est l&rsquo;article 25 II TTDSG (loi allemande sur la protection des donn\u00e9es dans le domaine des t\u00e9l\u00e9communications et des t\u00e9l\u00e9m\u00e9dias). Si des donn\u00e9es \u00e0 caract\u00e8re personnel sont trait\u00e9es dans ce contexte, la base juridique est l&rsquo;art. 6 para. 1 phrase 1 lit. f) GDPR (int\u00e9r\u00eat l\u00e9gitime).<\/p>\n<p><strong>(ii) les cookies dits \u00ab\u00a0techniquement inutiles<\/strong><\/p>\n<p>En outre, il existe des cookies qui ne sont pas techniquement n\u00e9cessaires. Ces cookies servent \u00e0 des fins tr\u00e8s diverses, telles que l&rsquo;optimisation du site web, le profilage des utilisateurs et l&rsquo;affichage de publicit\u00e9s bas\u00e9es sur les int\u00e9r\u00eats. En gros, on peut dire qu&rsquo;ils sont utilis\u00e9s \u00e0 des fins d&rsquo;analyse ou de marketing.<\/p>\n<p>Si nous utilisons ces cookies \u00e0 des fins d&rsquo;analyse ou de marketing, nous traitons vos donn\u00e9es sur la base de votre consentement conform\u00e9ment \u00e0 l&rsquo;art. 6 para. 1 phrase 1 lit. a) du GDPR. Vous nous donnez ce consentement en utilisant l&rsquo;outil CMP. Alternativement, l&rsquo;Art. 6 para. 1 phrase 1 lit. f) du GDPR (int\u00e9r\u00eat l\u00e9gitime) peut \u00e9galement constituer la base juridique de ces cookies \u00e0 des fins d&rsquo;analyse ou de marketing. Pour plus de d\u00e9tails, veuillez consulter notre outil CMP (vous pouvez y acc\u00e9der via l&rsquo;option \u00ab\u00a0G\u00e9rer les param\u00e8tres des cookies\u00a0\u00bb au bas du site web). Nous avons \u00e9num\u00e9r\u00e9 ici en d\u00e9tail \u00e0 quelles fins nous utilisons des cookies \u00e0 des fins d&rsquo;analyse ou de marketing et sur quelle base juridique. Vous trouverez \u00e9galement d&rsquo;autres explications ci-dessous.<\/p>\n<h4>B. Gestion des cookies dans notre outil CMP<\/h4>\n<p>Vous pouvez vous informer et d\u00e9cider vous-m\u00eame quels sont les cookies lorsque vous utilisez le site web, quel fournisseur de services \/ partenaire (appel\u00e9s \u00ab\u00a0fournisseurs\u00a0\u00bb) est propos\u00e9, quelles sont vos donn\u00e9es qui sont trait\u00e9es et si vous souhaitez donner votre consentement.<\/p>\n<p>Pour vous permettre de prendre cette d\u00e9cision en connaissance de cause, nous utilisons une proc\u00e9dure de gestion du consentement en mati\u00e8re de cookies (l&rsquo;outil CMP d\u00e9crit ci-dessus), qui permet d&rsquo;obtenir votre consentement \u00e0 l&rsquo;utilisation de cookies ou au traitement et aux fournisseurs mentionn\u00e9s dans la proc\u00e9dure de gestion du consentement en mati\u00e8re de cookies, de vous donner la possibilit\u00e9 de les g\u00e9rer et, si vous le souhaitez, de les retirer. La d\u00e9claration de consentement est stock\u00e9e afin que vous n&rsquo;ayez pas \u00e0 r\u00e9p\u00e9ter la demande et que vous puissiez prouver votre consentement conform\u00e9ment aux obligations l\u00e9gales. L&rsquo;enregistrement peut avoir lieu sur le serveur ou dans un cookie (appel\u00e9 \u00ab\u00a0cookie opt-in\u00a0\u00bb ou \u00e0 l&rsquo;aide de technologies comparables) afin de pouvoir attribuer le consentement \u00e0 un utilisateur ou \u00e0 son appareil terminal. Sous r\u00e9serve d&rsquo;informations individuelles sur les fournisseurs de services de gestion des cookies, les dispositions suivantes s&rsquo;appliquent : La dur\u00e9e de conservation du consentement peut aller jusqu&rsquo;\u00e0 12 mois. Cela implique la cr\u00e9ation d&rsquo;un identifiant d&rsquo;utilisateur pseudonyme et, avec la date du consentement, des d\u00e9tails sur l&rsquo;\u00e9tendue du consentement (par exemple, quelles cat\u00e9gories de cookies ou de prestataires de services).<\/p>\n<p>L&rsquo;outil CMP vous aide \u00e0 filtrer les diff\u00e9rents cookies, traceurs et outils d&rsquo;analyse utilis\u00e9s par nous et, le cas \u00e9ch\u00e9ant, par nos fournisseurs, en fonction de l&rsquo;utilisateur, afin d&rsquo;obtenir une vue d&rsquo;ensemble, de les s\u00e9lectionner en fonction de leur objectif de traitement et, si vous le souhaitez, de les d\u00e9sactiver de mani\u00e8re g\u00e9n\u00e9rale ou individuelle. Toutefois, vous ne pouvez pas d\u00e9sactiver les cookies, traceurs et outils d&rsquo;analyse techniquement n\u00e9cessaires pour les raisons d\u00e9crites ci-dessus.<\/p>\n<p>Pour acc\u00e9der \u00e0 cet outil CMP (\u00e0 nouveau, si n\u00e9cessaire), cliquez sur \u00ab\u00a0G\u00e9rer les param\u00e8tres des cookies\u00a0\u00bb (accessible par l&rsquo;option en bas du site).<\/p>\n<p>Comme expliqu\u00e9 ci-dessus, vous pouvez utiliser le site web sans cookies ni autres m\u00e9canismes de suivi qui ne sont pas techniquement n\u00e9cessaires, tant initialement que par la suite. Dans ce cas, seuls les cookies, les traceurs et les outils d&rsquo;analyse techniquement n\u00e9cessaires \u00e0 l&rsquo;utilisation du site web seront conserv\u00e9s.<\/p>\n<p>Informations sur le consentement : Certains des services \u00e9num\u00e9r\u00e9s dans l&rsquo;outil CMP sont mis en place par nos fournisseurs ou nous transf\u00e9rons vos donn\u00e9es \u00e0 ces fournisseurs. Vous trouverez plus de d\u00e9tails dans notre outil CMP.<\/p>\n<p>Informations sur le consentement : Certains des services r\u00e9pertori\u00e9s dans l&rsquo;outil CMP transf\u00e8rent des donn\u00e9es aux \u00c9tats-Unis. Le traitement et la protection de vos donn\u00e9es aux \u00c9tats-Unis ne sont pas conformes au GDPR. Les services\/fournisseurs sont soumis \u00e0 la l\u00e9gislation am\u00e9ricaine et peuvent donc \u00eatre oblig\u00e9s de remettre des donn\u00e9es aux autorit\u00e9s ou aux services secrets am\u00e9ricains si les exigences l\u00e9gales sont respect\u00e9es. Les risques pour vous sont dus, en particulier, aux difficult\u00e9s accrues d&rsquo;application de la loi, \u00e0 l&rsquo;absence de contr\u00f4le sur le traitement ult\u00e9rieur ou la transmission de vos donn\u00e9es et \u00e0 l&rsquo;acc\u00e8s susmentionn\u00e9 par les agences gouvernementales. Vous pouvez \u00e9galement trouver plus de d\u00e9tails dans notre outil CMP.<\/p>\n<p>Pour exercer votre droit d&rsquo;opposition ou de param\u00e9trage des cookies, veuillez cliquer sur \u00ab\u00a0G\u00e9rer les param\u00e8tres des cookies\u00a0\u00bb (accessible par l&rsquo;option en bas du site).<\/p>\n<h4>C. Gestion des cookies du navigateur<\/h4>\n<p>Vous pouvez \u00e9galement d\u00e9sactiver le stockage des cookies par le biais des param\u00e8tres de votre navigateur et supprimer \u00e0 tout moment les cookies d\u00e9j\u00e0 stock\u00e9s dans votre navigateur. Veuillez toutefois noter que le site web ou l&rsquo;offre en ligne peut ne pas fonctionner ou fonctionner de mani\u00e8re limit\u00e9e sans cookies. Nous vous recommandons \u00e9galement de visiter le site web www.YourOnlineChoices.com, o\u00f9 vous pouvez obtenir des informations et de l&rsquo;aide concernant les m\u00e9canismes de suivi des sites web. Une option de refus centralis\u00e9e pour plusieurs outils, en particulier ceux des fournisseurs am\u00e9ricains, est \u00e9galement accessible \u00e0 l&rsquo;adresse suivante : optout.networkadvertising.org.<\/p>\n<h3>2. R\u00e9sum\u00e9 des objectifs pour lesquels nous installons des cookies ou traitons \u00e9galement des donn\u00e9es \u00e0 caract\u00e8re personnel dans le cadre du suivi des sites web<\/h3>\n<p><u><strong>a. cr\u00e9er des offres individuelles de nos services ou des services de nos partenaires licenci\u00e9s<\/strong><\/u><\/p>\n<p>Si vous avez donn\u00e9 votre consentement conform\u00e9ment \u00e0 l&rsquo;art. 6 para. 1 lit. a du GDPR, nous installons des cookies ou traitons des donn\u00e9es personnelles telles que votre adresse IP ou travaillons avec des identifiants uniques (un identifiant unique, ou UID en abr\u00e9g\u00e9, est un identifiant unique compos\u00e9 de codes sous forme de cha\u00eenes de chiffres et de lettres) pour vous informer sur nos services. Ce faisant, nous tenons \u00e9galement compte de vos pr\u00e9f\u00e9rences, qui d\u00e9coulent de votre comportement d&rsquo;utilisation de notre site web.<\/p>\n<p>Dans notre outil CMP, vous trouverez ces cookies dans les sections suivantes :<\/p>\n<p>S\u00e9lectionner un contenu personnalis\u00e9<\/p>\n<p>A Stockage et acc\u00e8s aux informations de g\u00e9olocalisation \u00e0 des fins de publicit\u00e9 cibl\u00e9e<\/p>\n<p><u><strong>b. Profilage de l&rsquo;utilisation sur la base d&rsquo;une analyse statistique afin d&rsquo;adapter le site web \u00e0 vos besoins<\/strong><\/u><\/p>\n<p>Nous avons besoin d&rsquo;informations statistiques sur l&rsquo;utilisation de l&rsquo;offre en ligne sur le site web pour rendre le site web ou son contenu plus convivial et pour r\u00e9aliser des \u00e9tudes de march\u00e9 ou des analyses de proximit\u00e9. Nous utilisons \u00e0 cet effet des outils d&rsquo;analyse web (\u00ab\u00a0outils\u00a0\u00bb). Les profils d&rsquo;utilisation sont cr\u00e9\u00e9s \u00e0 l&rsquo;aide de cookies d&rsquo;analyse ou en \u00e9valuant vos fichiers journaux. Les fournisseurs de ces outils traitent vos donn\u00e9es en tant que sous-traitants conform\u00e9ment \u00e0 nos instructions et non \u00e0 leurs propres fins. Les outils n&rsquo;utilisent pas les adresses IP des utilisateurs et ne les raccourcissent pas imm\u00e9diatement apr\u00e8s leur collecte.<\/p>\n<p>La base juridique peut \u00eatre votre consentement (si nous traitons vos donn\u00e9es personnelles, Art. 6 para. 1 lit. a) GDPR ; si nous utilisons des cookies et ne traitons pas de donn\u00e9es personnelles, la base juridique est la directive ePrivacy 2002\/58 EC ou, dans le champ d&rsquo;application de la R\u00e9publique f\u00e9d\u00e9rale d&rsquo;Allemagne, la section 25 II TTDSG). En outre, CW Europe Group Marbella S.L. peut \u00e9galement avoir un int\u00e9r\u00eat l\u00e9gitime pr\u00e9pond\u00e9rant dans la conception du site Web en fonction de la demande et des habitudes des utilisateurs, ainsi que dans l&rsquo;\u00e9valuation statistique du site Web. La base juridique du traitement des donn\u00e9es est alors l&rsquo;art. 6, para. 1, let. f) du GDPR.<\/p>\n<p>Aux fins susmentionn\u00e9es, nous utilisons des cookies pour le site web et les sous-pages, qu&rsquo;il s&rsquo;agisse de nos propres cookies ou de ceux de fournisseurs tiers, que nous transmettons \u00e0 votre ordinateur par l&rsquo;interm\u00e9diaire de votre navigateur web. Ils permettent \u00e0 nos syst\u00e8mes de distinguer votre navigateur des autres. D&rsquo;une part, nous vous envoyons des cookies dits persistants. D&rsquo;autre part, nous utilisons des cookies dits de session, \u00e0 l&rsquo;aide desquels vous recevez un identifiant de session lors de votre visite sur nos pages, ce qui nous permet de vous distinguer des autres visiteurs du site web.<\/p>\n<p><strong>Dans notre outil CMP, vous trouverez ces cookies dans les sections suivantes :<\/strong><\/p>\n<ul>\n<li>Stocker ou acc\u00e9der \u00e0 des informations sur un appareil<\/li>\n<li>Mesurer la performance du contenu<\/li>\n<li>D\u00e9velopper et am\u00e9liorer les produits<\/li>\n<li>Utiliser les \u00e9tudes de march\u00e9 pour g\u00e9n\u00e9rer des informations sur le public<\/li>\n<li>Mesurer la performance des annonces<\/li>\n<li>S\u00e9lectionner les annonces de base<\/li>\n<li>Utiliser des donn\u00e9es de localisation g\u00e9ographique pr\u00e9cises<\/li>\n<li>Analyser activement les caract\u00e9ristiques de l&rsquo;appareil pour l&rsquo;identifier<\/li>\n<\/ul>\n<p>Dans notre outil CMP, vous pouvez \u00e9galement trouver les partenaires avec lesquels nous travaillons par ordre alphab\u00e9tique.<\/p>\n<p>Certains des services r\u00e9pertori\u00e9s dans l&rsquo;outil CMP transf\u00e8rent des donn\u00e9es vers les \u00c9tats-Unis. Le traitement et la protection des donn\u00e9es aux \u00c9tats-Unis ne sont pas conformes au GDPR. Les services sont soumis au droit am\u00e9ricain et peuvent donc \u00eatre oblig\u00e9s de transmettre des donn\u00e9es aux autorit\u00e9s am\u00e9ricaines ou aux services secrets am\u00e9ricains si les conditions l\u00e9gales sont remplies. Les risques pour vous sont notamment dus \u00e0 la difficult\u00e9 accrue de l&rsquo;application de la loi, \u00e0 l&rsquo;absence de contr\u00f4le du traitement ou de la transmission des donn\u00e9es et \u00e0 l&rsquo;acc\u00e8s susmentionn\u00e9 des agences gouvernementales. Certains fournisseurs, tels que Google, peuvent \u00e9galement traiter des donn\u00e9es pour leurs propres besoins. Dans ce cas, le traitement des donn\u00e9es est bas\u00e9 sur votre consentement, Art. 6, I let. a) du GDPR.<\/p>\n<p>Vous pouvez \u00e9galement trouver plus de d\u00e9tails dans notre outil CMP (accessible via l&rsquo;option \u00ab\u00a0G\u00e9rer les param\u00e8tres des cookies\u00a0\u00bb au bas du site web).<\/p>\n<h3>3. Liens vers les r\u00e9seaux sociaux<\/h3>\n<p>Notre site web contient des liens partiels vers les sites des principaux r\u00e9seaux sociaux (par exemple Facebook et Twitter). En ce sens, il ne s&rsquo;agit pas de plug-ins de m\u00e9dias sociaux, mais de liens, o\u00f9 les donn\u00e9es personnelles ne sont pas transmises aux op\u00e9rateurs des r\u00e9seaux sociaux.<\/p>\n<h2>III. Transfert de vos donn\u00e9es personnelles et, le cas \u00e9ch\u00e9ant, transfert vers des pays n&rsquo;appartenant pas \u00e0 l&rsquo;EEE<\/h2>\n<p>Veuillez consulter les informations contenues dans notre outil CMP pour d\u00e9terminer dans quelle mesure nous partageons des donn\u00e9es \u00e0 caract\u00e8re personnel avec nos partenaires et si ces derniers sont bas\u00e9s dans des pays hors EEE.<\/p>\n<p>Les destinataires des donn\u00e9es \u00e0 caract\u00e8re personnel peuvent \u00eatre situ\u00e9s en dehors de l&rsquo;EEE\/du Royaume-Uni. Lorsque des donn\u00e9es \u00e0 caract\u00e8re personnel sont transf\u00e9r\u00e9es vers des lieux situ\u00e9s en dehors de l&rsquo;EEE\/du Royaume-Uni, nous veillerons, comme l&rsquo;exige la loi, \u00e0 ce que vos droits en mati\u00e8re de protection des donn\u00e9es soient prot\u00e9g\u00e9s de mani\u00e8re ad\u00e9quate, soit parce que la Commission europ\u00e9enne a d\u00e9cid\u00e9 que le pays vers lequel les donn\u00e9es \u00e0 caract\u00e8re personnel sont transf\u00e9r\u00e9es assure un niveau de protection ad\u00e9quat (article 45 du GDPR), soit parce que le transfert est soumis \u00e0 des garanties ad\u00e9quates (par exemple, des clauses contractuelles types) de l&rsquo;Union europ\u00e9enne convenues avec le destinataire (article 46 du GDPR), \u00e0 moins que le GDPR ne pr\u00e9voie une exception (article 49 du GDPR). En outre, si n\u00e9cessaire, nous avons l&rsquo;intention de convenir de mesures suppl\u00e9mentaires avec les destinataires pour garantir un niveau ad\u00e9quat de protection des donn\u00e9es. Des copies des mesures de protection ad\u00e9quates (lorsque nous les invoquons) et une liste des destinataires situ\u00e9s en dehors de l&rsquo;EEE\/du Royaume-Uni peuvent \u00eatre demand\u00e9es. Veuillez noter que ces copies peuvent \u00eatre expurg\u00e9es avec des informations cach\u00e9es si n\u00e9cessaire pour prot\u00e9ger des secrets commerciaux ou d&rsquo;autres informations confidentielles.<\/p>\n<h2>IV. Stockage et suppression des donn\u00e9es<\/h2>\n<p>CW Europe Group Marbella S.L. conserve vos donn\u00e9es personnelles aussi longtemps que n\u00e9cessaire pour atteindre les objectifs pour lesquels les donn\u00e9es sont collect\u00e9es et trait\u00e9es, y compris toute p\u00e9riode de conservation requise par la loi applicable (par exemple, la conservation des documents comptables). Veuillez vous r\u00e9f\u00e9rer \u00e0 notre outil CMP pour plus de d\u00e9tails sur les p\u00e9riodes de conservation.<\/p>\n<h2>V. Politique de protection de la vie priv\u00e9e<\/h2>\n<p>Nos politiques de confidentialit\u00e9 fournissent des informations sur nos responsabilit\u00e9s, nos coordonn\u00e9es et vos droits en mati\u00e8re de traitement des donn\u00e9es.<\/p>\n","protected":false},"excerpt":{"rendered":"<p>Informations sur les cookies Informations sur les cookies de CW Europe Group Marbella S.L (ci-apr\u00e8s d\u00e9nomm\u00e9 \u00ab\u00a0CW Europe Group Marbella S.L\u00a0\u00bb, \u00ab\u00a0nous\u00a0\u00bb) pour le site web www.luxuryvillasibiza.net ainsi que pour toutes ses sous-pages (ci-apr\u00e8s d\u00e9nomm\u00e9es collectivement le \u00ab\u00a0site web\u00a0\u00bb) valables \u00e0 partir du 15 ao\u00fbt 2022. Tout d&rsquo;abord, la chose la plus importante : Vous &hellip; <a href=\"https:\/\/www.luxuryvillasibiza.net\/fr\/cookies\/\" class=\"more-link\">Continue reading<span class=\"screen-reader-text\"> \u00ab\u00a0Cookies\u00a0\u00bb<\/span><\/a><\/p>\n","protected":false},"author":1,"featured_media":0,"parent":0,"menu_order":0,"comment_status":"closed","ping_status":"closed","template":"","meta":{"_acf_changed":false,"footnotes":""},"class_list":["post-49895","page","type-page","status-publish","hentry"],"acf":[],"_links":{"self":[{"href":"https:\/\/www.luxuryvillasibiza.net\/fr\/wp-json\/wp\/v2\/pages\/49895","targetHints":{"allow":["GET"]}}],"collection":[{"href":"https:\/\/www.luxuryvillasibiza.net\/fr\/wp-json\/wp\/v2\/pages"}],"about":[{"href":"https:\/\/www.luxuryvillasibiza.net\/fr\/wp-json\/wp\/v2\/types\/page"}],"author":[{"embeddable":true,"href":"https:\/\/www.luxuryvillasibiza.net\/fr\/wp-json\/wp\/v2\/users\/1"}],"replies":[{"embeddable":true,"href":"https:\/\/www.luxuryvillasibiza.net\/fr\/wp-json\/wp\/v2\/comments?post=49895"}],"version-history":[{"count":3,"href":"https:\/\/www.luxuryvillasibiza.net\/fr\/wp-json\/wp\/v2\/pages\/49895\/revisions"}],"predecessor-version":[{"id":134424,"href":"https:\/\/www.luxuryvillasibiza.net\/fr\/wp-json\/wp\/v2\/pages\/49895\/revisions\/134424"}],"wp:attachment":[{"href":"https:\/\/www.luxuryvillasibiza.net\/fr\/wp-json\/wp\/v2\/media?parent=49895"}],"curies":[{"name":"wp","href":"https:\/\/api.w.org\/{rel}","templated":true}]}}