{"id":49908,"date":"2023-12-11T22:23:45","date_gmt":"2023-12-11T22:23:45","guid":{"rendered":"https:\/\/www.cwibiza.com\/imprint\/"},"modified":"2025-09-08T14:55:45","modified_gmt":"2025-09-08T14:55:45","slug":"impression","status":"publish","type":"page","link":"https:\/\/www.luxuryvillasibiza.net\/fr\/impression\/","title":{"rendered":"Impression"},"content":{"rendered":"<p>Le service \u00e0 l&rsquo;adresse www.luxuryvillasibiza.net\/fr est assur\u00e9 par :<\/p>\n<h2>CW Europe Group Marbella S.L.<\/h2>\n<p><b>Anagrama Commercial &#8211; Adresse<\/b><br \/>\nCarretra de Jesus, numero 101,<br \/>\nplanta baja, puerta 5,<br \/>\nNuestra Senora de Jesus 07819,<br \/>\nSanta\u00a0Eulalia,\u00a0Ibiza<\/p>\n<p>Num\u00e9ro d&rsquo;identification fiscale B93249878<\/p>\n<p>Tel : +34 692807756<br \/>\nFax : +34 871030774<br \/>\nE-mail : info@cw-ibiza.de<\/p>\n<p>Directeurs g\u00e9n\u00e9raux : Christian Wolf &amp; ; Nicole Wolf<\/p>\n<p>www.luxuryvillasibiza.net est une plateforme sur laquelle les franchis\u00e9s du groupe d&rsquo;entreprises CW Europe Group Marbella S.L. ainsi que le groupe d&rsquo;entreprises CW Europe Group Marbella S.L. lui-m\u00eame peuvent proposer des biens immobiliers et des yachts et mettre ces offres \u00e0 la disposition du public.<\/p>\n<p>Responsabilit\u00e9 selon \u00a7 18 Abs. 2 MStV pour tout contenu r\u00e9dactionnel sur www.luxuryvillasibiza.net :<br \/>\nChristian Wolf X14393400X<\/p>\n<h2>Information des consommateurs sur les modes alternatifs de r\u00e9solution des conflits<\/h2>\n<p>(Art. 14 (1) ODR-VO y \u00a7 36 VSBG)<\/p>\n<p>La plateforme Internet de l&rsquo;Union europ\u00e9enne pour le r\u00e8glement en ligne des litiges (appel\u00e9e \u00ab\u00a0plateforme ODR\u00a0\u00bb) est accessible via le lien suivant.<\/p>\n<p>https:\/\/ec.europa.eu\/consumers\/odr<br \/>\nNous ne participons pas aux proc\u00e9dures de r\u00e9solution des litiges devant les instances d&rsquo;arbitrage des consommateurs.<br \/>\nEmail : info@cw-ibiza.de<\/p>\n","protected":false},"excerpt":{"rendered":"<p>Le service \u00e0 l&rsquo;adresse www.luxuryvillasibiza.net\/fr est assur\u00e9 par : CW Europe Group Marbella S.L. Anagrama Commercial &#8211; Adresse Carretra de Jesus, numero 101, planta baja, puerta 5, Nuestra Senora de Jesus 07819, Santa\u00a0Eulalia,\u00a0Ibiza Num\u00e9ro d&rsquo;identification fiscale B93249878 Tel : +34 692807756 Fax : +34 871030774 E-mail : info@cw-ibiza.de Directeurs g\u00e9n\u00e9raux : Christian Wolf &amp; ; &hellip; <a href=\"https:\/\/www.luxuryvillasibiza.net\/fr\/impression\/\" class=\"more-link\">Continue reading<span class=\"screen-reader-text\"> \u00ab\u00a0Impression\u00a0\u00bb<\/span><\/a><\/p>\n","protected":false},"author":1,"featured_media":0,"parent":0,"menu_order":0,"comment_status":"closed","ping_status":"closed","template":"","meta":{"_acf_changed":false,"footnotes":""},"class_list":["post-49908","page","type-page","status-publish","hentry"],"acf":[],"_links":{"self":[{"href":"https:\/\/www.luxuryvillasibiza.net\/fr\/wp-json\/wp\/v2\/pages\/49908","targetHints":{"allow":["GET"]}}],"collection":[{"href":"https:\/\/www.luxuryvillasibiza.net\/fr\/wp-json\/wp\/v2\/pages"}],"about":[{"href":"https:\/\/www.luxuryvillasibiza.net\/fr\/wp-json\/wp\/v2\/types\/page"}],"author":[{"embeddable":true,"href":"https:\/\/www.luxuryvillasibiza.net\/fr\/wp-json\/wp\/v2\/users\/1"}],"replies":[{"embeddable":true,"href":"https:\/\/www.luxuryvillasibiza.net\/fr\/wp-json\/wp\/v2\/comments?post=49908"}],"version-history":[{"count":5,"href":"https:\/\/www.luxuryvillasibiza.net\/fr\/wp-json\/wp\/v2\/pages\/49908\/revisions"}],"predecessor-version":[{"id":134436,"href":"https:\/\/www.luxuryvillasibiza.net\/fr\/wp-json\/wp\/v2\/pages\/49908\/revisions\/134436"}],"wp:attachment":[{"href":"https:\/\/www.luxuryvillasibiza.net\/fr\/wp-json\/wp\/v2\/media?parent=49908"}],"curies":[{"name":"wp","href":"https:\/\/api.w.org\/{rel}","templated":true}]}}