{"id":49932,"date":"2023-10-09T19:19:19","date_gmt":"2023-10-09T19:19:19","guid":{"rendered":"https:\/\/www.cwibiza.com\/privacy-policy\/"},"modified":"2025-09-19T04:11:31","modified_gmt":"2025-09-19T04:11:31","slug":"politique-de-confidentialite","status":"publish","type":"page","link":"https:\/\/www.luxuryvillasibiza.net\/fr\/politique-de-confidentialite\/","title":{"rendered":"Politique de confidentialit\u00e9"},"content":{"rendered":"<p data-start=\"373\" data-end=\"416\"><em data-start=\"373\" data-end=\"414\">(Derni\u00e8re mise \u00e0 jour : septembre 2025)<\/em><\/p>\n<h2 data-start=\"418\" data-end=\"438\">1. Introduction<\/h2>\n<p data-start=\"439\" data-end=\"853\">La protection de vos donn\u00e9es personnelles est essentielle pour nous. Cette politique de confidentialit\u00e9 explique comment nous collectons, utilisons et prot\u00e9geons vos donn\u00e9es sur le site <strong data-start=\"625\" data-end=\"654\"><a class=\"decorated-link\" href=\"https:\/\/www.luxuryvillasibiza.net\/fr\/\" target=\"_new\" rel=\"noopener\" data-start=\"627\" data-end=\"652\">www.luxuryvillasibiza.net<\/a><\/strong> et toutes ses sous-pages. Le traitement de vos donn\u00e9es s\u2019effectue conform\u00e9ment au <strong data-start=\"737\" data-end=\"809\">R\u00e8glement G\u00e9n\u00e9ral sur la Protection des Donn\u00e9es (RGPD \u2013 UE 2016\/679)<\/strong> et \u00e0 la <strong data-start=\"818\" data-end=\"850\">Loi Informatique et Libert\u00e9s<\/strong>.<\/p>\n<h2 data-start=\"855\" data-end=\"888\">2. Responsable du traitement<\/h2>\n<p data-start=\"889\" data-end=\"925\">Le responsable du traitement est :<\/p>\n<p data-start=\"927\" data-end=\"1097\"><strong data-start=\"927\" data-end=\"959\">CW Europe Group Marbella S.L<\/strong><br data-start=\"959\" data-end=\"962\" \/>Anagrama Commercial<br data-start=\"981\" data-end=\"984\" \/>Carretra de Jes\u00fas, num\u00e9ro 101<br data-start=\"1013\" data-end=\"1016\" \/>Rez-de-chauss\u00e9e, porte 5<br data-start=\"1040\" data-end=\"1043\" \/>Nuestra Se\u00f1ora de Jes\u00fas 07819<br data-start=\"1072\" data-end=\"1075\" \/>Santa Eulalia, Ibiza<\/p>\n<p data-start=\"1099\" data-end=\"1149\">T\u00e9l. : +34 692807756<br data-start=\"1119\" data-end=\"1122\" \/>E-mail : <a class=\"decorated-link cursor-pointer\" rel=\"noopener\" data-start=\"1131\" data-end=\"1147\">info@cw-ibiza.de<\/a><\/p>\n<p data-start=\"1151\" data-end=\"1194\">Directeurs : Christian Wolf &amp; Nicole Wolf<\/p>\n<h2 data-start=\"1196\" data-end=\"1222\">3. Donn\u00e9es collect\u00e9es<\/h2>\n<h3 data-start=\"1223\" data-end=\"1253\">a) Lors de la navigation<\/h3>\n<p data-start=\"1254\" data-end=\"1351\">Lorsque vous visitez notre site, certaines donn\u00e9es techniques sont automatiquement collect\u00e9es :<\/p>\n<ul data-start=\"1353\" data-end=\"1476\">\n<li data-start=\"1353\" data-end=\"1367\">\n<p data-start=\"1355\" data-end=\"1367\">Adresse IP<\/p>\n<\/li>\n<li data-start=\"1368\" data-end=\"1393\">\n<p data-start=\"1370\" data-end=\"1393\">Date et heure d\u2019acc\u00e8s<\/p>\n<\/li>\n<li data-start=\"1394\" data-end=\"1427\">\n<p data-start=\"1396\" data-end=\"1427\">Type et version du navigateur<\/p>\n<\/li>\n<li data-start=\"1428\" data-end=\"1454\">\n<p data-start=\"1430\" data-end=\"1454\">Syst\u00e8me d\u2019exploitation<\/p>\n<\/li>\n<li data-start=\"1455\" data-end=\"1476\">\n<p data-start=\"1457\" data-end=\"1476\">URL de provenance<\/p>\n<\/li>\n<\/ul>\n<p data-start=\"1478\" data-end=\"1560\">Ces informations sont utilis\u00e9es uniquement \u00e0 des fins techniques et de s\u00e9curit\u00e9.<\/p>\n<h3 data-start=\"1562\" data-end=\"1593\">b) Formulaires de contact<\/h3>\n<p data-start=\"1594\" data-end=\"1776\">Si vous nous contactez via un formulaire ou par e-mail, nous traitons les donn\u00e9es fournies (nom, adresse e-mail, t\u00e9l\u00e9phone, contenu de la demande) afin de r\u00e9pondre \u00e0 votre requ\u00eate.<\/p>\n<h3 data-start=\"1778\" data-end=\"1808\">c) Demandes immobili\u00e8res<\/h3>\n<p data-start=\"1809\" data-end=\"2018\">Pour les demandes concernant des biens immobiliers, nous pouvons \u00e9galement collecter des informations suppl\u00e9mentaires telles que le type de bien recherch\u00e9, la fourchette de prix ou la localisation souhait\u00e9e.<\/p>\n<h2 data-start=\"2020\" data-end=\"2051\">4. Finalit\u00e9s du traitement<\/h2>\n<p data-start=\"2052\" data-end=\"2110\">Vos donn\u00e9es personnelles sont trait\u00e9es uniquement pour :<\/p>\n<ul data-start=\"2112\" data-end=\"2324\">\n<li data-start=\"2112\" data-end=\"2139\">\n<p data-start=\"2114\" data-end=\"2139\">R\u00e9pondre \u00e0 vos demandes<\/p>\n<\/li>\n<li data-start=\"2140\" data-end=\"2187\">\n<p data-start=\"2142\" data-end=\"2187\">Fournir des services de courtage immobilier<\/p>\n<\/li>\n<li data-start=\"2188\" data-end=\"2243\">\n<p data-start=\"2190\" data-end=\"2243\">Respecter des obligations contractuelles et l\u00e9gales<\/p>\n<\/li>\n<li data-start=\"2244\" data-end=\"2324\">\n<p data-start=\"2246\" data-end=\"2324\">Envoyer des communications commerciales (uniquement avec votre consentement)<\/p>\n<\/li>\n<\/ul>\n<h2 data-start=\"2326\" data-end=\"2366\">5. Cookies et technologies de suivi<\/h2>\n<p data-start=\"2367\" data-end=\"2406\">Notre site utilise des cookies pour :<\/p>\n<ul data-start=\"2408\" data-end=\"2645\">\n<li data-start=\"2408\" data-end=\"2464\">\n<p data-start=\"2410\" data-end=\"2464\"><strong data-start=\"2410\" data-end=\"2433\">Cookies n\u00e9cessaires<\/strong> : bon fonctionnement du site<\/p>\n<\/li>\n<li data-start=\"2465\" data-end=\"2558\">\n<p data-start=\"2467\" data-end=\"2558\"><strong data-start=\"2467\" data-end=\"2490\">Cookies analytiques<\/strong> : am\u00e9lioration des performances (ex. Google Analytics, si activ\u00e9)<\/p>\n<\/li>\n<li data-start=\"2559\" data-end=\"2645\">\n<p data-start=\"2561\" data-end=\"2645\"><strong data-start=\"2561\" data-end=\"2582\">Cookies marketing<\/strong> : personnalisation des offres (uniquement avec consentement)<\/p>\n<\/li>\n<\/ul>\n<p data-start=\"2647\" data-end=\"2853\">Vous pouvez modifier ou retirer votre consentement \u00e0 tout moment via la banni\u00e8re cookies ou les param\u00e8tres de votre navigateur. Consultez notre <strong data-start=\"2791\" data-end=\"2825\">Politique relative aux cookies<\/strong> pour plus d\u2019informations.<\/p>\n<h2 data-start=\"2855\" data-end=\"2874\">6. Base l\u00e9gale<\/h2>\n<p data-start=\"2875\" data-end=\"2937\">Le traitement est fond\u00e9 sur les bases juridiques suivantes :<\/p>\n<ul data-start=\"2939\" data-end=\"3148\">\n<li data-start=\"2939\" data-end=\"2983\">\n<p data-start=\"2941\" data-end=\"2983\">Consentement explicite (art. 6.1.a RGPD)<\/p>\n<\/li>\n<li data-start=\"2984\" data-end=\"3057\">\n<p data-start=\"2986\" data-end=\"3057\">Ex\u00e9cution d\u2019un contrat ou mesures pr\u00e9contractuelles (art. 6.1.b RGPD)<\/p>\n<\/li>\n<li data-start=\"3058\" data-end=\"3109\">\n<p data-start=\"3060\" data-end=\"3109\">Respect d\u2019obligations l\u00e9gales (art. 6.1.c RGPD)<\/p>\n<\/li>\n<li data-start=\"3110\" data-end=\"3148\">\n<p data-start=\"3112\" data-end=\"3148\">Int\u00e9r\u00eat l\u00e9gitime (art. 6.1.f RGPD)<\/p>\n<\/li>\n<\/ul>\n<h2 data-start=\"3150\" data-end=\"3183\">7. Communication des donn\u00e9es<\/h2>\n<p data-start=\"3184\" data-end=\"3236\">Vos donn\u00e9es ne sont partag\u00e9es avec des tiers que :<\/p>\n<ul data-start=\"3238\" data-end=\"3399\">\n<li data-start=\"3238\" data-end=\"3275\">\n<p data-start=\"3240\" data-end=\"3275\">Avec votre consentement explicite<\/p>\n<\/li>\n<li data-start=\"3276\" data-end=\"3368\">\n<p data-start=\"3278\" data-end=\"3368\">Pour ex\u00e9cuter un contrat (ex. avocats, partenaires immobiliers, prestataires techniques)<\/p>\n<\/li>\n<li data-start=\"3369\" data-end=\"3399\">\n<p data-start=\"3371\" data-end=\"3399\">En cas d\u2019obligation l\u00e9gale<\/p>\n<\/li>\n<\/ul>\n<h2 data-start=\"3401\" data-end=\"3430\">8. Dur\u00e9e de conservation<\/h2>\n<p data-start=\"3431\" data-end=\"3606\">Les donn\u00e9es sont conserv\u00e9es uniquement pendant la dur\u00e9e n\u00e9cessaire aux finalit\u00e9s poursuivies ou conform\u00e9ment aux d\u00e9lais l\u00e9gaux. Elles sont ensuite supprim\u00e9es ou anonymis\u00e9es.<\/p>\n<h2 data-start=\"3608\" data-end=\"3641\">9. Transferts internationaux<\/h2>\n<p data-start=\"3642\" data-end=\"3864\">En cas de transfert de donn\u00e9es hors de l\u2019UE\/EEE (ex. prestataires informatiques aux \u00c9tats-Unis), nous garantissons un niveau de protection ad\u00e9quat gr\u00e2ce aux <strong data-start=\"3799\" data-end=\"3831\">clauses contractuelles types<\/strong> ou autres m\u00e9canismes reconnus.<\/p>\n<h2 data-start=\"3866\" data-end=\"3885\">10. Vos droits<\/h2>\n<p data-start=\"3886\" data-end=\"3945\">Conform\u00e9ment au RGPD, vous disposez des droits suivants :<\/p>\n<ul data-start=\"3947\" data-end=\"4229\">\n<li data-start=\"3947\" data-end=\"3993\">\n<p data-start=\"3949\" data-end=\"3993\">Droit d\u2019acc\u00e8s \u00e0 vos donn\u00e9es (art. 15 RGPD)<\/p>\n<\/li>\n<li data-start=\"3994\" data-end=\"4035\">\n<p data-start=\"3996\" data-end=\"4035\">Droit de rectification (art. 16 RGPD)<\/p>\n<\/li>\n<li data-start=\"4036\" data-end=\"4094\">\n<p data-start=\"4038\" data-end=\"4094\">Droit d\u2019effacement (\u00ab droit \u00e0 l\u2019oubli \u00bb, art. 17 RGPD)<\/p>\n<\/li>\n<li data-start=\"4095\" data-end=\"4149\">\n<p data-start=\"4097\" data-end=\"4149\">Droit \u00e0 la limitation du traitement (art. 18 RGPD)<\/p>\n<\/li>\n<li data-start=\"4150\" data-end=\"4191\">\n<p data-start=\"4152\" data-end=\"4191\">Droit \u00e0 la portabilit\u00e9 (art. 20 RGPD)<\/p>\n<\/li>\n<li data-start=\"4192\" data-end=\"4229\">\n<p data-start=\"4194\" data-end=\"4229\">Droit d\u2019opposition (art. 21 RGPD)<\/p>\n<\/li>\n<\/ul>\n<p data-start=\"4231\" data-end=\"4429\">Pour exercer vos droits, contactez : <strong data-start=\"4268\" data-end=\"4288\"><a class=\"decorated-link cursor-pointer\" rel=\"noopener\" data-start=\"4270\" data-end=\"4286\">info@cw-ibiza.de<\/a><\/strong>.<br data-start=\"4289\" data-end=\"4292\" \/>Vous avez \u00e9galement le droit de d\u00e9poser une r\u00e9clamation aupr\u00e8s de la <strong data-start=\"4361\" data-end=\"4426\">CNIL (Commission Nationale de l\u2019Informatique et des Libert\u00e9s)<\/strong>.<\/p>\n<h2 data-start=\"4431\" data-end=\"4460\">11. S\u00e9curit\u00e9 des donn\u00e9es<\/h2>\n<p data-start=\"4461\" data-end=\"4653\">Nous utilisons un chiffrement SSL ainsi que des mesures techniques et organisationnelles appropri\u00e9es pour prot\u00e9ger vos donn\u00e9es contre l\u2019acc\u00e8s non autoris\u00e9, la perte ou l\u2019utilisation abusive.<\/p>\n<h2 data-start=\"4655\" data-end=\"4677\">12. Modifications<\/h2>\n<p data-start=\"4678\" data-end=\"4875\">Nous nous r\u00e9servons le droit de modifier cette politique de confidentialit\u00e9 pour refl\u00e9ter les \u00e9volutions l\u00e9gislatives ou techniques. La version actualis\u00e9e sera toujours disponible sur notre site.<\/p>\n","protected":false},"excerpt":{"rendered":"<p>(Derni\u00e8re mise \u00e0 jour : septembre 2025) 1. Introduction La protection de vos donn\u00e9es personnelles est essentielle pour nous. Cette politique de confidentialit\u00e9 explique comment nous collectons, utilisons et prot\u00e9geons vos donn\u00e9es sur le site www.luxuryvillasibiza.net et toutes ses sous-pages. Le traitement de vos donn\u00e9es s\u2019effectue conform\u00e9ment au R\u00e8glement G\u00e9n\u00e9ral sur la Protection des Donn\u00e9es &hellip; <a href=\"https:\/\/www.luxuryvillasibiza.net\/fr\/politique-de-confidentialite\/\" class=\"more-link\">Continue reading<span class=\"screen-reader-text\"> \u00ab\u00a0Politique de confidentialit\u00e9\u00a0\u00bb<\/span><\/a><\/p>\n","protected":false},"author":1,"featured_media":0,"parent":0,"menu_order":0,"comment_status":"closed","ping_status":"open","template":"","meta":{"_acf_changed":false,"footnotes":""},"class_list":["post-49932","page","type-page","status-publish","hentry"],"acf":[],"yoast_head":"<!-- This site is optimized with the Yoast SEO Premium plugin v27.3 (Yoast SEO v27.3) - https:\/\/yoast.com\/product\/yoast-seo-premium-wordpress\/ -->\n<title>Politique de Confidentialit\u00e9 \u2013 www.luxuryvillasibiza.net<\/title>\n<meta name=\"description\" content=\"Politique de confidentialit\u00e9 de www.luxuryvillasibiza.net d\u00e9couvrez comment nous collectons, utilisons et prot\u00e9geons vos donn\u00e9es personnelles.\" \/>\n<meta name=\"robots\" content=\"index, follow, max-snippet:-1, max-image-preview:large, max-video-preview:-1\" \/>\n<link rel=\"canonical\" href=\"https:\/\/www.luxuryvillasibiza.net\/fr\/politique-de-confidentialite\/\" \/>\n<meta property=\"og:locale\" content=\"fr_FR\" \/>\n<meta property=\"og:type\" content=\"article\" \/>\n<meta property=\"og:title\" content=\"Politique de confidentialit\u00e9\" \/>\n<meta property=\"og:description\" content=\"Politique de confidentialit\u00e9 de www.luxuryvillasibiza.net d\u00e9couvrez comment nous collectons, utilisons et prot\u00e9geons vos donn\u00e9es personnelles.\" \/>\n<meta property=\"og:url\" content=\"https:\/\/www.luxuryvillasibiza.net\/fr\/politique-de-confidentialite\/\" \/>\n<meta property=\"og:site_name\" content=\"CW Group\" \/>\n<meta property=\"article:modified_time\" content=\"2025-09-19T04:11:31+00:00\" \/>\n<meta property=\"og:image\" content=\"https:\/\/www.luxuryvillasibiza.net\/wp-content\/uploads\/2024\/05\/logo-copy.jpg\" \/>\n\t<meta property=\"og:image:width\" content=\"500\" \/>\n\t<meta property=\"og:image:height\" content=\"500\" \/>\n\t<meta property=\"og:image:type\" content=\"image\/jpeg\" \/>\n<meta name=\"twitter:card\" content=\"summary_large_image\" \/>\n<meta name=\"twitter:label1\" content=\"Dur\u00e9e de lecture estim\u00e9e\" \/>\n\t<meta name=\"twitter:data1\" content=\"3 minutes\" \/>\n<script type=\"application\/ld+json\" class=\"yoast-schema-graph\">{\"@context\":\"https:\\\/\\\/schema.org\",\"@graph\":[{\"@type\":\"WebPage\",\"@id\":\"https:\\\/\\\/www.luxuryvillasibiza.net\\\/fr\\\/politique-de-confidentialite\\\/\",\"url\":\"https:\\\/\\\/www.luxuryvillasibiza.net\\\/fr\\\/politique-de-confidentialite\\\/\",\"name\":\"Politique de Confidentialit\u00e9 \u2013 www.luxuryvillasibiza.net\",\"isPartOf\":{\"@id\":\"https:\\\/\\\/www.luxuryvillasibiza.net\\\/fr\\\/#website\"},\"datePublished\":\"2023-10-09T19:19:19+00:00\",\"dateModified\":\"2025-09-19T04:11:31+00:00\",\"description\":\"Politique de confidentialit\u00e9 de www.luxuryvillasibiza.net d\u00e9couvrez comment nous collectons, utilisons et prot\u00e9geons vos donn\u00e9es personnelles.\",\"breadcrumb\":{\"@id\":\"https:\\\/\\\/www.luxuryvillasibiza.net\\\/fr\\\/politique-de-confidentialite\\\/#breadcrumb\"},\"inLanguage\":\"fr-FR\",\"potentialAction\":[{\"@type\":\"ReadAction\",\"target\":[\"https:\\\/\\\/www.luxuryvillasibiza.net\\\/fr\\\/politique-de-confidentialite\\\/\"]}]},{\"@type\":\"BreadcrumbList\",\"@id\":\"https:\\\/\\\/www.luxuryvillasibiza.net\\\/fr\\\/politique-de-confidentialite\\\/#breadcrumb\",\"itemListElement\":[{\"@type\":\"ListItem\",\"position\":1,\"name\":\"Home\",\"item\":\"https:\\\/\\\/www.luxuryvillasibiza.net\\\/fr\\\/sample-page\\\/\"},{\"@type\":\"ListItem\",\"position\":2,\"name\":\"Politique de confidentialit\u00e9\"}]},{\"@type\":\"WebSite\",\"@id\":\"https:\\\/\\\/www.luxuryvillasibiza.net\\\/fr\\\/#website\",\"url\":\"https:\\\/\\\/www.luxuryvillasibiza.net\\\/fr\\\/\",\"name\":\"CW Group - Real Estate Ibiza\",\"description\":\"Real Estate Ibiza\",\"publisher\":{\"@id\":\"https:\\\/\\\/www.luxuryvillasibiza.net\\\/fr\\\/#organization\"},\"alternateName\":\"CW Group Ibiza\",\"potentialAction\":[{\"@type\":\"SearchAction\",\"target\":{\"@type\":\"EntryPoint\",\"urlTemplate\":\"https:\\\/\\\/www.luxuryvillasibiza.net\\\/fr\\\/?s={search_term_string}\"},\"query-input\":{\"@type\":\"PropertyValueSpecification\",\"valueRequired\":true,\"valueName\":\"search_term_string\"}}],\"inLanguage\":\"fr-FR\"},{\"@type\":\"Organization\",\"@id\":\"https:\\\/\\\/www.luxuryvillasibiza.net\\\/fr\\\/#organization\",\"name\":\"CW - Luxury Villas in Ibiza\",\"alternateName\":\"Ibiza Real Estate\",\"url\":\"https:\\\/\\\/www.luxuryvillasibiza.net\\\/fr\\\/\",\"logo\":{\"@type\":\"ImageObject\",\"inLanguage\":\"fr-FR\",\"@id\":\"https:\\\/\\\/www.luxuryvillasibiza.net\\\/fr\\\/#\\\/schema\\\/logo\\\/image\\\/\",\"url\":\"https:\\\/\\\/www.luxuryvillasibiza.net\\\/wp-content\\\/uploads\\\/2025\\\/01\\\/last-page.jpg\",\"contentUrl\":\"https:\\\/\\\/www.luxuryvillasibiza.net\\\/wp-content\\\/uploads\\\/2025\\\/01\\\/last-page.jpg\",\"width\":1200,\"height\":675,\"caption\":\"CW - Luxury Villas in Ibiza\"},\"image\":{\"@id\":\"https:\\\/\\\/www.luxuryvillasibiza.net\\\/fr\\\/#\\\/schema\\\/logo\\\/image\\\/\"}}]}<\/script>\n<!-- \/ Yoast SEO Premium plugin. -->","yoast_head_json":{"title":"Politique de Confidentialit\u00e9 \u2013 www.luxuryvillasibiza.net","description":"Politique de confidentialit\u00e9 de www.luxuryvillasibiza.net d\u00e9couvrez comment nous collectons, utilisons et prot\u00e9geons vos donn\u00e9es personnelles.","robots":{"index":"index","follow":"follow","max-snippet":"max-snippet:-1","max-image-preview":"max-image-preview:large","max-video-preview":"max-video-preview:-1"},"canonical":"https:\/\/www.luxuryvillasibiza.net\/fr\/politique-de-confidentialite\/","og_locale":"fr_FR","og_type":"article","og_title":"Politique de confidentialit\u00e9","og_description":"Politique de confidentialit\u00e9 de www.luxuryvillasibiza.net d\u00e9couvrez comment nous collectons, utilisons et prot\u00e9geons vos donn\u00e9es personnelles.","og_url":"https:\/\/www.luxuryvillasibiza.net\/fr\/politique-de-confidentialite\/","og_site_name":"CW Group","article_modified_time":"2025-09-19T04:11:31+00:00","og_image":[{"width":500,"height":500,"url":"https:\/\/www.luxuryvillasibiza.net\/wp-content\/uploads\/2024\/05\/logo-copy.jpg","type":"image\/jpeg"}],"twitter_card":"summary_large_image","twitter_misc":{"Dur\u00e9e de lecture estim\u00e9e":"3 minutes"},"schema":{"@context":"https:\/\/schema.org","@graph":[{"@type":"WebPage","@id":"https:\/\/www.luxuryvillasibiza.net\/fr\/politique-de-confidentialite\/","url":"https:\/\/www.luxuryvillasibiza.net\/fr\/politique-de-confidentialite\/","name":"Politique de Confidentialit\u00e9 \u2013 www.luxuryvillasibiza.net","isPartOf":{"@id":"https:\/\/www.luxuryvillasibiza.net\/fr\/#website"},"datePublished":"2023-10-09T19:19:19+00:00","dateModified":"2025-09-19T04:11:31+00:00","description":"Politique de confidentialit\u00e9 de www.luxuryvillasibiza.net d\u00e9couvrez comment nous collectons, utilisons et prot\u00e9geons vos donn\u00e9es personnelles.","breadcrumb":{"@id":"https:\/\/www.luxuryvillasibiza.net\/fr\/politique-de-confidentialite\/#breadcrumb"},"inLanguage":"fr-FR","potentialAction":[{"@type":"ReadAction","target":["https:\/\/www.luxuryvillasibiza.net\/fr\/politique-de-confidentialite\/"]}]},{"@type":"BreadcrumbList","@id":"https:\/\/www.luxuryvillasibiza.net\/fr\/politique-de-confidentialite\/#breadcrumb","itemListElement":[{"@type":"ListItem","position":1,"name":"Home","item":"https:\/\/www.luxuryvillasibiza.net\/fr\/sample-page\/"},{"@type":"ListItem","position":2,"name":"Politique de confidentialit\u00e9"}]},{"@type":"WebSite","@id":"https:\/\/www.luxuryvillasibiza.net\/fr\/#website","url":"https:\/\/www.luxuryvillasibiza.net\/fr\/","name":"CW Group - Real Estate Ibiza","description":"Real Estate Ibiza","publisher":{"@id":"https:\/\/www.luxuryvillasibiza.net\/fr\/#organization"},"alternateName":"CW Group Ibiza","potentialAction":[{"@type":"SearchAction","target":{"@type":"EntryPoint","urlTemplate":"https:\/\/www.luxuryvillasibiza.net\/fr\/?s={search_term_string}"},"query-input":{"@type":"PropertyValueSpecification","valueRequired":true,"valueName":"search_term_string"}}],"inLanguage":"fr-FR"},{"@type":"Organization","@id":"https:\/\/www.luxuryvillasibiza.net\/fr\/#organization","name":"CW - Luxury Villas in Ibiza","alternateName":"Ibiza Real Estate","url":"https:\/\/www.luxuryvillasibiza.net\/fr\/","logo":{"@type":"ImageObject","inLanguage":"fr-FR","@id":"https:\/\/www.luxuryvillasibiza.net\/fr\/#\/schema\/logo\/image\/","url":"https:\/\/www.luxuryvillasibiza.net\/wp-content\/uploads\/2025\/01\/last-page.jpg","contentUrl":"https:\/\/www.luxuryvillasibiza.net\/wp-content\/uploads\/2025\/01\/last-page.jpg","width":1200,"height":675,"caption":"CW - Luxury Villas in Ibiza"},"image":{"@id":"https:\/\/www.luxuryvillasibiza.net\/fr\/#\/schema\/logo\/image\/"}}]}},"_links":{"self":[{"href":"https:\/\/www.luxuryvillasibiza.net\/fr\/wp-json\/wp\/v2\/pages\/49932","targetHints":{"allow":["GET"]}}],"collection":[{"href":"https:\/\/www.luxuryvillasibiza.net\/fr\/wp-json\/wp\/v2\/pages"}],"about":[{"href":"https:\/\/www.luxuryvillasibiza.net\/fr\/wp-json\/wp\/v2\/types\/page"}],"author":[{"embeddable":true,"href":"https:\/\/www.luxuryvillasibiza.net\/fr\/wp-json\/wp\/v2\/users\/1"}],"replies":[{"embeddable":true,"href":"https:\/\/www.luxuryvillasibiza.net\/fr\/wp-json\/wp\/v2\/comments?post=49932"}],"version-history":[{"count":10,"href":"https:\/\/www.luxuryvillasibiza.net\/fr\/wp-json\/wp\/v2\/pages\/49932\/revisions"}],"predecessor-version":[{"id":135608,"href":"https:\/\/www.luxuryvillasibiza.net\/fr\/wp-json\/wp\/v2\/pages\/49932\/revisions\/135608"}],"wp:attachment":[{"href":"https:\/\/www.luxuryvillasibiza.net\/fr\/wp-json\/wp\/v2\/media?parent=49932"}],"curies":[{"name":"wp","href":"https:\/\/api.w.org\/{rel}","templated":true}]}}