{"id":47205,"date":"2023-11-27T18:13:17","date_gmt":"2023-11-27T18:13:17","guid":{"rendered":"https:\/\/www.cwibiza.com\/a-propos-de-cw-group\/"},"modified":"2025-08-30T03:17:40","modified_gmt":"2025-08-30T03:17:40","slug":"informazioni-su-cw-group","status":"publish","type":"page","link":"https:\/\/www.luxuryvillasibiza.net\/it\/informazioni-su-cw-group\/","title":{"rendered":"Informazioni su CW Immobiliare Ibiza"},"content":{"rendered":"<p data-start=\"349\" data-end=\"738\"><strong data-start=\"349\" data-end=\"361\">CW Immobiliare Ibiza<\/strong> \u00e8 un&#8217;agenzia immobiliare affermata, con una lunga esperienza nel settore e una clientela internazionale fidelizzata. La nostra reputazione nel mercato <a href=\"https:\/\/www.luxuryvillasibiza.net\/it\/property\/case-in-vendita-ibiza\/\">immobiliare di Ibiza<\/a> si fonda sulla fiducia, l\u2019integrit\u00e0 e una profonda competenza del territorio.<br data-start=\"611\" data-end=\"614\" \/>Oltre alle ville, offriamo una selezione accurata di <strong data-start=\"667\" data-end=\"699\"><a href=\"https:\/\/www.luxuryvillasibiza.net\/it\/property\/appartamenti-in-vendita-ibiza\/\">appartamenti<\/a>, <a href=\"https:\/\/www.luxuryvillasibiza.net\/it\/property\/terreni-in-vendita-ibiza\/\">terreni<\/a> e <a href=\"https:\/\/www.luxuryvillasibiza.net\/it\/property\/fincas-in-vendita-ibiza\/\">finca<\/a><\/strong>\u00a0in vendita in diverse zone dell\u2019isola.<\/p>\n<p data-start=\"740\" data-end=\"890\">Cerchi una <a href=\"https:\/\/www.luxuryvillasibiza.net\/it\/property\/case-in-vendita-ibiza\/\"><strong data-start=\"751\" data-end=\"778\">casa in vendita a Ibiza<\/strong><\/a>? Il nostro team \u00e8 a tua disposizione per accompagnarti in ogni fase, garantendo affidabilit\u00e0 e professionalit\u00e0. Per superare anche le aspettative pi\u00f9 elevate, il nostro team utilizza strumenti all\u2019avanguardia, una conoscenza approfondita del mercato e una costante dedizione all\u2019eccellenza.<br data-start=\"1070\" data-end=\"1073\" \/>In <strong data-start=\"1076\" data-end=\"1088\">CW Immobiliare Ibiza<\/strong>, siamo orgogliosi del nostro lavoro e ci evolviamo continuamente insieme al dinamico settore immobiliare, grazie all\u2019innovazione e a un impegno instancabile.<\/p>\n<p data-start=\"1248\" data-end=\"1489\">Il nostro team internazionale \u00e8 composto da oltre 10 professionisti provenienti da 5 paesi diversi, inclusi 10 consulenti di vendita dedicati.<br data-start=\"1390\" data-end=\"1393\" \/>Insieme, perseguiamo un unico obiettivo: <strong data-start=\"1434\" data-end=\"1488\">la soddisfazione del cliente e una lealt\u00e0 assoluta<\/strong>.<\/p>\n","protected":false},"excerpt":{"rendered":"<p>CW Immobiliare Ibiza \u00e8 un&#8217;agenzia immobiliare affermata, con una lunga esperienza nel settore e una clientela internazionale fidelizzata. La nostra reputazione nel mercato immobiliare di Ibiza si fonda sulla fiducia, l\u2019integrit\u00e0 e una profonda competenza del territorio.Oltre alle ville, offriamo una selezione accurata di appartamenti, terreni e finca\u00a0in vendita in diverse zone dell\u2019isola. Cerchi una &hellip; <a href=\"https:\/\/www.luxuryvillasibiza.net\/it\/informazioni-su-cw-group\/\" class=\"more-link\">Continue reading<span class=\"screen-reader-text\"> &#8220;Informazioni su CW Immobiliare Ibiza&#8221;<\/span><\/a><\/p>\n","protected":false},"author":1,"featured_media":13745,"parent":0,"menu_order":0,"comment_status":"closed","ping_status":"closed","template":"post-about.php","meta":{"_acf_changed":false,"footnotes":""},"class_list":["post-47205","page","type-page","status-publish","has-post-thumbnail","hentry"],"acf":[],"_links":{"self":[{"href":"https:\/\/www.luxuryvillasibiza.net\/it\/wp-json\/wp\/v2\/pages\/47205","targetHints":{"allow":["GET"]}}],"collection":[{"href":"https:\/\/www.luxuryvillasibiza.net\/it\/wp-json\/wp\/v2\/pages"}],"about":[{"href":"https:\/\/www.luxuryvillasibiza.net\/it\/wp-json\/wp\/v2\/types\/page"}],"author":[{"embeddable":true,"href":"https:\/\/www.luxuryvillasibiza.net\/it\/wp-json\/wp\/v2\/users\/1"}],"replies":[{"embeddable":true,"href":"https:\/\/www.luxuryvillasibiza.net\/it\/wp-json\/wp\/v2\/comments?post=47205"}],"version-history":[{"count":6,"href":"https:\/\/www.luxuryvillasibiza.net\/it\/wp-json\/wp\/v2\/pages\/47205\/revisions"}],"predecessor-version":[{"id":131782,"href":"https:\/\/www.luxuryvillasibiza.net\/it\/wp-json\/wp\/v2\/pages\/47205\/revisions\/131782"}],"wp:featuredmedia":[{"embeddable":true,"href":"https:\/\/www.luxuryvillasibiza.net\/it\/wp-json\/wp\/v2\/media\/13745"}],"wp:attachment":[{"href":"https:\/\/www.luxuryvillasibiza.net\/it\/wp-json\/wp\/v2\/media?parent=47205"}],"curies":[{"name":"wp","href":"https:\/\/api.w.org\/{rel}","templated":true}]}}