{"id":47211,"date":"2024-02-02T04:26:20","date_gmt":"2024-02-02T04:26:20","guid":{"rendered":"https:\/\/www.cwibiza.com\/informazioni-su-cw-group\/team\/"},"modified":"2025-08-30T21:32:14","modified_gmt":"2025-08-30T21:32:14","slug":"team","status":"publish","type":"page","link":"https:\/\/www.luxuryvillasibiza.net\/it\/informazioni-su-cw-group\/team\/","title":{"rendered":"CW Immobiliare Ibiza &#8211; Il nostro eccezionale team"},"content":{"rendered":"<p>Il nostro team ben affiatato di CW <a href=\"https:\/\/www.luxuryvillasibiza.net\/it\/\">Immobiliare Ibiza<\/a> &#8220;Le grandi cose negli affari non vengono mai fatte da una sola persona, ma da un team di persone&#8221;. &#8211; Steve Jobs.<\/p>\n<p>Al centro di CW Immobiliare Ibiza c&#8217;\u00e8 un gruppo dinamico di oltre otto eccellenti professionisti, ognuno dei quali apporta una miscela unica di esperienza e creativit\u00e0. I membri del nostro team non sono solo esperti nei loro rispettivi campi, ma si sforzano anche di eccellere in ogni settore. Incarnano una miscela di dedizione, abilit\u00e0 e ricerca incessante della perfezione, assicurando che ogni compito venga svolto con un alto grado di professionalit\u00e0 ed eleganza.<\/p>\n<p>Il team di CW Immobiliare Ibiza \u00e8 pronto ad affrontare qualsiasi sfida, indipendentemente dalla portata, con una mentalit\u00e0 orientata alla risoluzione dei problemi e uno spirito collaborativo. \u00c8 un onore e un privilegio presentarvi le persone dinamiche che compongono il nostro team.<\/p>\n<p>A testimonianza della nostra diversit\u00e0 e della nostra mentalit\u00e0 globale, il nostro team parla fluentemente un totale di otto lingue. Queste competenze linguistiche non solo migliorano la nostra comunicazione, ma riflettono anche la nostra capacit\u00e0 di interagire con clienti provenienti da contesti culturali diversi, arricchendo l&#8217;esperienza di CW Immobiliare Ibiza.<\/p>\n<h2>Il Team Eccezionale di CW Immobiliare Ibiza<\/h2>\n","protected":false},"excerpt":{"rendered":"<p>Il nostro team ben affiatato di CW Immobiliare Ibiza &#8220;Le grandi cose negli affari non vengono mai fatte da una sola persona, ma da un team di persone&#8221;. &#8211; Steve Jobs. Al centro di CW Immobiliare Ibiza c&#8217;\u00e8 un gruppo dinamico di oltre otto eccellenti professionisti, ognuno dei quali apporta una miscela unica di esperienza &hellip; <a href=\"https:\/\/www.luxuryvillasibiza.net\/it\/informazioni-su-cw-group\/team\/\" class=\"more-link\">Continue reading<span class=\"screen-reader-text\"> &#8220;CW Immobiliare Ibiza &#8211; Il nostro eccezionale team&#8221;<\/span><\/a><\/p>\n","protected":false},"author":1,"featured_media":8615,"parent":47205,"menu_order":0,"comment_status":"closed","ping_status":"closed","template":"page-team.php","meta":{"_acf_changed":false,"footnotes":""},"class_list":["post-47211","page","type-page","status-publish","has-post-thumbnail","hentry"],"acf":[],"_links":{"self":[{"href":"https:\/\/www.luxuryvillasibiza.net\/it\/wp-json\/wp\/v2\/pages\/47211","targetHints":{"allow":["GET"]}}],"collection":[{"href":"https:\/\/www.luxuryvillasibiza.net\/it\/wp-json\/wp\/v2\/pages"}],"about":[{"href":"https:\/\/www.luxuryvillasibiza.net\/it\/wp-json\/wp\/v2\/types\/page"}],"author":[{"embeddable":true,"href":"https:\/\/www.luxuryvillasibiza.net\/it\/wp-json\/wp\/v2\/users\/1"}],"replies":[{"embeddable":true,"href":"https:\/\/www.luxuryvillasibiza.net\/it\/wp-json\/wp\/v2\/comments?post=47211"}],"version-history":[{"count":4,"href":"https:\/\/www.luxuryvillasibiza.net\/it\/wp-json\/wp\/v2\/pages\/47211\/revisions"}],"predecessor-version":[{"id":133748,"href":"https:\/\/www.luxuryvillasibiza.net\/it\/wp-json\/wp\/v2\/pages\/47211\/revisions\/133748"}],"up":[{"embeddable":true,"href":"https:\/\/www.luxuryvillasibiza.net\/it\/wp-json\/wp\/v2\/pages\/47205"}],"wp:featuredmedia":[{"embeddable":true,"href":"https:\/\/www.luxuryvillasibiza.net\/it\/wp-json\/wp\/v2\/media\/8615"}],"wp:attachment":[{"href":"https:\/\/www.luxuryvillasibiza.net\/it\/wp-json\/wp\/v2\/media?parent=47211"}],"curies":[{"name":"wp","href":"https:\/\/api.w.org\/{rel}","templated":true}]}}