{"id":48213,"date":"2023-11-27T18:13:01","date_gmt":"2023-11-27T18:13:01","guid":{"rendered":"https:\/\/www.cwibiza.com\/contatto\/"},"modified":"2025-11-14T09:12:27","modified_gmt":"2025-11-14T09:12:27","slug":"contatto","status":"publish","type":"page","link":"https:\/\/www.luxuryvillasibiza.net\/it\/contatto\/","title":{"rendered":"Contatto CW Immobiliare Ibiza"},"content":{"rendered":"<h3 data-start=\"3009\" data-end=\"3163\">Grazie per la sua richiesta!<\/h3>\n<p data-start=\"3009\" data-end=\"3163\">La ringraziamo per l\u2019interesse mostrato verso CW Real Estate Ibiza e il nostro esclusivo portafoglio immobiliare.<\/p>\n<p data-start=\"3165\" data-end=\"3443\">Desideriamo informarla che, oltre agli immobili visibili online, disponiamo di numerose propriet\u00e0 riservate e non pubblicate (<strong>off-market<\/strong>), accessibili solo tramite la nostra rete privata. Saremo lieti di presentarle personalmente le soluzioni pi\u00f9 adatte alle sue esigenze.<\/p>\n<p data-start=\"3445\" data-end=\"3613\">Se ci comunica il tipo di propriet\u00e0 o la zona di suo interesse, uno dei nostri agenti immobiliari esperti la contatter\u00e0 al pi\u00f9 presto per approfondire i dettagli.<\/p>\n<p data-start=\"3615\" data-end=\"3690\">CW Real Estate Ibiza \u2013 Il suo partner per immobili esclusivi a Ibiza.<\/p>\n","protected":false},"excerpt":{"rendered":"<p>Grazie per la sua richiesta! La ringraziamo per l\u2019interesse mostrato verso CW Real Estate Ibiza e il nostro esclusivo portafoglio immobiliare. Desideriamo informarla che, oltre agli immobili visibili online, disponiamo di numerose propriet\u00e0 riservate e non pubblicate (off-market), accessibili solo tramite la nostra rete privata. Saremo lieti di presentarle personalmente le soluzioni pi\u00f9 adatte alle &hellip; <a href=\"https:\/\/www.luxuryvillasibiza.net\/it\/contatto\/\" class=\"more-link\">Continue reading<span class=\"screen-reader-text\"> &#8220;Contatto CW Immobiliare Ibiza&#8221;<\/span><\/a><\/p>\n","protected":false},"author":1,"featured_media":0,"parent":0,"menu_order":0,"comment_status":"closed","ping_status":"closed","template":"page-contact.php","meta":{"_acf_changed":false,"footnotes":""},"class_list":["post-48213","page","type-page","status-publish","hentry"],"acf":[],"yoast_head":"<!-- This site is optimized with the Yoast SEO Premium plugin v27.3 (Yoast SEO v27.3) - https:\/\/yoast.com\/product\/yoast-seo-premium-wordpress\/ -->\n<title>Contatta CW Immobiliari Ibiza \u2013 Ti risponderemo presto<\/title>\n<meta name=\"description\" content=\"Contatta CW Immobiliari Ibiza. Il nostro team risponder\u00e0 rapidamente e ti aiuter\u00e0 con tutte le informazioni sugli immobili a Ibiza.\" \/>\n<meta name=\"robots\" content=\"index, follow, max-snippet:-1, max-image-preview:large, max-video-preview:-1\" \/>\n<link rel=\"canonical\" href=\"https:\/\/www.luxuryvillasibiza.net\/it\/contatto\/\" \/>\n<meta property=\"og:locale\" content=\"it_IT\" \/>\n<meta property=\"og:type\" content=\"article\" \/>\n<meta property=\"og:title\" content=\"Contatto CW Immobiliare Ibiza\" \/>\n<meta property=\"og:description\" content=\"Contatta CW Immobiliari Ibiza. Il nostro team risponder\u00e0 rapidamente e ti aiuter\u00e0 con tutte le informazioni sugli immobili a Ibiza.\" \/>\n<meta property=\"og:url\" content=\"https:\/\/www.luxuryvillasibiza.net\/it\/contatto\/\" \/>\n<meta property=\"og:site_name\" content=\"CW Group\" \/>\n<meta property=\"article:modified_time\" content=\"2025-11-14T09:12:27+00:00\" \/>\n<meta property=\"og:image\" content=\"https:\/\/www.luxuryvillasibiza.net\/wp-content\/uploads\/2024\/05\/logo-copy.jpg\" \/>\n\t<meta property=\"og:image:width\" content=\"500\" \/>\n\t<meta property=\"og:image:height\" content=\"500\" \/>\n\t<meta property=\"og:image:type\" content=\"image\/jpeg\" \/>\n<meta name=\"twitter:card\" content=\"summary_large_image\" \/>\n<meta name=\"twitter:label1\" content=\"Tempo di lettura stimato\" \/>\n\t<meta name=\"twitter:data1\" content=\"1 minuto\" \/>\n<script type=\"application\/ld+json\" class=\"yoast-schema-graph\">{\"@context\":\"https:\\\/\\\/schema.org\",\"@graph\":[{\"@type\":\"WebPage\",\"@id\":\"https:\\\/\\\/www.luxuryvillasibiza.net\\\/it\\\/contatto\\\/\",\"url\":\"https:\\\/\\\/www.luxuryvillasibiza.net\\\/it\\\/contatto\\\/\",\"name\":\"Contatta CW Immobiliari Ibiza \u2013 Ti risponderemo presto\",\"isPartOf\":{\"@id\":\"https:\\\/\\\/www.luxuryvillasibiza.net\\\/it\\\/#website\"},\"datePublished\":\"2023-11-27T18:13:01+00:00\",\"dateModified\":\"2025-11-14T09:12:27+00:00\",\"description\":\"Contatta CW Immobiliari Ibiza. Il nostro team risponder\u00e0 rapidamente e ti aiuter\u00e0 con tutte le informazioni sugli immobili a Ibiza.\",\"breadcrumb\":{\"@id\":\"https:\\\/\\\/www.luxuryvillasibiza.net\\\/it\\\/contatto\\\/#breadcrumb\"},\"inLanguage\":\"it-IT\",\"potentialAction\":[{\"@type\":\"ReadAction\",\"target\":[\"https:\\\/\\\/www.luxuryvillasibiza.net\\\/it\\\/contatto\\\/\"]}]},{\"@type\":\"BreadcrumbList\",\"@id\":\"https:\\\/\\\/www.luxuryvillasibiza.net\\\/it\\\/contatto\\\/#breadcrumb\",\"itemListElement\":[{\"@type\":\"ListItem\",\"position\":1,\"name\":\"Home\",\"item\":\"https:\\\/\\\/www.luxuryvillasibiza.net\\\/it\\\/\"},{\"@type\":\"ListItem\",\"position\":2,\"name\":\"Contatto CW Immobiliare Ibiza\"}]},{\"@type\":\"WebSite\",\"@id\":\"https:\\\/\\\/www.luxuryvillasibiza.net\\\/it\\\/#website\",\"url\":\"https:\\\/\\\/www.luxuryvillasibiza.net\\\/it\\\/\",\"name\":\"CW Group - Real Estate Ibiza\",\"description\":\"Real Estate Ibiza\",\"publisher\":{\"@id\":\"https:\\\/\\\/www.luxuryvillasibiza.net\\\/it\\\/#organization\"},\"alternateName\":\"CW Group Ibiza\",\"potentialAction\":[{\"@type\":\"SearchAction\",\"target\":{\"@type\":\"EntryPoint\",\"urlTemplate\":\"https:\\\/\\\/www.luxuryvillasibiza.net\\\/it\\\/?s={search_term_string}\"},\"query-input\":{\"@type\":\"PropertyValueSpecification\",\"valueRequired\":true,\"valueName\":\"search_term_string\"}}],\"inLanguage\":\"it-IT\"},{\"@type\":\"Organization\",\"@id\":\"https:\\\/\\\/www.luxuryvillasibiza.net\\\/it\\\/#organization\",\"name\":\"CW - Luxury Villas in Ibiza\",\"alternateName\":\"Ibiza Real Estate\",\"url\":\"https:\\\/\\\/www.luxuryvillasibiza.net\\\/it\\\/\",\"logo\":{\"@type\":\"ImageObject\",\"inLanguage\":\"it-IT\",\"@id\":\"https:\\\/\\\/www.luxuryvillasibiza.net\\\/it\\\/#\\\/schema\\\/logo\\\/image\\\/\",\"url\":\"https:\\\/\\\/www.luxuryvillasibiza.net\\\/wp-content\\\/uploads\\\/2025\\\/01\\\/last-page.jpg\",\"contentUrl\":\"https:\\\/\\\/www.luxuryvillasibiza.net\\\/wp-content\\\/uploads\\\/2025\\\/01\\\/last-page.jpg\",\"width\":1200,\"height\":675,\"caption\":\"CW - Luxury Villas in Ibiza\"},\"image\":{\"@id\":\"https:\\\/\\\/www.luxuryvillasibiza.net\\\/it\\\/#\\\/schema\\\/logo\\\/image\\\/\"}}]}<\/script>\n<!-- \/ Yoast SEO Premium plugin. -->","yoast_head_json":{"title":"Contatta CW Immobiliari Ibiza \u2013 Ti risponderemo presto","description":"Contatta CW Immobiliari Ibiza. Il nostro team risponder\u00e0 rapidamente e ti aiuter\u00e0 con tutte le informazioni sugli immobili a Ibiza.","robots":{"index":"index","follow":"follow","max-snippet":"max-snippet:-1","max-image-preview":"max-image-preview:large","max-video-preview":"max-video-preview:-1"},"canonical":"https:\/\/www.luxuryvillasibiza.net\/it\/contatto\/","og_locale":"it_IT","og_type":"article","og_title":"Contatto CW Immobiliare Ibiza","og_description":"Contatta CW Immobiliari Ibiza. Il nostro team risponder\u00e0 rapidamente e ti aiuter\u00e0 con tutte le informazioni sugli immobili a Ibiza.","og_url":"https:\/\/www.luxuryvillasibiza.net\/it\/contatto\/","og_site_name":"CW Group","article_modified_time":"2025-11-14T09:12:27+00:00","og_image":[{"width":500,"height":500,"url":"https:\/\/www.luxuryvillasibiza.net\/wp-content\/uploads\/2024\/05\/logo-copy.jpg","type":"image\/jpeg"}],"twitter_card":"summary_large_image","twitter_misc":{"Tempo di lettura stimato":"1 minuto"},"schema":{"@context":"https:\/\/schema.org","@graph":[{"@type":"WebPage","@id":"https:\/\/www.luxuryvillasibiza.net\/it\/contatto\/","url":"https:\/\/www.luxuryvillasibiza.net\/it\/contatto\/","name":"Contatta CW Immobiliari Ibiza \u2013 Ti risponderemo presto","isPartOf":{"@id":"https:\/\/www.luxuryvillasibiza.net\/it\/#website"},"datePublished":"2023-11-27T18:13:01+00:00","dateModified":"2025-11-14T09:12:27+00:00","description":"Contatta CW Immobiliari Ibiza. Il nostro team risponder\u00e0 rapidamente e ti aiuter\u00e0 con tutte le informazioni sugli immobili a Ibiza.","breadcrumb":{"@id":"https:\/\/www.luxuryvillasibiza.net\/it\/contatto\/#breadcrumb"},"inLanguage":"it-IT","potentialAction":[{"@type":"ReadAction","target":["https:\/\/www.luxuryvillasibiza.net\/it\/contatto\/"]}]},{"@type":"BreadcrumbList","@id":"https:\/\/www.luxuryvillasibiza.net\/it\/contatto\/#breadcrumb","itemListElement":[{"@type":"ListItem","position":1,"name":"Home","item":"https:\/\/www.luxuryvillasibiza.net\/it\/"},{"@type":"ListItem","position":2,"name":"Contatto CW Immobiliare Ibiza"}]},{"@type":"WebSite","@id":"https:\/\/www.luxuryvillasibiza.net\/it\/#website","url":"https:\/\/www.luxuryvillasibiza.net\/it\/","name":"CW Group - Real Estate Ibiza","description":"Real Estate Ibiza","publisher":{"@id":"https:\/\/www.luxuryvillasibiza.net\/it\/#organization"},"alternateName":"CW Group Ibiza","potentialAction":[{"@type":"SearchAction","target":{"@type":"EntryPoint","urlTemplate":"https:\/\/www.luxuryvillasibiza.net\/it\/?s={search_term_string}"},"query-input":{"@type":"PropertyValueSpecification","valueRequired":true,"valueName":"search_term_string"}}],"inLanguage":"it-IT"},{"@type":"Organization","@id":"https:\/\/www.luxuryvillasibiza.net\/it\/#organization","name":"CW - Luxury Villas in Ibiza","alternateName":"Ibiza Real Estate","url":"https:\/\/www.luxuryvillasibiza.net\/it\/","logo":{"@type":"ImageObject","inLanguage":"it-IT","@id":"https:\/\/www.luxuryvillasibiza.net\/it\/#\/schema\/logo\/image\/","url":"https:\/\/www.luxuryvillasibiza.net\/wp-content\/uploads\/2025\/01\/last-page.jpg","contentUrl":"https:\/\/www.luxuryvillasibiza.net\/wp-content\/uploads\/2025\/01\/last-page.jpg","width":1200,"height":675,"caption":"CW - Luxury Villas in Ibiza"},"image":{"@id":"https:\/\/www.luxuryvillasibiza.net\/it\/#\/schema\/logo\/image\/"}}]}},"_links":{"self":[{"href":"https:\/\/www.luxuryvillasibiza.net\/it\/wp-json\/wp\/v2\/pages\/48213","targetHints":{"allow":["GET"]}}],"collection":[{"href":"https:\/\/www.luxuryvillasibiza.net\/it\/wp-json\/wp\/v2\/pages"}],"about":[{"href":"https:\/\/www.luxuryvillasibiza.net\/it\/wp-json\/wp\/v2\/types\/page"}],"author":[{"embeddable":true,"href":"https:\/\/www.luxuryvillasibiza.net\/it\/wp-json\/wp\/v2\/users\/1"}],"replies":[{"embeddable":true,"href":"https:\/\/www.luxuryvillasibiza.net\/it\/wp-json\/wp\/v2\/comments?post=48213"}],"version-history":[{"count":4,"href":"https:\/\/www.luxuryvillasibiza.net\/it\/wp-json\/wp\/v2\/pages\/48213\/revisions"}],"predecessor-version":[{"id":145508,"href":"https:\/\/www.luxuryvillasibiza.net\/it\/wp-json\/wp\/v2\/pages\/48213\/revisions\/145508"}],"wp:attachment":[{"href":"https:\/\/www.luxuryvillasibiza.net\/it\/wp-json\/wp\/v2\/media?parent=48213"}],"curies":[{"name":"wp","href":"https:\/\/api.w.org\/{rel}","templated":true}]}}